{"id":3772,"date":"2024-04-10T07:04:30","date_gmt":"2024-04-10T05:04:30","guid":{"rendered":"https:\/\/eccentri.co\/?page_id=3772"},"modified":"2024-04-12T08:00:07","modified_gmt":"2024-04-12T06:00:07","slug":"gres-porcelaine-effet-brillant","status":"publish","type":"page","link":"https:\/\/eccentri.co\/fr\/gres-porcelaine-effet-brillant\/","title":{"rendered":"Gr\u00e8s Porcelaine \u00e0 Effet Brillant"},"content":{"rendered":"<div id=\"pl-3772\"  class=\"panel-layout\" ><div id=\"pg-3772-0\"  class=\"panel-grid panel-no-style\" ><div id=\"pgc-3772-0-0\"  class=\"panel-grid-cell\" ><div id=\"panel-3772-0-0-0\" class=\"so-panel widget widget_about panel-first-child panel-last-child\" data-index=\"0\" ><div\n\t\t\t\n\t\t\tclass=\"so-widget-about so-widget-about-base\"\n\t\t\t\n\t\t>\t\t<ul class=\"about-menu\">\n\t\t\t\t\t\t\t\t\t\t<li data-id=\"0\" class=\"tiny\">L'Attrait de la C\u00e9ramique en Gr\u00e8s Porcelaine \u00e0 Effet Brillant<\/li>\n\t\t\t\t\t\t\t<li data-id=\"1\" class=\"tiny\">Avantages Pratiques du Gr\u00e8s Porcelaine \u00e0 Effet Brillant<\/li>\n\t\t\t\t\t<\/ul>\n\t\t<div class=\"about-text\">\n\t\t\t<div class=\"main-column\">\n\t\t\t\t<div class=\"columns-2 about-spacer left row-padding\">\n\t\t\t\t\t<p class=\"very-big\"><br class=\"clear\"><\/p>\n\t\t\t\t<\/div>\n\t\t\t\t<div class=\"columns-6 left\">\n\t\t\t\t\t<h1 class=\"medium-big normal row-padding\">Gr\u00e8s Porcelaine \u00e0 Effet Brillant<\/h1>\n\t\t\t\t\t<!-- \t<div class=\"main-column margin-bottom-2x\">\n\t\t\t\t\t\t<h1 class=\"normal\">Gr\u00e8s Porcelaine \u00e0 Effet Brillant<\/h1>\n\t\t\t\t\t<\/div> -->\n\t\t\t\t\t\t\t\t\t\t\t\t\t\t\t\t<div class=\"section template-4 row-padding\" data-id=\"0\" >\n\t\t\t\t\t\t\t<h2  class=\"normal medium-big columns-3 left\">L'Attrait de la C\u00e9ramique en Gr\u00e8s Porcelaine \u00e0 Effet Brillant<\/h2>\n\t\t\t\t\t\t\t<div class=\"columns-5 left medium-tiny\">\n\t\t\t\t\t\t\t\t<p>Dans le monde du design d'int\u00e9rieur, le choix des mat\u00e9riaux appropri\u00e9s est crucial pour cr\u00e9er une atmosph\u00e8re luxueuse et sophistiqu\u00e9e. Une tendance qui a gagn\u00e9 en popularit\u00e9 est l'utilisation de rev\u00eatements en c\u00e9ramique en <b>Gr\u00e8s Porcelaine \u00e0 Effet Brillant<\/b>. Ce choix exquis n'ajoute pas seulement une touche d'opulence \u00e0 votre espace, mais met \u00e9galement en avant la durabilit\u00e9 et la polyvalence de l'un des mat\u00e9riaux les plus recherch\u00e9s en design d'int\u00e9rieur.<\/p>\n<p><b>L'Attraction Lumineuse du Gr\u00e8s Porcelaine \u00e0 Effet Brillant<\/b><\/p>\n<p>Le <b>Gr\u00e8s Porcelaine \u00e0 Effet Brillant<\/b> offre une brillance distinctive qui capture imm\u00e9diatement l'attention en raison de sa r\u00e9flexion caract\u00e9ristique de la lumi\u00e8re. Un effet qui non seulement souligne l'attrait visuel mais ajoute \u00e9galement une touche de raffinement pouvant am\u00e9liorer l'esth\u00e9tique globale de votre espace. L'un des principaux avantages du <b>gr\u00e8s porcelanat \u00e0 effet brillant<\/b> est sa polyvalence en mati\u00e8re de design. Ces carreaux sont disponibles dans une vari\u00e9t\u00e9 de couleurs, de motifs et de tailles, offrant une libert\u00e9 cr\u00e9ative dans vos projets de design d'int\u00e9rieur. Que vous pr\u00e9f\u00e9riez un look classique et intemporel ou une d\u00e9claration moderne et audacieuse, le gr\u00e8s porcelanat brillant offre la toile parfaite pour donner vie \u00e0 une vision de design tr\u00e8s personnelle.<\/p>\n\t\t\t\t\t\t\t\t\n\t\t\t\t\t\t\t\t\t\t\t\t\t\t\t<\/div>\n\n\t\t\t\t\t\t\t\t\t\t\t\t\t\t\t<br class=\"clear\">\n\t\t\t\t\t\t\t\t<div class=\"image\" style=\"background-image: url(https:\/\/eccentri.co\/wp-content\/uploads\/Prussia_03.jpg)\"><\/div>\n\t\t\t\t\t\t\t\t\t\t\t\t\t\t<br class=\"clear\">\n\t\t\t\t\t\t<\/div>\n\t\t\t\t\t\t\t\t\t\t\t\t\t\t\t\t\t<div class=\"section template-4 row-padding\" data-id=\"1\" >\n\t\t\t\t\t\t\t<h2  class=\"normal medium-big columns-3 left\">Avantages Pratiques du Gr\u00e8s Porcelaine \u00e0 Effet Brillant<\/h2>\n\t\t\t\t\t\t\t<div class=\"columns-5 left medium-tiny\">\n\t\t\t\t\t\t\t\t<p>En plus de son charme esth\u00e9tique, le <b>Gr\u00e8s Porcelaine \u00e0 Effet Brillant<\/b> offre des avantages pratiques qui en font le choix pr\u00e9f\u00e9r\u00e9 de nombreux designers. La finition brillante est non seulement facile \u00e0 nettoyer mais aussi r\u00e9sistante aux taches, en faisant un rev\u00eatement id\u00e9al pour des zones \u00e0 haute fonctionnalit\u00e9 telles que la cuisine ou la salle de bains, sans sacrifier l'esth\u00e9tique. De plus, la nature durable du gr\u00e8s porcelanat garantit la long\u00e9vit\u00e9 des rev\u00eatements choisis, en faisant un investissement \u00e9conomique. Les carreaux en <b>Gr\u00e8s Porcelaine \u00e0 Effet Brillant <\/b>peuvent \u00eatre utilis\u00e9s strat\u00e9giquement comme rev\u00eatement pour un mur d\u00e9coratif ou pour le sol; la surface r\u00e9fl\u00e9chissante peut faire para\u00eetre les espaces limit\u00e9s plus grands, ajoutant une sensation d'ouverture et de l\u00e9g\u00e8ret\u00e9 \u00e0 la maison. Pour garantir que le <b>Gr\u00e8s Porcelaine \u00e0 Effet Brillant<\/b> atteigne son plein potentiel, une installation et un entretien appropri\u00e9s sont cruciaux, il est donc essentiel de faire appel \u00e0 des professionnels de l'industrie et d'\u00e9tablir des routines de nettoyage r\u00e9guli\u00e8res pour pr\u00e9server la beaut\u00e9 des carreaux au fil du temps. Les rev\u00eatements en <b>Gr\u00e8s Porcelaine \u00e0 Effet Brillant<\/b> repr\u00e9sentent une perc\u00e9e dans le monde du design d'int\u00e9rieur, gr\u00e2ce \u00e0 leur capacit\u00e9 \u00e0 cr\u00e9er une atmosph\u00e8re lumineuse et sophistiqu\u00e9e tout en maintenant de nombreux avantages pratiques.<\/p>\n<p><a href=\"https:\/\/eccentri.co\/fr\/collections\/\">D\u00e9couvrez nos collections<\/a><\/p>\n<p>&nbsp;<\/p>\n\t\t\t\t\t\t\t\t\n\t\t\t\t\t\t\t\t\t\t\t\t\t\t\t<\/div>\n\n\t\t\t\t\t\t\t\t\t\t\t\t\t\t\t<br class=\"clear\">\n\t\t\t\t\t\t\t\t<div class=\"image\" style=\"background-image: url()\"><\/div>\n\t\t\t\t\t\t\t\t\t\t\t\t\t\t<br class=\"clear\">\n\t\t\t\t\t\t<\/div>\n\t\t\t\t\t\t\t\t\t\t\t\t\t\t\t<\/div>\n\t\t\t\t<br class=\"clear\">\n\t\t\t<\/div>\n\n\t\t\t\t\t<\/div>\n\t<\/div><\/div><\/div><\/div><\/div><\/div>","protected":false},"excerpt":{"rendered":"<p>L&rsquo;Attrait de la C\u00e9ramique en Gr\u00e8s Porcelaine \u00e0 Effet Brillant Avantages Pratiques du Gr\u00e8s Porcelaine \u00e0 Effet Brillant Gr\u00e8s Porcelaine \u00e0 Effet Brillant L&rsquo;Attrait de la C\u00e9ramique en Gr\u00e8s Porcelaine \u00e0 Effet Brillant Dans le monde du design d&rsquo;int\u00e9rieur, le choix des mat\u00e9riaux appropri\u00e9s est crucial pour cr\u00e9er une atmosph\u00e8re luxueuse et sophistiqu\u00e9e. Une tendance [&hellip;]<\/p>\n","protected":false},"author":1,"featured_media":0,"parent":0,"menu_order":0,"comment_status":"closed","ping_status":"closed","template":"page-qzr-about.php","meta":{"_monsterinsights_skip_tracking":false,"_monsterinsights_sitenote_active":false,"_monsterinsights_sitenote_note":"","_monsterinsights_sitenote_category":0,"footnotes":""},"class_list":["post-3772","page","type-page","status-publish","hentry"],"yoast_head":"<!-- This site is optimized with the Yoast SEO plugin v27.3 - https:\/\/yoast.com\/product\/yoast-seo-wordpress\/ -->\n<title>Gr\u00e8s Porcelaine \u00e0 Effet Brillant - Eccentrico<\/title>\n<meta name=\"description\" content=\"Le gr\u00e8s c\u00e9rame effet brillant offre un \u00e9clat distinctif qui attire imm\u00e9diatement l&#039;attention dans touts les int\u00e9rieurs\" \/>\n<meta name=\"robots\" content=\"index, follow, max-snippet:-1, max-image-preview:large, max-video-preview:-1\" \/>\n<link rel=\"canonical\" href=\"https:\/\/eccentri.co\/fr\/gres-porcelaine-effet-brillant\/\" \/>\n<meta property=\"og:locale\" content=\"fr_FR\" \/>\n<meta property=\"og:type\" content=\"article\" \/>\n<meta property=\"og:title\" content=\"Gr\u00e8s Porcelaine \u00e0 Effet Brillant - Eccentrico\" \/>\n<meta property=\"og:description\" content=\"Le gr\u00e8s c\u00e9rame effet brillant offre un \u00e9clat distinctif qui attire imm\u00e9diatement l&#039;attention dans touts les int\u00e9rieurs\" \/>\n<meta property=\"og:url\" content=\"https:\/\/eccentri.co\/fr\/gres-porcelaine-effet-brillant\/\" \/>\n<meta property=\"og:site_name\" content=\"Eccentrico\" \/>\n<meta property=\"article:modified_time\" content=\"2024-04-12T06:00:07+00:00\" \/>\n<meta name=\"twitter:card\" content=\"summary_large_image\" \/>\n<meta name=\"twitter:label1\" content=\"Dur\u00e9e de lecture estim\u00e9e\" \/>\n\t<meta name=\"twitter:data1\" content=\"3 minutes\" \/>\n<script type=\"application\/ld+json\" class=\"yoast-schema-graph\">{\"@context\":\"https:\\\/\\\/schema.org\",\"@graph\":[{\"@type\":\"WebPage\",\"@id\":\"https:\\\/\\\/eccentri.co\\\/fr\\\/gres-porcelaine-effet-brillant\\\/\",\"url\":\"https:\\\/\\\/eccentri.co\\\/fr\\\/gres-porcelaine-effet-brillant\\\/\",\"name\":\"Gr\u00e8s Porcelaine \u00e0 Effet Brillant - Eccentrico\",\"isPartOf\":{\"@id\":\"https:\\\/\\\/eccentri.co\\\/fr\\\/#website\"},\"datePublished\":\"2024-04-10T05:04:30+00:00\",\"dateModified\":\"2024-04-12T06:00:07+00:00\",\"description\":\"Le gr\u00e8s c\u00e9rame effet brillant offre un \u00e9clat distinctif qui attire imm\u00e9diatement l'attention dans touts les int\u00e9rieurs\",\"breadcrumb\":{\"@id\":\"https:\\\/\\\/eccentri.co\\\/fr\\\/gres-porcelaine-effet-brillant\\\/#breadcrumb\"},\"inLanguage\":\"fr-FR\",\"potentialAction\":[{\"@type\":\"ReadAction\",\"target\":[\"https:\\\/\\\/eccentri.co\\\/fr\\\/gres-porcelaine-effet-brillant\\\/\"]}]},{\"@type\":\"BreadcrumbList\",\"@id\":\"https:\\\/\\\/eccentri.co\\\/fr\\\/gres-porcelaine-effet-brillant\\\/#breadcrumb\",\"itemListElement\":[{\"@type\":\"ListItem\",\"position\":1,\"name\":\"Home\",\"item\":\"https:\\\/\\\/eccentri.co\\\/fr\\\/\"},{\"@type\":\"ListItem\",\"position\":2,\"name\":\"Gr\u00e8s Porcelaine \u00e0 Effet Brillant\"}]},{\"@type\":\"WebSite\",\"@id\":\"https:\\\/\\\/eccentri.co\\\/fr\\\/#website\",\"url\":\"https:\\\/\\\/eccentri.co\\\/fr\\\/\",\"name\":\"Eccentrico\",\"description\":\"\",\"publisher\":{\"@id\":\"https:\\\/\\\/eccentri.co\\\/fr\\\/#organization\"},\"potentialAction\":[{\"@type\":\"SearchAction\",\"target\":{\"@type\":\"EntryPoint\",\"urlTemplate\":\"https:\\\/\\\/eccentri.co\\\/fr\\\/?s={search_term_string}\"},\"query-input\":{\"@type\":\"PropertyValueSpecification\",\"valueRequired\":true,\"valueName\":\"search_term_string\"}}],\"inLanguage\":\"fr-FR\"},{\"@type\":\"Organization\",\"@id\":\"https:\\\/\\\/eccentri.co\\\/fr\\\/#organization\",\"name\":\"Eccentrico by Galileo\",\"url\":\"https:\\\/\\\/eccentri.co\\\/fr\\\/\",\"logo\":{\"@type\":\"ImageObject\",\"inLanguage\":\"fr-FR\",\"@id\":\"https:\\\/\\\/eccentri.co\\\/fr\\\/#\\\/schema\\\/logo\\\/image\\\/\",\"url\":\"https:\\\/\\\/eccentri.co\\\/wp-content\\\/uploads\\\/2019\\\/03\\\/logo_eccentrico.png\",\"contentUrl\":\"https:\\\/\\\/eccentri.co\\\/wp-content\\\/uploads\\\/2019\\\/03\\\/logo_eccentrico.png\",\"width\":1774,\"height\":288,\"caption\":\"Eccentrico by Galileo\"},\"image\":{\"@id\":\"https:\\\/\\\/eccentri.co\\\/fr\\\/#\\\/schema\\\/logo\\\/image\\\/\"}}]}<\/script>\n<!-- \/ Yoast SEO plugin. -->","yoast_head_json":{"title":"Gr\u00e8s Porcelaine \u00e0 Effet Brillant - Eccentrico","description":"Le gr\u00e8s c\u00e9rame effet brillant offre un \u00e9clat distinctif qui attire imm\u00e9diatement l'attention dans touts les int\u00e9rieurs","robots":{"index":"index","follow":"follow","max-snippet":"max-snippet:-1","max-image-preview":"max-image-preview:large","max-video-preview":"max-video-preview:-1"},"canonical":"https:\/\/eccentri.co\/fr\/gres-porcelaine-effet-brillant\/","og_locale":"fr_FR","og_type":"article","og_title":"Gr\u00e8s Porcelaine \u00e0 Effet Brillant - Eccentrico","og_description":"Le gr\u00e8s c\u00e9rame effet brillant offre un \u00e9clat distinctif qui attire imm\u00e9diatement l'attention dans touts les int\u00e9rieurs","og_url":"https:\/\/eccentri.co\/fr\/gres-porcelaine-effet-brillant\/","og_site_name":"Eccentrico","article_modified_time":"2024-04-12T06:00:07+00:00","twitter_card":"summary_large_image","twitter_misc":{"Dur\u00e9e de lecture estim\u00e9e":"3 minutes"},"schema":{"@context":"https:\/\/schema.org","@graph":[{"@type":"WebPage","@id":"https:\/\/eccentri.co\/fr\/gres-porcelaine-effet-brillant\/","url":"https:\/\/eccentri.co\/fr\/gres-porcelaine-effet-brillant\/","name":"Gr\u00e8s Porcelaine \u00e0 Effet Brillant - Eccentrico","isPartOf":{"@id":"https:\/\/eccentri.co\/fr\/#website"},"datePublished":"2024-04-10T05:04:30+00:00","dateModified":"2024-04-12T06:00:07+00:00","description":"Le gr\u00e8s c\u00e9rame effet brillant offre un \u00e9clat distinctif qui attire imm\u00e9diatement l'attention dans touts les int\u00e9rieurs","breadcrumb":{"@id":"https:\/\/eccentri.co\/fr\/gres-porcelaine-effet-brillant\/#breadcrumb"},"inLanguage":"fr-FR","potentialAction":[{"@type":"ReadAction","target":["https:\/\/eccentri.co\/fr\/gres-porcelaine-effet-brillant\/"]}]},{"@type":"BreadcrumbList","@id":"https:\/\/eccentri.co\/fr\/gres-porcelaine-effet-brillant\/#breadcrumb","itemListElement":[{"@type":"ListItem","position":1,"name":"Home","item":"https:\/\/eccentri.co\/fr\/"},{"@type":"ListItem","position":2,"name":"Gr\u00e8s Porcelaine \u00e0 Effet Brillant"}]},{"@type":"WebSite","@id":"https:\/\/eccentri.co\/fr\/#website","url":"https:\/\/eccentri.co\/fr\/","name":"Eccentrico","description":"","publisher":{"@id":"https:\/\/eccentri.co\/fr\/#organization"},"potentialAction":[{"@type":"SearchAction","target":{"@type":"EntryPoint","urlTemplate":"https:\/\/eccentri.co\/fr\/?s={search_term_string}"},"query-input":{"@type":"PropertyValueSpecification","valueRequired":true,"valueName":"search_term_string"}}],"inLanguage":"fr-FR"},{"@type":"Organization","@id":"https:\/\/eccentri.co\/fr\/#organization","name":"Eccentrico by Galileo","url":"https:\/\/eccentri.co\/fr\/","logo":{"@type":"ImageObject","inLanguage":"fr-FR","@id":"https:\/\/eccentri.co\/fr\/#\/schema\/logo\/image\/","url":"https:\/\/eccentri.co\/wp-content\/uploads\/2019\/03\/logo_eccentrico.png","contentUrl":"https:\/\/eccentri.co\/wp-content\/uploads\/2019\/03\/logo_eccentrico.png","width":1774,"height":288,"caption":"Eccentrico by Galileo"},"image":{"@id":"https:\/\/eccentri.co\/fr\/#\/schema\/logo\/image\/"}}]}},"_links":{"self":[{"href":"https:\/\/eccentri.co\/fr\/wp-json\/wp\/v2\/pages\/3772","targetHints":{"allow":["GET"]}}],"collection":[{"href":"https:\/\/eccentri.co\/fr\/wp-json\/wp\/v2\/pages"}],"about":[{"href":"https:\/\/eccentri.co\/fr\/wp-json\/wp\/v2\/types\/page"}],"author":[{"embeddable":true,"href":"https:\/\/eccentri.co\/fr\/wp-json\/wp\/v2\/users\/1"}],"replies":[{"embeddable":true,"href":"https:\/\/eccentri.co\/fr\/wp-json\/wp\/v2\/comments?post=3772"}],"version-history":[{"count":4,"href":"https:\/\/eccentri.co\/fr\/wp-json\/wp\/v2\/pages\/3772\/revisions"}],"predecessor-version":[{"id":3790,"href":"https:\/\/eccentri.co\/fr\/wp-json\/wp\/v2\/pages\/3772\/revisions\/3790"}],"wp:attachment":[{"href":"https:\/\/eccentri.co\/fr\/wp-json\/wp\/v2\/media?parent=3772"}],"curies":[{"name":"wp","href":"https:\/\/api.w.org\/{rel}","templated":true}]}}