{"id":3766,"date":"2024-04-10T07:15:39","date_gmt":"2024-04-10T05:15:39","guid":{"rendered":"https:\/\/eccentri.co\/?page_id=3766"},"modified":"2024-04-10T07:15:39","modified_gmt":"2024-04-10T05:15:39","slug":"gres-cerame-effet-mat","status":"publish","type":"page","link":"https:\/\/eccentri.co\/fr\/gres-cerame-effet-mat\/","title":{"rendered":"Gr\u00e8s c\u00e9rame effet mat"},"content":{"rendered":"<div id=\"pl-3766\"  class=\"panel-layout\" ><div id=\"pg-3766-0\"  class=\"panel-grid panel-no-style\" ><div id=\"pgc-3766-0-0\"  class=\"panel-grid-cell\" ><div id=\"panel-3766-0-0-0\" class=\"so-panel widget widget_about panel-first-child panel-last-child\" data-index=\"0\" ><div\n\t\t\t\n\t\t\tclass=\"so-widget-about so-widget-about-base\"\n\t\t\t\n\t\t>\t\t<ul class=\"about-menu\">\n\t\t\t\t\t\t\t\t\t\t<li data-id=\"0\" class=\"tiny\">\u00c9l\u00e9gance \u00e0 toute jamais: le charme du rev\u00eatement en gr\u00e8s c\u00e9rame effet mat<\/li>\n\t\t\t\t\t\t\t<li data-id=\"1\" class=\"tiny\">Gr\u00e8s c\u00e9rame effet mat: avantages pratiques<\/li>\n\t\t\t\t\t<\/ul>\n\t\t<div class=\"about-text\">\n\t\t\t<div class=\"main-column\">\n\t\t\t\t<div class=\"columns-2 about-spacer left row-padding\">\n\t\t\t\t\t<p class=\"very-big\"><br class=\"clear\"><\/p>\n\t\t\t\t<\/div>\n\t\t\t\t<div class=\"columns-6 left\">\n\t\t\t\t\t<h1 class=\"medium-big normal row-padding\">Gr\u00e8s c\u00e9rame effet mat<\/h1>\n\t\t\t\t\t<!-- \t<div class=\"main-column margin-bottom-2x\">\n\t\t\t\t\t\t<h1 class=\"normal\">Gr\u00e8s c\u00e9rame effet mat<\/h1>\n\t\t\t\t\t<\/div> -->\n\t\t\t\t\t\t\t\t\t\t\t\t\t\t\t\t<div class=\"section template-4 row-padding\" data-id=\"0\" >\n\t\t\t\t\t\t\t<h2  class=\"normal medium-big columns-3 left\">\u00c9l\u00e9gance \u00e0 toute jamais: le charme du rev\u00eatement en gr\u00e8s c\u00e9rame effet mat<\/h2>\n\t\t\t\t\t\t\t<div class=\"columns-5 left medium-tiny\">\n\t\t\t\t\t\t\t\t<p>Dans le vaste monde de la d\u00e9coration int\u00e9rieure, choisir le bon rev\u00eatement est essentiel pour cr\u00e9er un espace de vie qui nous ressemble et qui puisse refl\u00e9ter style et raffinement ou fonctionnalit\u00e9 et praticit\u00e9. Une option de plus en plus populaire qui offre ces deux avantages est le rev\u00eatement en <b>gr\u00e8s c\u00e9rame \u00e0 effet mat<\/b>.<\/p>\n<p><b>La simplicit\u00e9 enchanteresse du gr\u00e8s c\u00e9rame effet mat<\/b><\/p>\n<p>Le rev\u00eatement en <b>gr\u00e8s c\u00e9rame effet mat<\/b> se distingue par son \u00e9l\u00e9gante simplicit\u00e9, loin de l'\u00e9clat qui veut se faire remarquer, et entend plut\u00f4t cr\u00e9er un style sophistiqu\u00e9 et discret. Ce choix de finition convient particuli\u00e8rement \u00e0 ceux qui d\u00e9sirent un style intemporel, avec une touche de sophistication moderne. L\u2019une des caract\u00e9ristiques distinctives du gr\u00e8s c\u00e9rame \u00e0 effet mat est en effet sa polyvalence dans le design. Disponible dans une large gamme de couleurs et de styles, ce type de rev\u00eatement se pr\u00eate \u00e0 de multiples interpr\u00e9tations esth\u00e9tiques. Des tons neutres et classiques aux options plus audacieuses et contemporaines, l'effet mat offre une toile cr\u00e9ative qui s'adapte \u00e0 tout type de projet.<\/p>\n\t\t\t\t\t\t\t\t\n\t\t\t\t\t\t\t\t\t\t\t\t\t\t\t<\/div>\n\n\t\t\t\t\t\t\t\t\t\t\t\t\t\t\t<br class=\"clear\">\n\t\t\t\t\t\t\t\t<div class=\"image\" style=\"background-image: url(https:\/\/eccentri.co\/wp-content\/uploads\/20210716_eccentrico_royal_aprile-1491-1024x1024.jpg)\"><\/div>\n\t\t\t\t\t\t\t\t\t\t\t\t\t\t<br class=\"clear\">\n\t\t\t\t\t\t<\/div>\n\t\t\t\t\t\t\t\t\t\t\t\t\t\t\t\t\t<div class=\"section template-4 row-padding\" data-id=\"1\" >\n\t\t\t\t\t\t\t<h2  class=\"normal medium-big columns-3 left\">Gr\u00e8s c\u00e9rame effet mat: avantages pratiques<\/h2>\n\t\t\t\t\t\t\t<div class=\"columns-5 left medium-tiny\">\n\t\t\t\t\t\t\t\t<p>En plus de son aspect \u00e9l\u00e9gant, le rev\u00eatement en <b>gr\u00e8s c\u00e9rame effet mat<\/b> offre de nombreux avantages pratiques. Sa surface mate est moins sensible aux traces de doigts et aux signes d'usure, conservant ainsi son aspect impeccable au fil du temps. De plus, il est facile \u00e0 nettoyer et n\u00e9cessite moins d\u2019entretien que les finitions plus brillantes. Le rev\u00eatement en <b>gr\u00e8s c\u00e9rame \u00e0 effet mat<\/b> trouve des applications dans de nombreux environnements domestiques. De la cuisine \u00e0 la salle de bain, en passant par la salle \u00e0 manger et au-del\u00e0, sa r\u00e9sistance et sa facilit\u00e9 de nettoyage le rendent id\u00e9al pour les pi\u00e8ces de la maison que nous soumettons \u00e0 un usage plus intense. Ce type particulier de rev\u00eatement peut \u00eatre utilis\u00e9 aussi bien pour les sols que pour les murs, offrant une coh\u00e9sion esth\u00e9tique dans tout l'espace. Pour que le rev\u00eatement en gr\u00e8s c\u00e9rame effet mat conserve sa beaut\u00e9 dans le temps, il est important de suivre les bonnes pratiques d'installation et d'entretien. Nous vous recommandons de faire appel \u00e0 des professionnels experts pour l'installation, garantissant une installation pr\u00e9cise et durable. Pour l'entretien quotidien, nettoyez simplement avec des d\u00e9tergents neutres et un chiffon doux pour pr\u00e9server l'aspect mat.<\/p>\n<p>Le rev\u00eatement en <b>gr\u00e8s c\u00e9rame effet mat<\/b> incarne l'\u00e9l\u00e9gance intemporelle, offrant une solution de design raffin\u00e9e et polyvalente. Avec sa surface mate et sa r\u00e9sistance, ce choix est parfait pour ceux qui recherchent une esth\u00e9tique discr\u00e8te et en m\u00eame temps une simplification du quotidien avec des mat\u00e9riaux faciles d'entretien.<\/p>\n\t\t\t\t\t\t\t\t\n\t\t\t\t\t\t\t\t\t\t\t\t\t\t\t<\/div>\n\n\t\t\t\t\t\t\t\t\t\t\t\t\t\t\t<br class=\"clear\">\n\t\t\t\t\t\t\t\t<div class=\"image\" style=\"background-image: url()\"><\/div>\n\t\t\t\t\t\t\t\t\t\t\t\t\t\t<br class=\"clear\">\n\t\t\t\t\t\t<\/div>\n\t\t\t\t\t\t\t\t\t\t\t\t\t\t\t<\/div>\n\t\t\t\t<br class=\"clear\">\n\t\t\t<\/div>\n\n\t\t\t\t\t<\/div>\n\t<\/div><\/div><\/div><\/div><\/div><\/div>","protected":false},"excerpt":{"rendered":"<p>\u00c9l\u00e9gance \u00e0 toute jamais: le charme du rev\u00eatement en gr\u00e8s c\u00e9rame effet mat Gr\u00e8s c\u00e9rame effet mat: avantages pratiques Gr\u00e8s c\u00e9rame effet mat \u00c9l\u00e9gance \u00e0 toute jamais: le charme du rev\u00eatement en gr\u00e8s c\u00e9rame effet mat Dans le vaste monde de la d\u00e9coration int\u00e9rieure, choisir le bon rev\u00eatement est essentiel pour cr\u00e9er un espace de [&hellip;]<\/p>\n","protected":false},"author":1,"featured_media":0,"parent":0,"menu_order":0,"comment_status":"closed","ping_status":"closed","template":"page-qzr-about.php","meta":{"_monsterinsights_skip_tracking":false,"_monsterinsights_sitenote_active":false,"_monsterinsights_sitenote_note":"","_monsterinsights_sitenote_category":0,"footnotes":""},"class_list":["post-3766","page","type-page","status-publish","hentry"],"yoast_head":"<!-- This site is optimized with the Yoast SEO plugin v27.3 - https:\/\/yoast.com\/product\/yoast-seo-wordpress\/ -->\n<title>Gr\u00e8s c\u00e9rame effet mat - Eccentrico<\/title>\n<meta name=\"description\" content=\"Le rev\u00eatement en gr\u00e8s c\u00e9rame \u00e0 effet mat trouve des applications dans une grande vari\u00e9t\u00e9 d&#039;environnements domestiques.\" \/>\n<meta name=\"robots\" content=\"index, follow, max-snippet:-1, max-image-preview:large, max-video-preview:-1\" \/>\n<link rel=\"canonical\" href=\"https:\/\/eccentri.co\/fr\/gres-cerame-effet-mat\/\" \/>\n<meta property=\"og:locale\" content=\"fr_FR\" \/>\n<meta property=\"og:type\" content=\"article\" \/>\n<meta property=\"og:title\" content=\"Gr\u00e8s c\u00e9rame effet mat - Eccentrico\" \/>\n<meta property=\"og:description\" content=\"Le rev\u00eatement en gr\u00e8s c\u00e9rame \u00e0 effet mat trouve des applications dans une grande vari\u00e9t\u00e9 d&#039;environnements domestiques.\" \/>\n<meta property=\"og:url\" content=\"https:\/\/eccentri.co\/fr\/gres-cerame-effet-mat\/\" \/>\n<meta property=\"og:site_name\" content=\"Eccentrico\" \/>\n<meta name=\"twitter:card\" content=\"summary_large_image\" \/>\n<meta name=\"twitter:label1\" content=\"Dur\u00e9e de lecture estim\u00e9e\" \/>\n\t<meta name=\"twitter:data1\" content=\"3 minutes\" \/>\n<script type=\"application\/ld+json\" class=\"yoast-schema-graph\">{\"@context\":\"https:\\\/\\\/schema.org\",\"@graph\":[{\"@type\":\"WebPage\",\"@id\":\"https:\\\/\\\/eccentri.co\\\/fr\\\/gres-cerame-effet-mat\\\/\",\"url\":\"https:\\\/\\\/eccentri.co\\\/fr\\\/gres-cerame-effet-mat\\\/\",\"name\":\"Gr\u00e8s c\u00e9rame effet mat - Eccentrico\",\"isPartOf\":{\"@id\":\"https:\\\/\\\/eccentri.co\\\/fr\\\/#website\"},\"datePublished\":\"2024-04-10T05:15:39+00:00\",\"description\":\"Le rev\u00eatement en gr\u00e8s c\u00e9rame \u00e0 effet mat trouve des applications dans une grande vari\u00e9t\u00e9 d'environnements domestiques.\",\"breadcrumb\":{\"@id\":\"https:\\\/\\\/eccentri.co\\\/fr\\\/gres-cerame-effet-mat\\\/#breadcrumb\"},\"inLanguage\":\"fr-FR\",\"potentialAction\":[{\"@type\":\"ReadAction\",\"target\":[\"https:\\\/\\\/eccentri.co\\\/fr\\\/gres-cerame-effet-mat\\\/\"]}]},{\"@type\":\"BreadcrumbList\",\"@id\":\"https:\\\/\\\/eccentri.co\\\/fr\\\/gres-cerame-effet-mat\\\/#breadcrumb\",\"itemListElement\":[{\"@type\":\"ListItem\",\"position\":1,\"name\":\"Home\",\"item\":\"https:\\\/\\\/eccentri.co\\\/fr\\\/\"},{\"@type\":\"ListItem\",\"position\":2,\"name\":\"Gr\u00e8s c\u00e9rame effet mat\"}]},{\"@type\":\"WebSite\",\"@id\":\"https:\\\/\\\/eccentri.co\\\/fr\\\/#website\",\"url\":\"https:\\\/\\\/eccentri.co\\\/fr\\\/\",\"name\":\"Eccentrico\",\"description\":\"\",\"publisher\":{\"@id\":\"https:\\\/\\\/eccentri.co\\\/fr\\\/#organization\"},\"potentialAction\":[{\"@type\":\"SearchAction\",\"target\":{\"@type\":\"EntryPoint\",\"urlTemplate\":\"https:\\\/\\\/eccentri.co\\\/fr\\\/?s={search_term_string}\"},\"query-input\":{\"@type\":\"PropertyValueSpecification\",\"valueRequired\":true,\"valueName\":\"search_term_string\"}}],\"inLanguage\":\"fr-FR\"},{\"@type\":\"Organization\",\"@id\":\"https:\\\/\\\/eccentri.co\\\/fr\\\/#organization\",\"name\":\"Eccentrico by Galileo\",\"url\":\"https:\\\/\\\/eccentri.co\\\/fr\\\/\",\"logo\":{\"@type\":\"ImageObject\",\"inLanguage\":\"fr-FR\",\"@id\":\"https:\\\/\\\/eccentri.co\\\/fr\\\/#\\\/schema\\\/logo\\\/image\\\/\",\"url\":\"https:\\\/\\\/eccentri.co\\\/wp-content\\\/uploads\\\/2019\\\/03\\\/logo_eccentrico.png\",\"contentUrl\":\"https:\\\/\\\/eccentri.co\\\/wp-content\\\/uploads\\\/2019\\\/03\\\/logo_eccentrico.png\",\"width\":1774,\"height\":288,\"caption\":\"Eccentrico by Galileo\"},\"image\":{\"@id\":\"https:\\\/\\\/eccentri.co\\\/fr\\\/#\\\/schema\\\/logo\\\/image\\\/\"}}]}<\/script>\n<!-- \/ Yoast SEO plugin. -->","yoast_head_json":{"title":"Gr\u00e8s c\u00e9rame effet mat - Eccentrico","description":"Le rev\u00eatement en gr\u00e8s c\u00e9rame \u00e0 effet mat trouve des applications dans une grande vari\u00e9t\u00e9 d'environnements domestiques.","robots":{"index":"index","follow":"follow","max-snippet":"max-snippet:-1","max-image-preview":"max-image-preview:large","max-video-preview":"max-video-preview:-1"},"canonical":"https:\/\/eccentri.co\/fr\/gres-cerame-effet-mat\/","og_locale":"fr_FR","og_type":"article","og_title":"Gr\u00e8s c\u00e9rame effet mat - Eccentrico","og_description":"Le rev\u00eatement en gr\u00e8s c\u00e9rame \u00e0 effet mat trouve des applications dans une grande vari\u00e9t\u00e9 d'environnements domestiques.","og_url":"https:\/\/eccentri.co\/fr\/gres-cerame-effet-mat\/","og_site_name":"Eccentrico","twitter_card":"summary_large_image","twitter_misc":{"Dur\u00e9e de lecture estim\u00e9e":"3 minutes"},"schema":{"@context":"https:\/\/schema.org","@graph":[{"@type":"WebPage","@id":"https:\/\/eccentri.co\/fr\/gres-cerame-effet-mat\/","url":"https:\/\/eccentri.co\/fr\/gres-cerame-effet-mat\/","name":"Gr\u00e8s c\u00e9rame effet mat - Eccentrico","isPartOf":{"@id":"https:\/\/eccentri.co\/fr\/#website"},"datePublished":"2024-04-10T05:15:39+00:00","description":"Le rev\u00eatement en gr\u00e8s c\u00e9rame \u00e0 effet mat trouve des applications dans une grande vari\u00e9t\u00e9 d'environnements domestiques.","breadcrumb":{"@id":"https:\/\/eccentri.co\/fr\/gres-cerame-effet-mat\/#breadcrumb"},"inLanguage":"fr-FR","potentialAction":[{"@type":"ReadAction","target":["https:\/\/eccentri.co\/fr\/gres-cerame-effet-mat\/"]}]},{"@type":"BreadcrumbList","@id":"https:\/\/eccentri.co\/fr\/gres-cerame-effet-mat\/#breadcrumb","itemListElement":[{"@type":"ListItem","position":1,"name":"Home","item":"https:\/\/eccentri.co\/fr\/"},{"@type":"ListItem","position":2,"name":"Gr\u00e8s c\u00e9rame effet mat"}]},{"@type":"WebSite","@id":"https:\/\/eccentri.co\/fr\/#website","url":"https:\/\/eccentri.co\/fr\/","name":"Eccentrico","description":"","publisher":{"@id":"https:\/\/eccentri.co\/fr\/#organization"},"potentialAction":[{"@type":"SearchAction","target":{"@type":"EntryPoint","urlTemplate":"https:\/\/eccentri.co\/fr\/?s={search_term_string}"},"query-input":{"@type":"PropertyValueSpecification","valueRequired":true,"valueName":"search_term_string"}}],"inLanguage":"fr-FR"},{"@type":"Organization","@id":"https:\/\/eccentri.co\/fr\/#organization","name":"Eccentrico by Galileo","url":"https:\/\/eccentri.co\/fr\/","logo":{"@type":"ImageObject","inLanguage":"fr-FR","@id":"https:\/\/eccentri.co\/fr\/#\/schema\/logo\/image\/","url":"https:\/\/eccentri.co\/wp-content\/uploads\/2019\/03\/logo_eccentrico.png","contentUrl":"https:\/\/eccentri.co\/wp-content\/uploads\/2019\/03\/logo_eccentrico.png","width":1774,"height":288,"caption":"Eccentrico by Galileo"},"image":{"@id":"https:\/\/eccentri.co\/fr\/#\/schema\/logo\/image\/"}}]}},"_links":{"self":[{"href":"https:\/\/eccentri.co\/fr\/wp-json\/wp\/v2\/pages\/3766","targetHints":{"allow":["GET"]}}],"collection":[{"href":"https:\/\/eccentri.co\/fr\/wp-json\/wp\/v2\/pages"}],"about":[{"href":"https:\/\/eccentri.co\/fr\/wp-json\/wp\/v2\/types\/page"}],"author":[{"embeddable":true,"href":"https:\/\/eccentri.co\/fr\/wp-json\/wp\/v2\/users\/1"}],"replies":[{"embeddable":true,"href":"https:\/\/eccentri.co\/fr\/wp-json\/wp\/v2\/comments?post=3766"}],"version-history":[{"count":3,"href":"https:\/\/eccentri.co\/fr\/wp-json\/wp\/v2\/pages\/3766\/revisions"}],"predecessor-version":[{"id":3792,"href":"https:\/\/eccentri.co\/fr\/wp-json\/wp\/v2\/pages\/3766\/revisions\/3792"}],"wp:attachment":[{"href":"https:\/\/eccentri.co\/fr\/wp-json\/wp\/v2\/media?parent=3766"}],"curies":[{"name":"wp","href":"https:\/\/api.w.org\/{rel}","templated":true}]}}