{"id":3760,"date":"2024-04-10T07:18:59","date_gmt":"2024-04-10T05:18:59","guid":{"rendered":"https:\/\/eccentri.co\/?page_id=3760"},"modified":"2024-04-12T08:01:40","modified_gmt":"2024-04-12T06:01:40","slug":"carrelages-verts-pour-interieur","status":"publish","type":"page","link":"https:\/\/eccentri.co\/fr\/carrelages-verts-pour-interieur\/","title":{"rendered":"Carrelages Verts pour l&rsquo;Int\u00e9rieur"},"content":{"rendered":"<div id=\"pl-3760\"  class=\"panel-layout\" ><div id=\"pg-3760-0\"  class=\"panel-grid panel-no-style\" ><div id=\"pgc-3760-0-0\"  class=\"panel-grid-cell\" ><div id=\"panel-3760-0-0-0\" class=\"so-panel widget widget_about panel-first-child panel-last-child\" data-index=\"0\" ><div\n\t\t\t\n\t\t\tclass=\"so-widget-about so-widget-about-base\"\n\t\t\t\n\t\t>\t\t<ul class=\"about-menu\">\n\t\t\t\t\t\t\t\t\t\t<li data-id=\"0\" class=\"tiny\">Carrelages Verts pour l'Int\u00e9rieur: Une Touche de Fra\u00eecheur et de Style<\/li>\n\t\t\t\t\t\t\t<li data-id=\"1\" class=\"tiny\">Des solutions de rev\u00eatement originales avec les carrelages verts pour l'int\u00e9rieur<\/li>\n\t\t\t\t\t<\/ul>\n\t\t<div class=\"about-text\">\n\t\t\t<div class=\"main-column\">\n\t\t\t\t<div class=\"columns-2 about-spacer left row-padding\">\n\t\t\t\t\t<p class=\"very-big\"><br class=\"clear\"><\/p>\n\t\t\t\t<\/div>\n\t\t\t\t<div class=\"columns-6 left\">\n\t\t\t\t\t<h1 class=\"medium-big normal row-padding\">Carrelages Verts pour l&rsquo;Int\u00e9rieur<\/h1>\n\t\t\t\t\t<!-- \t<div class=\"main-column margin-bottom-2x\">\n\t\t\t\t\t\t<h1 class=\"normal\">Carrelages Verts pour l&rsquo;Int\u00e9rieur<\/h1>\n\t\t\t\t\t<\/div> -->\n\t\t\t\t\t\t\t\t\t\t\t\t\t\t\t\t<div class=\"section template-4 row-padding\" data-id=\"0\" >\n\t\t\t\t\t\t\t<h2  class=\"normal medium-big columns-3 left\">Carrelages Verts pour l'Int\u00e9rieur: Une Touche de Fra\u00eecheur et de Style<\/h2>\n\t\t\t\t\t\t\t<div class=\"columns-5 left medium-tiny\">\n\t\t\t\t\t\t\t\t<p>Les <b>carrelages verts pour l'int\u00e9rieur<\/b> en gr\u00e8s c\u00e9rame gagnent de plus en plus en popularit\u00e9 dans le monde du design int\u00e9rieur, offrant une touche de fra\u00eecheur et un style distinctif \u00e0 tout environnement. Ce choix de couleur conf\u00e8re non seulement une sensation de nature et de tranquillit\u00e9, mais ajoute \u00e9galement un \u00e9l\u00e9ment de design audacieux et moderne \u00e0 tout type d'espace.<\/p>\n<p><b>Le choix du vert dans le design: la teinte de la nature dans vos int\u00e9rieurs<\/b><\/p>\n<p>Le vert est universellement associ\u00e9 \u00e0 la nature, \u00e0 la r\u00e9g\u00e9n\u00e9ration et \u00e0 la fra\u00eecheur. Utiliser des <b>carrelages verts \u00e0 l'int\u00e9rieur<\/b> de votre maison ou de votre bureau peut cr\u00e9er une atmosph\u00e8re relaxante et sereine. De la teinte pastel au vert fonc\u00e9 de la for\u00eat, la gamme de couleurs offre de multiples options pour s'adapter \u00e0 diff\u00e9rentes pr\u00e9f\u00e9rences de design: choisir la teinte de vert parfaite est essentiel pour obtenir l'esth\u00e9tique d\u00e9sir\u00e9e. Il est crucial, \u00e0 cet \u00e9gard, de prendre en compte la palette de couleurs existante dans la pi\u00e8ce, la quantit\u00e9 de lumi\u00e8re naturelle et l'atmosph\u00e8re g\u00e9n\u00e9rale que vous souhaitez cr\u00e9er. Les verts plus clairs peuvent donner l'impression d'un espace a\u00e9r\u00e9 et ouvert, par exemple, tandis que les teintes plus sombres ajoutent de la profondeur et de la sophistication \u00e0 l'environnement. Comprendre l'impact psychologique de chaque teinte est la premi\u00e8re \u00e9tape pour obtenir un r\u00e9sultat en harmonie avec vos objectifs de conception.<\/p>\n\t\t\t\t\t\t\t\t\n\t\t\t\t\t\t\t\t\t\t\t\t\t\t\t<\/div>\n\n\t\t\t\t\t\t\t\t\t\t\t\t\t\t\t<br class=\"clear\">\n\t\t\t\t\t\t\t\t<div class=\"image\" style=\"background-image: url(https:\/\/eccentri.co\/wp-content\/uploads\/03_Forest_Green_Hall-724x1024.jpg)\"><\/div>\n\t\t\t\t\t\t\t\t\t\t\t\t\t\t<br class=\"clear\">\n\t\t\t\t\t\t<\/div>\n\t\t\t\t\t\t\t\t\t\t\t\t\t\t\t\t\t<div class=\"section template-4 row-padding\" data-id=\"1\" >\n\t\t\t\t\t\t\t<h2  class=\"normal medium-big columns-3 left\">Des solutions de rev\u00eatement originales avec les carrelages verts pour l'int\u00e9rieur<\/h2>\n\t\t\t\t\t\t\t<div class=\"columns-5 left medium-tiny\">\n\t\t\t\t\t\t\t\t<p>Les <b>carrelages verts pour l'int\u00e9rieur <\/b>offrent une polyvalence \u00e9tonnante. Ils peuvent \u00eatre utilis\u00e9s de diff\u00e9rentes mani\u00e8res, que ce soit pour rev\u00eatir les sols ou d\u00e9corer les murs. Le choix de la disposition et du design peut varier du classique au contemporain, permettant une personnalisation compl\u00e8te de l'espace. Cette couleur est \u00e9galement connue pour ses effets apaisants et relaxants. Les carrelages verts peuvent contribuer \u00e0 cr\u00e9er une atmosph\u00e8re harmonieuse et tranquille, id\u00e9ale pour les coins d\u00e9tente o\u00f9 l'on cherche une pause du tumulte quotidien.<\/p>\n<p>Int\u00e9grer des <b>carrelages verts \u00e0 l'int\u00e9rieur <\/b>permet d'ajouter des accents cr\u00e9atifs \u00e0 tout type d'espace pour obtenir diff\u00e9rentes nuances et effets uniques, tels que des d\u00e9corations murales pour des solutions de rev\u00eatement vives et originales. Les carrelages verts en gr\u00e8s c\u00e9rame offrent \u00e9galement des avantages en termes de durabilit\u00e9 et d'entretien, tout en apportant une touche de fra\u00eecheur et de style \u00e0 votre espace de vie.<\/p>\n<p><a href=\"https:\/\/eccentri.co\/fr\/collections\/\">D\u00e9couvrez nos collections<\/a><\/p>\n\t\t\t\t\t\t\t\t\n\t\t\t\t\t\t\t\t\t\t\t\t\t\t\t<\/div>\n\n\t\t\t\t\t\t\t\t\t\t\t\t\t\t\t<br class=\"clear\">\n\t\t\t\t\t\t\t\t<div class=\"image\" style=\"background-image: url()\"><\/div>\n\t\t\t\t\t\t\t\t\t\t\t\t\t\t<br class=\"clear\">\n\t\t\t\t\t\t<\/div>\n\t\t\t\t\t\t\t\t\t\t\t\t\t\t\t<\/div>\n\t\t\t\t<br class=\"clear\">\n\t\t\t<\/div>\n\n\t\t\t\t\t<\/div>\n\t<\/div><\/div><\/div><\/div><\/div><\/div>","protected":false},"excerpt":{"rendered":"<p>Carrelages Verts pour l&rsquo;Int\u00e9rieur: Une Touche de Fra\u00eecheur et de Style Des solutions de rev\u00eatement originales avec les carrelages verts pour l&rsquo;int\u00e9rieur Carrelages Verts pour l&rsquo;Int\u00e9rieur Carrelages Verts pour l&rsquo;Int\u00e9rieur: Une Touche de Fra\u00eecheur et de Style Les carrelages verts pour l&rsquo;int\u00e9rieur en gr\u00e8s c\u00e9rame gagnent de plus en plus en popularit\u00e9 dans le monde [&hellip;]<\/p>\n","protected":false},"author":1,"featured_media":0,"parent":0,"menu_order":0,"comment_status":"closed","ping_status":"closed","template":"page-qzr-about.php","meta":{"_monsterinsights_skip_tracking":false,"_monsterinsights_sitenote_active":false,"_monsterinsights_sitenote_note":"","_monsterinsights_sitenote_category":0,"footnotes":""},"class_list":["post-3760","page","type-page","status-publish","hentry"],"yoast_head":"<!-- This site is optimized with the Yoast SEO plugin v27.3 - https:\/\/yoast.com\/product\/yoast-seo-wordpress\/ -->\n<title>Carrelages Verts pour l&#039;Int\u00e9rieur - Eccentrico<\/title>\n<meta name=\"description\" content=\"Les carreaux d\u2019int\u00e9rieur verts offrent une polyvalence surprenante. Ils peuvent \u00eatre utilis\u00e9s pour recouvrir les sols et d\u00e9corer les murs.\" \/>\n<meta name=\"robots\" content=\"index, follow, max-snippet:-1, max-image-preview:large, max-video-preview:-1\" \/>\n<link rel=\"canonical\" href=\"https:\/\/eccentri.co\/fr\/carrelages-verts-pour-interieur\/\" \/>\n<meta property=\"og:locale\" content=\"fr_FR\" \/>\n<meta property=\"og:type\" content=\"article\" \/>\n<meta property=\"og:title\" content=\"Carrelages Verts pour l&#039;Int\u00e9rieur - Eccentrico\" \/>\n<meta property=\"og:description\" content=\"Les carreaux d\u2019int\u00e9rieur verts offrent une polyvalence surprenante. Ils peuvent \u00eatre utilis\u00e9s pour recouvrir les sols et d\u00e9corer les murs.\" \/>\n<meta property=\"og:url\" content=\"https:\/\/eccentri.co\/fr\/carrelages-verts-pour-interieur\/\" \/>\n<meta property=\"og:site_name\" content=\"Eccentrico\" \/>\n<meta property=\"article:modified_time\" content=\"2024-04-12T06:01:40+00:00\" \/>\n<meta name=\"twitter:card\" content=\"summary_large_image\" \/>\n<meta name=\"twitter:label1\" content=\"Dur\u00e9e de lecture estim\u00e9e\" \/>\n\t<meta name=\"twitter:data1\" content=\"3 minutes\" \/>\n<script type=\"application\/ld+json\" class=\"yoast-schema-graph\">{\"@context\":\"https:\\\/\\\/schema.org\",\"@graph\":[{\"@type\":\"WebPage\",\"@id\":\"https:\\\/\\\/eccentri.co\\\/fr\\\/carrelages-verts-pour-interieur\\\/\",\"url\":\"https:\\\/\\\/eccentri.co\\\/fr\\\/carrelages-verts-pour-interieur\\\/\",\"name\":\"Carrelages Verts pour l'Int\u00e9rieur - Eccentrico\",\"isPartOf\":{\"@id\":\"https:\\\/\\\/eccentri.co\\\/fr\\\/#website\"},\"datePublished\":\"2024-04-10T05:18:59+00:00\",\"dateModified\":\"2024-04-12T06:01:40+00:00\",\"description\":\"Les carreaux d\u2019int\u00e9rieur verts offrent une polyvalence surprenante. Ils peuvent \u00eatre utilis\u00e9s pour recouvrir les sols et d\u00e9corer les murs.\",\"breadcrumb\":{\"@id\":\"https:\\\/\\\/eccentri.co\\\/fr\\\/carrelages-verts-pour-interieur\\\/#breadcrumb\"},\"inLanguage\":\"fr-FR\",\"potentialAction\":[{\"@type\":\"ReadAction\",\"target\":[\"https:\\\/\\\/eccentri.co\\\/fr\\\/carrelages-verts-pour-interieur\\\/\"]}]},{\"@type\":\"BreadcrumbList\",\"@id\":\"https:\\\/\\\/eccentri.co\\\/fr\\\/carrelages-verts-pour-interieur\\\/#breadcrumb\",\"itemListElement\":[{\"@type\":\"ListItem\",\"position\":1,\"name\":\"Home\",\"item\":\"https:\\\/\\\/eccentri.co\\\/fr\\\/\"},{\"@type\":\"ListItem\",\"position\":2,\"name\":\"Carrelages Verts pour l&#8217;Int\u00e9rieur\"}]},{\"@type\":\"WebSite\",\"@id\":\"https:\\\/\\\/eccentri.co\\\/fr\\\/#website\",\"url\":\"https:\\\/\\\/eccentri.co\\\/fr\\\/\",\"name\":\"Eccentrico\",\"description\":\"\",\"publisher\":{\"@id\":\"https:\\\/\\\/eccentri.co\\\/fr\\\/#organization\"},\"potentialAction\":[{\"@type\":\"SearchAction\",\"target\":{\"@type\":\"EntryPoint\",\"urlTemplate\":\"https:\\\/\\\/eccentri.co\\\/fr\\\/?s={search_term_string}\"},\"query-input\":{\"@type\":\"PropertyValueSpecification\",\"valueRequired\":true,\"valueName\":\"search_term_string\"}}],\"inLanguage\":\"fr-FR\"},{\"@type\":\"Organization\",\"@id\":\"https:\\\/\\\/eccentri.co\\\/fr\\\/#organization\",\"name\":\"Eccentrico by Galileo\",\"url\":\"https:\\\/\\\/eccentri.co\\\/fr\\\/\",\"logo\":{\"@type\":\"ImageObject\",\"inLanguage\":\"fr-FR\",\"@id\":\"https:\\\/\\\/eccentri.co\\\/fr\\\/#\\\/schema\\\/logo\\\/image\\\/\",\"url\":\"https:\\\/\\\/eccentri.co\\\/wp-content\\\/uploads\\\/2019\\\/03\\\/logo_eccentrico.png\",\"contentUrl\":\"https:\\\/\\\/eccentri.co\\\/wp-content\\\/uploads\\\/2019\\\/03\\\/logo_eccentrico.png\",\"width\":1774,\"height\":288,\"caption\":\"Eccentrico by Galileo\"},\"image\":{\"@id\":\"https:\\\/\\\/eccentri.co\\\/fr\\\/#\\\/schema\\\/logo\\\/image\\\/\"}}]}<\/script>\n<!-- \/ Yoast SEO plugin. -->","yoast_head_json":{"title":"Carrelages Verts pour l'Int\u00e9rieur - Eccentrico","description":"Les carreaux d\u2019int\u00e9rieur verts offrent une polyvalence surprenante. Ils peuvent \u00eatre utilis\u00e9s pour recouvrir les sols et d\u00e9corer les murs.","robots":{"index":"index","follow":"follow","max-snippet":"max-snippet:-1","max-image-preview":"max-image-preview:large","max-video-preview":"max-video-preview:-1"},"canonical":"https:\/\/eccentri.co\/fr\/carrelages-verts-pour-interieur\/","og_locale":"fr_FR","og_type":"article","og_title":"Carrelages Verts pour l'Int\u00e9rieur - Eccentrico","og_description":"Les carreaux d\u2019int\u00e9rieur verts offrent une polyvalence surprenante. Ils peuvent \u00eatre utilis\u00e9s pour recouvrir les sols et d\u00e9corer les murs.","og_url":"https:\/\/eccentri.co\/fr\/carrelages-verts-pour-interieur\/","og_site_name":"Eccentrico","article_modified_time":"2024-04-12T06:01:40+00:00","twitter_card":"summary_large_image","twitter_misc":{"Dur\u00e9e de lecture estim\u00e9e":"3 minutes"},"schema":{"@context":"https:\/\/schema.org","@graph":[{"@type":"WebPage","@id":"https:\/\/eccentri.co\/fr\/carrelages-verts-pour-interieur\/","url":"https:\/\/eccentri.co\/fr\/carrelages-verts-pour-interieur\/","name":"Carrelages Verts pour l'Int\u00e9rieur - Eccentrico","isPartOf":{"@id":"https:\/\/eccentri.co\/fr\/#website"},"datePublished":"2024-04-10T05:18:59+00:00","dateModified":"2024-04-12T06:01:40+00:00","description":"Les carreaux d\u2019int\u00e9rieur verts offrent une polyvalence surprenante. Ils peuvent \u00eatre utilis\u00e9s pour recouvrir les sols et d\u00e9corer les murs.","breadcrumb":{"@id":"https:\/\/eccentri.co\/fr\/carrelages-verts-pour-interieur\/#breadcrumb"},"inLanguage":"fr-FR","potentialAction":[{"@type":"ReadAction","target":["https:\/\/eccentri.co\/fr\/carrelages-verts-pour-interieur\/"]}]},{"@type":"BreadcrumbList","@id":"https:\/\/eccentri.co\/fr\/carrelages-verts-pour-interieur\/#breadcrumb","itemListElement":[{"@type":"ListItem","position":1,"name":"Home","item":"https:\/\/eccentri.co\/fr\/"},{"@type":"ListItem","position":2,"name":"Carrelages Verts pour l&#8217;Int\u00e9rieur"}]},{"@type":"WebSite","@id":"https:\/\/eccentri.co\/fr\/#website","url":"https:\/\/eccentri.co\/fr\/","name":"Eccentrico","description":"","publisher":{"@id":"https:\/\/eccentri.co\/fr\/#organization"},"potentialAction":[{"@type":"SearchAction","target":{"@type":"EntryPoint","urlTemplate":"https:\/\/eccentri.co\/fr\/?s={search_term_string}"},"query-input":{"@type":"PropertyValueSpecification","valueRequired":true,"valueName":"search_term_string"}}],"inLanguage":"fr-FR"},{"@type":"Organization","@id":"https:\/\/eccentri.co\/fr\/#organization","name":"Eccentrico by Galileo","url":"https:\/\/eccentri.co\/fr\/","logo":{"@type":"ImageObject","inLanguage":"fr-FR","@id":"https:\/\/eccentri.co\/fr\/#\/schema\/logo\/image\/","url":"https:\/\/eccentri.co\/wp-content\/uploads\/2019\/03\/logo_eccentrico.png","contentUrl":"https:\/\/eccentri.co\/wp-content\/uploads\/2019\/03\/logo_eccentrico.png","width":1774,"height":288,"caption":"Eccentrico by Galileo"},"image":{"@id":"https:\/\/eccentri.co\/fr\/#\/schema\/logo\/image\/"}}]}},"_links":{"self":[{"href":"https:\/\/eccentri.co\/fr\/wp-json\/wp\/v2\/pages\/3760","targetHints":{"allow":["GET"]}}],"collection":[{"href":"https:\/\/eccentri.co\/fr\/wp-json\/wp\/v2\/pages"}],"about":[{"href":"https:\/\/eccentri.co\/fr\/wp-json\/wp\/v2\/types\/page"}],"author":[{"embeddable":true,"href":"https:\/\/eccentri.co\/fr\/wp-json\/wp\/v2\/users\/1"}],"replies":[{"embeddable":true,"href":"https:\/\/eccentri.co\/fr\/wp-json\/wp\/v2\/comments?post=3760"}],"version-history":[{"count":4,"href":"https:\/\/eccentri.co\/fr\/wp-json\/wp\/v2\/pages\/3760\/revisions"}],"predecessor-version":[{"id":3879,"href":"https:\/\/eccentri.co\/fr\/wp-json\/wp\/v2\/pages\/3760\/revisions\/3879"}],"wp:attachment":[{"href":"https:\/\/eccentri.co\/fr\/wp-json\/wp\/v2\/media?parent=3760"}],"curies":[{"name":"wp","href":"https:\/\/api.w.org\/{rel}","templated":true}]}}