{"id":3754,"date":"2024-04-10T07:22:16","date_gmt":"2024-04-10T05:22:16","guid":{"rendered":"https:\/\/eccentri.co\/?page_id=3754"},"modified":"2024-04-12T08:01:06","modified_gmt":"2024-04-12T06:01:06","slug":"carreaux-grand-format","status":"publish","type":"page","link":"https:\/\/eccentri.co\/fr\/carreaux-grand-format\/","title":{"rendered":"Carreaux de Grand Format"},"content":{"rendered":"<div id=\"pl-3754\"  class=\"panel-layout\" ><div id=\"pg-3754-0\"  class=\"panel-grid panel-no-style\" ><div id=\"pgc-3754-0-0\"  class=\"panel-grid-cell\" ><div id=\"panel-3754-0-0-0\" class=\"so-panel widget widget_about panel-first-child panel-last-child\" data-index=\"0\" ><div\n\t\t\t\n\t\t\tclass=\"so-widget-about so-widget-about-base\"\n\t\t\t\n\t\t>\t\t<ul class=\"about-menu\">\n\t\t\t\t\t\t\t\t\t\t<li data-id=\"0\" class=\"tiny\">L'Attrait des Carreaux de Grand Format dans le Design Int\u00e9rieur<\/li>\n\t\t\t\t\t\t\t<li data-id=\"1\" class=\"tiny\">Carreaux de grand format: applications Pratiques et Conseils d'Installation<\/li>\n\t\t\t\t\t<\/ul>\n\t\t<div class=\"about-text\">\n\t\t\t<div class=\"main-column\">\n\t\t\t\t<div class=\"columns-2 about-spacer left row-padding\">\n\t\t\t\t\t<p class=\"very-big\"><br class=\"clear\"><\/p>\n\t\t\t\t<\/div>\n\t\t\t\t<div class=\"columns-6 left\">\n\t\t\t\t\t<h1 class=\"medium-big normal row-padding\">Carreaux de Grand Format<\/h1>\n\t\t\t\t\t<!-- \t<div class=\"main-column margin-bottom-2x\">\n\t\t\t\t\t\t<h1 class=\"normal\">Carreaux de Grand Format<\/h1>\n\t\t\t\t\t<\/div> -->\n\t\t\t\t\t\t\t\t\t\t\t\t\t\t\t\t<div class=\"section template-4 row-padding\" data-id=\"0\" >\n\t\t\t\t\t\t\t<h2  class=\"normal medium-big columns-3 left\">L'Attrait des Carreaux de Grand Format dans le Design Int\u00e9rieur<\/h2>\n\t\t\t\t\t\t\t<div class=\"columns-5 left medium-tiny\">\n\t\t\t\t\t\t\t\t<p>Dans le domaine du design int\u00e9rieur, les <b>carreaux de grand format<\/b> deviennent rapidement un choix audacieux et moderne qui transforme les espaces en chefs-d'\u0153uvre architecturaux. Ces carreaux de taille g\u00e9n\u00e9reuse apportent avec eux une gamme d'avantages esth\u00e9tiques et fonctionnels. Dans cet article, nous explorerons l'attrait des <b>carreaux de grand format<\/b>, examinant leurs avantages, les possibilit\u00e9s de design et l'impact qu'ils peuvent avoir sur le design int\u00e9rieur.<\/p>\n<p><b>Dimensions Impressionnantes, Impact \u00c9l\u00e9gant<\/b><\/p>\n<p>Les <b>carreaux de grand format<\/b> se distinguent par leurs dimensions impressionnantes, souvent sup\u00e9rieures \u00e0 60x60 centim\u00e8tres. Cette ampleur offre une sensation imm\u00e9diate d'ouverture et r\u00e9duit le nombre de lignes de joint visibles, cr\u00e9ant une apparence plus propre et plus \u00e9l\u00e9gante. Cet impact visuel peut transformer radicalement un espace, lui conf\u00e9rant une sensation de grandeur et de modernit\u00e9. Une des caract\u00e9ristiques les plus frappantes des <b>carreaux de grand format<\/b> est leur capacit\u00e9 \u00e0 cr\u00e9er une sensation de continuit\u00e9 visuelle et d'ampleur. Dans des espaces plus restreints, tels que les salles de bains ou les cuisines, l'utilisation de ces carreaux \u00e9limine la perception d'interruptions visuelles, donnant l'impression que les murs sont plus larges et plus uniformes. Les lignes de joint entre les carreaux sont r\u00e9duites au minimum avec les <b>carreaux de grand format<\/b>, cr\u00e9ant une surface plus uniforme et propre. Cela contribue non seulement \u00e0 une esth\u00e9tique moderne, mais simplifie \u00e9galement le nettoyage, r\u00e9duisant les efforts n\u00e9cessaires pour maintenir l'espace en conditions impeccables. Les <b>carreaux de grand format<\/b> ouvrent un monde de possibilit\u00e9s cr\u00e9atives pour les designers. Ils peuvent \u00eatre utilis\u00e9s de diverses mani\u00e8res, des sols et des murs au rev\u00eatement de meubles ou de surfaces horizontales. La continuit\u00e9 visuelle qu'ils offrent permet une conception plus audacieuse et innovante, cr\u00e9ant un style unique et distinctif.<\/p>\n\t\t\t\t\t\t\t\t\n\t\t\t\t\t\t\t\t\t\t\t\t\t\t\t<\/div>\n\n\t\t\t\t\t\t\t\t\t\t\t\t\t\t\t<br class=\"clear\">\n\t\t\t\t\t\t\t\t<div class=\"image\" style=\"background-image: url(https:\/\/eccentri.co\/wp-content\/uploads\/Industrial_01-723x1024.jpg)\"><\/div>\n\t\t\t\t\t\t\t\t\t\t\t\t\t\t<br class=\"clear\">\n\t\t\t\t\t\t<\/div>\n\t\t\t\t\t\t\t\t\t\t\t\t\t\t\t\t\t<div class=\"section template-4 row-padding\" data-id=\"1\" >\n\t\t\t\t\t\t\t<h2  class=\"normal medium-big columns-3 left\">Carreaux de grand format: applications Pratiques et Conseils d'Installation<\/h2>\n\t\t\t\t\t\t\t<div class=\"columns-5 left medium-tiny\">\n\t\t\t\t\t\t\t\t<p>Au-del\u00e0 de leur impact esth\u00e9tique, les <b>carreaux de grand format <\/b>offrent \u00e9galement des avantages pratiques. Ils sont id\u00e9aux pour les zones \u00e0 fort trafic, comme les couloirs ou les corridors, gr\u00e2ce \u00e0 la r\u00e9duction des lignes de joint et \u00e0 la facilit\u00e9 de nettoyage. Pour une installation optimale, il est conseill\u00e9 de faire appel \u00e0 des professionnels exp\u00e9riment\u00e9s qui comprennent les d\u00e9fis techniques associ\u00e9s aux carreaux de grand format. En conclusion, l'utilisation de <b>carreaux de grand format<\/b> peut r\u00e9volutionner le design int\u00e9rieur, cr\u00e9ant des espaces modernes, ouverts et \u00e9l\u00e9gants. Leur taille impressionnante, leur continuit\u00e9 visuelle et leurs possibilit\u00e9s cr\u00e9atives illimit\u00e9es en font un excellent choix pour ceux qui recherchent une esth\u00e9tique contemporaine et audacieuse. Que vous r\u00e9noviez une maison existante ou conceviez un nouvel espace, envisagez l'attrait des <b>carreaux de grand format<\/b> pour transformer votre environnement en un chef-d'\u0153uvre de design.<\/p>\n<p><a href=\"https:\/\/eccentri.co\/fr\/collections\/\">D\u00e9couvrez nos collections<\/a><\/p>\n\t\t\t\t\t\t\t\t\n\t\t\t\t\t\t\t\t\t\t\t\t\t\t\t<\/div>\n\n\t\t\t\t\t\t\t\t\t\t\t\t\t\t\t<br class=\"clear\">\n\t\t\t\t\t\t\t\t<div class=\"image\" style=\"background-image: url()\"><\/div>\n\t\t\t\t\t\t\t\t\t\t\t\t\t\t<br class=\"clear\">\n\t\t\t\t\t\t<\/div>\n\t\t\t\t\t\t\t\t\t\t\t\t\t\t\t<\/div>\n\t\t\t\t<br class=\"clear\">\n\t\t\t<\/div>\n\n\t\t\t\t\t<\/div>\n\t<\/div><\/div><\/div><\/div><\/div><\/div>","protected":false},"excerpt":{"rendered":"<p>L&rsquo;Attrait des Carreaux de Grand Format dans le Design Int\u00e9rieur Carreaux de grand format: applications Pratiques et Conseils d&rsquo;Installation Carreaux de Grand Format L&rsquo;Attrait des Carreaux de Grand Format dans le Design Int\u00e9rieur Dans le domaine du design int\u00e9rieur, les carreaux de grand format deviennent rapidement un choix audacieux et moderne qui transforme les espaces [&hellip;]<\/p>\n","protected":false},"author":1,"featured_media":0,"parent":0,"menu_order":0,"comment_status":"closed","ping_status":"closed","template":"page-qzr-about.php","meta":{"_monsterinsights_skip_tracking":false,"_monsterinsights_sitenote_active":false,"_monsterinsights_sitenote_note":"","_monsterinsights_sitenote_category":0,"footnotes":""},"class_list":["post-3754","page","type-page","status-publish","hentry"],"yoast_head":"<!-- This site is optimized with the Yoast SEO plugin v27.1.1 - https:\/\/yoast.com\/product\/yoast-seo-wordpress\/ -->\n<title>Carreaux de Grand Format - Eccentrico<\/title>\n<meta name=\"description\" content=\"L\u2019utilisation de carreaux grand format peut r\u00e9volutionner le design d\u2019int\u00e9rieur en cr\u00e9ant des espaces modernes, ouverts et \u00e9l\u00e9gants.\" \/>\n<meta name=\"robots\" content=\"index, follow, max-snippet:-1, max-image-preview:large, max-video-preview:-1\" \/>\n<link rel=\"canonical\" href=\"https:\/\/eccentri.co\/fr\/carreaux-grand-format\/\" \/>\n<meta property=\"og:locale\" content=\"fr_FR\" \/>\n<meta property=\"og:type\" content=\"article\" \/>\n<meta property=\"og:title\" content=\"Carreaux de Grand Format - Eccentrico\" \/>\n<meta property=\"og:description\" content=\"L\u2019utilisation de carreaux grand format peut r\u00e9volutionner le design d\u2019int\u00e9rieur en cr\u00e9ant des espaces modernes, ouverts et \u00e9l\u00e9gants.\" \/>\n<meta property=\"og:url\" content=\"https:\/\/eccentri.co\/fr\/carreaux-grand-format\/\" \/>\n<meta property=\"og:site_name\" content=\"Eccentrico\" \/>\n<meta property=\"article:modified_time\" content=\"2024-04-12T06:01:06+00:00\" \/>\n<meta name=\"twitter:card\" content=\"summary_large_image\" \/>\n<meta name=\"twitter:label1\" content=\"Dur\u00e9e de lecture estim\u00e9e\" \/>\n\t<meta name=\"twitter:data1\" content=\"3 minutes\" \/>\n<script type=\"application\/ld+json\" class=\"yoast-schema-graph\">{\"@context\":\"https:\/\/schema.org\",\"@graph\":[{\"@type\":\"WebPage\",\"@id\":\"https:\/\/eccentri.co\/fr\/carreaux-grand-format\/\",\"url\":\"https:\/\/eccentri.co\/fr\/carreaux-grand-format\/\",\"name\":\"Carreaux de Grand Format - Eccentrico\",\"isPartOf\":{\"@id\":\"https:\/\/eccentri.co\/fr\/#website\"},\"datePublished\":\"2024-04-10T05:22:16+00:00\",\"dateModified\":\"2024-04-12T06:01:06+00:00\",\"description\":\"L\u2019utilisation de carreaux grand format peut r\u00e9volutionner le design d\u2019int\u00e9rieur en cr\u00e9ant des espaces modernes, ouverts et \u00e9l\u00e9gants.\",\"breadcrumb\":{\"@id\":\"https:\/\/eccentri.co\/fr\/carreaux-grand-format\/#breadcrumb\"},\"inLanguage\":\"fr-FR\",\"potentialAction\":[{\"@type\":\"ReadAction\",\"target\":[\"https:\/\/eccentri.co\/fr\/carreaux-grand-format\/\"]}]},{\"@type\":\"BreadcrumbList\",\"@id\":\"https:\/\/eccentri.co\/fr\/carreaux-grand-format\/#breadcrumb\",\"itemListElement\":[{\"@type\":\"ListItem\",\"position\":1,\"name\":\"Home\",\"item\":\"https:\/\/eccentri.co\/fr\/\"},{\"@type\":\"ListItem\",\"position\":2,\"name\":\"Carreaux de Grand Format\"}]},{\"@type\":\"WebSite\",\"@id\":\"https:\/\/eccentri.co\/fr\/#website\",\"url\":\"https:\/\/eccentri.co\/fr\/\",\"name\":\"Eccentrico\",\"description\":\"\",\"publisher\":{\"@id\":\"https:\/\/eccentri.co\/fr\/#organization\"},\"potentialAction\":[{\"@type\":\"SearchAction\",\"target\":{\"@type\":\"EntryPoint\",\"urlTemplate\":\"https:\/\/eccentri.co\/fr\/?s={search_term_string}\"},\"query-input\":{\"@type\":\"PropertyValueSpecification\",\"valueRequired\":true,\"valueName\":\"search_term_string\"}}],\"inLanguage\":\"fr-FR\"},{\"@type\":\"Organization\",\"@id\":\"https:\/\/eccentri.co\/fr\/#organization\",\"name\":\"Eccentrico by Galileo\",\"url\":\"https:\/\/eccentri.co\/fr\/\",\"logo\":{\"@type\":\"ImageObject\",\"inLanguage\":\"fr-FR\",\"@id\":\"https:\/\/eccentri.co\/fr\/#\/schema\/logo\/image\/\",\"url\":\"https:\/\/eccentri.co\/wp-content\/uploads\/2019\/03\/logo_eccentrico.png\",\"contentUrl\":\"https:\/\/eccentri.co\/wp-content\/uploads\/2019\/03\/logo_eccentrico.png\",\"width\":1774,\"height\":288,\"caption\":\"Eccentrico by Galileo\"},\"image\":{\"@id\":\"https:\/\/eccentri.co\/fr\/#\/schema\/logo\/image\/\"}}]}<\/script>\n<!-- \/ Yoast SEO plugin. -->","yoast_head_json":{"title":"Carreaux de Grand Format - Eccentrico","description":"L\u2019utilisation de carreaux grand format peut r\u00e9volutionner le design d\u2019int\u00e9rieur en cr\u00e9ant des espaces modernes, ouverts et \u00e9l\u00e9gants.","robots":{"index":"index","follow":"follow","max-snippet":"max-snippet:-1","max-image-preview":"max-image-preview:large","max-video-preview":"max-video-preview:-1"},"canonical":"https:\/\/eccentri.co\/fr\/carreaux-grand-format\/","og_locale":"fr_FR","og_type":"article","og_title":"Carreaux de Grand Format - Eccentrico","og_description":"L\u2019utilisation de carreaux grand format peut r\u00e9volutionner le design d\u2019int\u00e9rieur en cr\u00e9ant des espaces modernes, ouverts et \u00e9l\u00e9gants.","og_url":"https:\/\/eccentri.co\/fr\/carreaux-grand-format\/","og_site_name":"Eccentrico","article_modified_time":"2024-04-12T06:01:06+00:00","twitter_card":"summary_large_image","twitter_misc":{"Dur\u00e9e de lecture estim\u00e9e":"3 minutes"},"schema":{"@context":"https:\/\/schema.org","@graph":[{"@type":"WebPage","@id":"https:\/\/eccentri.co\/fr\/carreaux-grand-format\/","url":"https:\/\/eccentri.co\/fr\/carreaux-grand-format\/","name":"Carreaux de Grand Format - Eccentrico","isPartOf":{"@id":"https:\/\/eccentri.co\/fr\/#website"},"datePublished":"2024-04-10T05:22:16+00:00","dateModified":"2024-04-12T06:01:06+00:00","description":"L\u2019utilisation de carreaux grand format peut r\u00e9volutionner le design d\u2019int\u00e9rieur en cr\u00e9ant des espaces modernes, ouverts et \u00e9l\u00e9gants.","breadcrumb":{"@id":"https:\/\/eccentri.co\/fr\/carreaux-grand-format\/#breadcrumb"},"inLanguage":"fr-FR","potentialAction":[{"@type":"ReadAction","target":["https:\/\/eccentri.co\/fr\/carreaux-grand-format\/"]}]},{"@type":"BreadcrumbList","@id":"https:\/\/eccentri.co\/fr\/carreaux-grand-format\/#breadcrumb","itemListElement":[{"@type":"ListItem","position":1,"name":"Home","item":"https:\/\/eccentri.co\/fr\/"},{"@type":"ListItem","position":2,"name":"Carreaux de Grand Format"}]},{"@type":"WebSite","@id":"https:\/\/eccentri.co\/fr\/#website","url":"https:\/\/eccentri.co\/fr\/","name":"Eccentrico","description":"","publisher":{"@id":"https:\/\/eccentri.co\/fr\/#organization"},"potentialAction":[{"@type":"SearchAction","target":{"@type":"EntryPoint","urlTemplate":"https:\/\/eccentri.co\/fr\/?s={search_term_string}"},"query-input":{"@type":"PropertyValueSpecification","valueRequired":true,"valueName":"search_term_string"}}],"inLanguage":"fr-FR"},{"@type":"Organization","@id":"https:\/\/eccentri.co\/fr\/#organization","name":"Eccentrico by Galileo","url":"https:\/\/eccentri.co\/fr\/","logo":{"@type":"ImageObject","inLanguage":"fr-FR","@id":"https:\/\/eccentri.co\/fr\/#\/schema\/logo\/image\/","url":"https:\/\/eccentri.co\/wp-content\/uploads\/2019\/03\/logo_eccentrico.png","contentUrl":"https:\/\/eccentri.co\/wp-content\/uploads\/2019\/03\/logo_eccentrico.png","width":1774,"height":288,"caption":"Eccentrico by Galileo"},"image":{"@id":"https:\/\/eccentri.co\/fr\/#\/schema\/logo\/image\/"}}]}},"_links":{"self":[{"href":"https:\/\/eccentri.co\/fr\/wp-json\/wp\/v2\/pages\/3754","targetHints":{"allow":["GET"]}}],"collection":[{"href":"https:\/\/eccentri.co\/fr\/wp-json\/wp\/v2\/pages"}],"about":[{"href":"https:\/\/eccentri.co\/fr\/wp-json\/wp\/v2\/types\/page"}],"author":[{"embeddable":true,"href":"https:\/\/eccentri.co\/fr\/wp-json\/wp\/v2\/users\/1"}],"replies":[{"embeddable":true,"href":"https:\/\/eccentri.co\/fr\/wp-json\/wp\/v2\/comments?post=3754"}],"version-history":[{"count":4,"href":"https:\/\/eccentri.co\/fr\/wp-json\/wp\/v2\/pages\/3754\/revisions"}],"predecessor-version":[{"id":3878,"href":"https:\/\/eccentri.co\/fr\/wp-json\/wp\/v2\/pages\/3754\/revisions\/3878"}],"wp:attachment":[{"href":"https:\/\/eccentri.co\/fr\/wp-json\/wp\/v2\/media?parent=3754"}],"curies":[{"name":"wp","href":"https:\/\/api.w.org\/{rel}","templated":true}]}}