{"id":3748,"date":"2024-04-10T07:00:55","date_gmt":"2024-04-10T05:00:55","guid":{"rendered":"https:\/\/eccentri.co\/?page_id=3748"},"modified":"2024-04-10T07:00:55","modified_gmt":"2024-04-10T05:00:55","slug":"carreaux-bleus-pour-interieurs","status":"publish","type":"page","link":"https:\/\/eccentri.co\/fr\/carreaux-bleus-pour-interieurs\/","title":{"rendered":"Carreaux bleus pour les int\u00e9rieurs"},"content":{"rendered":"<div id=\"pl-3748\"  class=\"panel-layout\" ><div id=\"pg-3748-0\"  class=\"panel-grid panel-no-style\" ><div id=\"pgc-3748-0-0\"  class=\"panel-grid-cell\" ><div id=\"panel-3748-0-0-0\" class=\"so-panel widget widget_about panel-first-child panel-last-child\" data-index=\"0\" ><div\n\t\t\t\n\t\t\tclass=\"so-widget-about so-widget-about-base\"\n\t\t\t\n\t\t>\t\t<ul class=\"about-menu\">\n\t\t\t\t\t\t\t\t\t\t<li data-id=\"0\" class=\"tiny\">Carreaux Bleus pour les Int\u00e9rieurs: Un Choix \u00c9l\u00e9gant<\/li>\n\t\t\t\t\t\t\t<li data-id=\"1\" class=\"tiny\">Carreaux de couleur bleue pour les rev\u00eatements: toutes les nuances d'Eccentrico<\/li>\n\t\t\t\t\t\t\t<li data-id=\"2\" class=\"tiny\">L'\u00e9l\u00e9gance des rev\u00eatements en c\u00e9ramique de couleur bleue<\/li>\n\t\t\t\t\t<\/ul>\n\t\t<div class=\"about-text\">\n\t\t\t<div class=\"main-column\">\n\t\t\t\t<div class=\"columns-2 about-spacer left row-padding\">\n\t\t\t\t\t<p class=\"very-big\"><br class=\"clear\"><\/p>\n\t\t\t\t<\/div>\n\t\t\t\t<div class=\"columns-6 left\">\n\t\t\t\t\t<h1 class=\"medium-big normal row-padding\">Carreaux bleus pour les int\u00e9rieurs<\/h1>\n\t\t\t\t\t<!-- \t<div class=\"main-column margin-bottom-2x\">\n\t\t\t\t\t\t<h1 class=\"normal\">Carreaux bleus pour les int\u00e9rieurs<\/h1>\n\t\t\t\t\t<\/div> -->\n\t\t\t\t\t\t\t\t\t\t\t\t\t\t\t\t<div class=\"section template-4 row-padding\" data-id=\"0\" >\n\t\t\t\t\t\t\t<h2  class=\"normal medium-big columns-3 left\">Carreaux Bleus pour les Int\u00e9rieurs: Un Choix \u00c9l\u00e9gant<\/h2>\n\t\t\t\t\t\t\t<div class=\"columns-5 left medium-tiny\">\n\t\t\t\t\t\t\t\t<p>Pour des rev\u00eatements \u00e9l\u00e9gants et accueillants, la couleur bleue repr\u00e9sente un choix de style ind\u00e9niable. Les <b>carreaux bleus pour les int\u00e9rieurs<\/b> sont particuli\u00e8rement adapt\u00e9s dans des espaces fonctionnels tels que les salles de bains et les cuisines, o\u00f9 l'utilisation de mat\u00e9riaux imperm\u00e9ables et r\u00e9sistants, tout en \u00e9tant esth\u00e9tiquement plaisants, devient essentielle.<\/p>\n<p>Le rev\u00eatement mural est un \u00e9l\u00e9ment fondamental de chaque projet d'habitation: les <b>carreaux en gr\u00e8s c\u00e9rame de couleur bleue<\/b> d'Eccentrico sont propos\u00e9s dans diff\u00e9rentes nuances et formats pour s'adapter \u00e0 diff\u00e9rents styles de d\u00e9coration.<\/p>\n<p>La couleur bleue est associ\u00e9e \u00e0 des sensations de calme et d'harmonie, en faisant un choix id\u00e9al pour la salle de bains, o\u00f9 le processus quotidien d'expression de la personnalit\u00e9 de chacun commence. Les <b>carreaux bleus<\/b> conf\u00e8rent un aspect frais et, gr\u00e2ce \u00e0 l'imperm\u00e9abilit\u00e9 du gr\u00e8s c\u00e9rame, garantissent \u00e9galement la plus grande hygi\u00e8ne de l'environnement.<\/p>\n<p>&nbsp;<\/p>\n\t\t\t\t\t\t\t\t\n\t\t\t\t\t\t\t\t\t\t\t\t\t\t\t<\/div>\n\n\t\t\t\t\t\t\t\t\t\t\t\t\t\t\t<br class=\"clear\">\n\t\t\t\t\t\t\t\t<div class=\"image\" style=\"background-image: url(https:\/\/eccentri.co\/wp-content\/uploads\/Prussia_01.jpg)\"><\/div>\n\t\t\t\t\t\t\t\t\t\t\t\t\t\t<br class=\"clear\">\n\t\t\t\t\t\t<\/div>\n\t\t\t\t\t\t\t\t\t\t\t\t\t\t\t\t\t<div class=\"section template-4 row-padding\" data-id=\"1\" >\n\t\t\t\t\t\t\t<h2  class=\"normal medium-big columns-3 left\">Carreaux de couleur bleue pour les rev\u00eatements: toutes les nuances d'Eccentrico<\/h2>\n\t\t\t\t\t\t\t<div class=\"columns-5 left medium-tiny\">\n\t\t\t\t\t\t\t\t<p>Nos collections offrent une large gamme de <b>carreaux bleus pour les int\u00e9rieurs <\/b>dans diff\u00e9rentes nuances pour r\u00e9pondre \u00e0 chaque besoin.<\/p>\n<p>Les <b>carreaux en gr\u00e8s c\u00e9rame en bleu<\/b>, tels que Beat dans la couleur Ultramarine, cr\u00e9ent des effets tridimensionnels et des nuances toujours changeantes, gr\u00e2ce \u00e0 leur capacit\u00e9 \u00e9tendue \u00e0 capturer la lumi\u00e8re sous diff\u00e9rents angles.<\/p>\n<p>Les carreaux effet marbre de la collection Supernova Blue Brown cr\u00e9ent des nuances de couleur uniques \u00e0 partir des tons de bleu les plus profonds. La combinaison avec le marron permet de reproduire les veines typiques d'un sol en marbre pour des r\u00e9sultats d'une grande \u00e9l\u00e9gance.<\/p>\n<p>Avec la ligne Back to Basic, vous pouvez choisir les <b>carreaux bleus<\/b> les plus classiques pour les int\u00e9rieurs dans la teinte 'C\u00e9rul\u00e9en'. Gr\u00e2ce \u00e0 la luminosit\u00e9 accrue caract\u00e9ristique de cette nuance, les carreaux bleus d'Eccentrico en p\u00e2te blanche deviennent le choix parfait \u00e9galement pour la cuisine et peuvent \u00eatre utilis\u00e9s seuls ou en combinaison avec d'autres nuances pour cr\u00e9er diff\u00e9rents motifs.<\/p>\n<p>Le bleu de Prusse prend la vedette dans la collection Linea. La composition simple d'un rev\u00eatement avec des <b>carreaux bleus en gr\u00e8s c\u00e9rame <\/b>lustr\u00e9 et \u00e9maill\u00e9 cr\u00e9e des solutions agr\u00e9ables mais extr\u00eamement sophistiqu\u00e9es.<\/p>\n<p>Les motifs de Quadra naissent de la combinaison de diff\u00e9rents motifs g\u00e9om\u00e9triques des fonds d\u00e9cor\u00e9s en gr\u00e8s c\u00e9rame qui composent la collection. Les carreaux associent le bleu \u00e0 d'autres couleurs de base pour cr\u00e9er un design surprenant et suggestif.<\/p>\n\t\t\t\t\t\t\t\t\n\t\t\t\t\t\t\t\t\t\t\t\t\t\t\t<\/div>\n\n\t\t\t\t\t\t\t\t\t\t\t\t\t\t\t<br class=\"clear\">\n\t\t\t\t\t\t\t\t<div class=\"image\" style=\"background-image: url(https:\/\/eccentri.co\/wp-content\/uploads\/Prussia_02.jpg)\"><\/div>\n\t\t\t\t\t\t\t\t\t\t\t\t\t\t<br class=\"clear\">\n\t\t\t\t\t\t<\/div>\n\t\t\t\t\t\t\t\t\t\t\t\t\t\t\t\t\t<div class=\"section template-4 row-padding\" data-id=\"2\" >\n\t\t\t\t\t\t\t<h2  class=\"normal medium-big columns-3 left\">L'\u00e9l\u00e9gance des rev\u00eatements en c\u00e9ramique de couleur bleue<\/h2>\n\t\t\t\t\t\t\t<div class=\"columns-5 left medium-tiny\">\n\t\t\t\t\t\t\t\t<p>Les rev\u00eatements int\u00e9rieurs trouvent dans les <b>carreaux bleus pour les int\u00e9rieurs <\/b>une touche de grande \u00e9l\u00e9gance. Que ce soit comme teinte pr\u00e9dominante ou comme \u00e9l\u00e9ment au sein d'une composition, les <b>rev\u00eatements en c\u00e9ramique de couleur bleue<\/b> permettent de cr\u00e9er des environnements d'un grand charme et d'un style inimitable, quel que soit l'ambiance souhait\u00e9e.<\/p>\n\t\t\t\t\t\t\t\t\n\t\t\t\t\t\t\t\t\t\t\t\t\t\t\t<\/div>\n\n\t\t\t\t\t\t\t\t\t\t\t\t\t\t\t<br class=\"clear\">\n\t\t\t\t\t\t\t\t<div class=\"image\" style=\"background-image: url(https:\/\/eccentri.co\/wp-content\/uploads\/Prussia_03.jpg)\"><\/div>\n\t\t\t\t\t\t\t\t\t\t\t\t\t\t<br class=\"clear\">\n\t\t\t\t\t\t<\/div>\n\t\t\t\t\t\t\t\t\t\t\t\t\t\t\t<\/div>\n\t\t\t\t<br class=\"clear\">\n\t\t\t<\/div>\n\n\t\t\t\t\t<\/div>\n\t<\/div><\/div><\/div><\/div><\/div><\/div>","protected":false},"excerpt":{"rendered":"<p>Eccentrico \u00e8 il nuovo progetto di Galileo srl, nato per offrire un prodotto ricercato e qualitativamente eccellente in tutte le fasi della filiera. Eccentrico basa la sua forza sulla ricerca e sulla progettazione del prodotto, scegliendo di volta in volta le tecnologie pi\u00f9 corrette alla sua realizzazione e fornendo un servizio puntuale ed attento ai bisogni del cliente. <br \/> Il nostro obiettivo \u00e8 quello di offrire ai mercati nazionali e internazionali il meglio del design ceramico italiano operando secondo una progettualit\u00e0 senza limiti, non solo in termini creativi ma anche di recupero storico, attualizzando segni antichi e utilizzando le tecnologie in modo trasversale per ottenere cos\u00ec un risultato di alta qualit\u00e0 sia tecnologica che creativa.<\/p>\n","protected":false},"author":1,"featured_media":1076,"parent":0,"menu_order":0,"comment_status":"closed","ping_status":"closed","template":"page-qzr-about.php","meta":{"_monsterinsights_skip_tracking":false,"_monsterinsights_sitenote_active":false,"_monsterinsights_sitenote_note":"","_monsterinsights_sitenote_category":0,"footnotes":""},"class_list":["post-3748","page","type-page","status-publish","has-post-thumbnail","hentry"],"yoast_head":"<!-- This site is optimized with the Yoast SEO plugin v27.3 - https:\/\/yoast.com\/product\/yoast-seo-wordpress\/ -->\n<title>Carreaux bleus pour les int\u00e9rieurs - Eccentrico<\/title>\n<meta name=\"description\" content=\"Les carreaux d&#039;int\u00e9rieur bleus sont parfaites \u00e0 la salle de bain et \u00e0 la cuisine, o\u00f9 des mat\u00e9riaux imperm\u00e9ables sont n\u00e9cessaires.\" \/>\n<meta name=\"robots\" content=\"index, follow, max-snippet:-1, max-image-preview:large, max-video-preview:-1\" \/>\n<link rel=\"canonical\" href=\"https:\/\/eccentri.co\/fr\/carreaux-bleus-pour-interieurs\/\" \/>\n<meta property=\"og:locale\" content=\"fr_FR\" \/>\n<meta property=\"og:type\" content=\"article\" \/>\n<meta property=\"og:title\" content=\"Carreaux bleus pour les int\u00e9rieurs - Eccentrico\" \/>\n<meta property=\"og:description\" content=\"Les carreaux d&#039;int\u00e9rieur bleus sont parfaites \u00e0 la salle de bain et \u00e0 la cuisine, o\u00f9 des mat\u00e9riaux imperm\u00e9ables sont n\u00e9cessaires.\" \/>\n<meta property=\"og:url\" content=\"https:\/\/eccentri.co\/fr\/carreaux-bleus-pour-interieurs\/\" \/>\n<meta property=\"og:site_name\" content=\"Eccentrico\" \/>\n<meta property=\"og:image\" content=\"https:\/\/eccentri.co\/wp-content\/uploads\/2018\/10\/sfondo.jpg\" \/>\n\t<meta property=\"og:image:width\" content=\"1920\" \/>\n\t<meta property=\"og:image:height\" content=\"1331\" \/>\n\t<meta property=\"og:image:type\" content=\"image\/jpeg\" \/>\n<meta name=\"twitter:card\" content=\"summary_large_image\" \/>\n<meta name=\"twitter:label1\" content=\"Dur\u00e9e de lecture estim\u00e9e\" \/>\n\t<meta name=\"twitter:data1\" content=\"3 minutes\" \/>\n<script type=\"application\/ld+json\" class=\"yoast-schema-graph\">{\"@context\":\"https:\\\/\\\/schema.org\",\"@graph\":[{\"@type\":\"WebPage\",\"@id\":\"https:\\\/\\\/eccentri.co\\\/fr\\\/carreaux-bleus-pour-interieurs\\\/\",\"url\":\"https:\\\/\\\/eccentri.co\\\/fr\\\/carreaux-bleus-pour-interieurs\\\/\",\"name\":\"Carreaux bleus pour les int\u00e9rieurs - Eccentrico\",\"isPartOf\":{\"@id\":\"https:\\\/\\\/eccentri.co\\\/fr\\\/#website\"},\"primaryImageOfPage\":{\"@id\":\"https:\\\/\\\/eccentri.co\\\/fr\\\/carreaux-bleus-pour-interieurs\\\/#primaryimage\"},\"image\":{\"@id\":\"https:\\\/\\\/eccentri.co\\\/fr\\\/carreaux-bleus-pour-interieurs\\\/#primaryimage\"},\"thumbnailUrl\":\"https:\\\/\\\/eccentri.co\\\/wp-content\\\/uploads\\\/2018\\\/10\\\/sfondo.jpg\",\"datePublished\":\"2024-04-10T05:00:55+00:00\",\"description\":\"Les carreaux d'int\u00e9rieur bleus sont parfaites \u00e0 la salle de bain et \u00e0 la cuisine, o\u00f9 des mat\u00e9riaux imperm\u00e9ables sont n\u00e9cessaires.\",\"breadcrumb\":{\"@id\":\"https:\\\/\\\/eccentri.co\\\/fr\\\/carreaux-bleus-pour-interieurs\\\/#breadcrumb\"},\"inLanguage\":\"fr-FR\",\"potentialAction\":[{\"@type\":\"ReadAction\",\"target\":[\"https:\\\/\\\/eccentri.co\\\/fr\\\/carreaux-bleus-pour-interieurs\\\/\"]}]},{\"@type\":\"ImageObject\",\"inLanguage\":\"fr-FR\",\"@id\":\"https:\\\/\\\/eccentri.co\\\/fr\\\/carreaux-bleus-pour-interieurs\\\/#primaryimage\",\"url\":\"https:\\\/\\\/eccentri.co\\\/wp-content\\\/uploads\\\/2018\\\/10\\\/sfondo.jpg\",\"contentUrl\":\"https:\\\/\\\/eccentri.co\\\/wp-content\\\/uploads\\\/2018\\\/10\\\/sfondo.jpg\",\"width\":1920,\"height\":1331,\"caption\":\"Carrelages en gr\u00e8s c\u00e9rame pour sols\"},{\"@type\":\"BreadcrumbList\",\"@id\":\"https:\\\/\\\/eccentri.co\\\/fr\\\/carreaux-bleus-pour-interieurs\\\/#breadcrumb\",\"itemListElement\":[{\"@type\":\"ListItem\",\"position\":1,\"name\":\"Home\",\"item\":\"https:\\\/\\\/eccentri.co\\\/fr\\\/\"},{\"@type\":\"ListItem\",\"position\":2,\"name\":\"Carreaux bleus pour les int\u00e9rieurs\"}]},{\"@type\":\"WebSite\",\"@id\":\"https:\\\/\\\/eccentri.co\\\/fr\\\/#website\",\"url\":\"https:\\\/\\\/eccentri.co\\\/fr\\\/\",\"name\":\"Eccentrico\",\"description\":\"\",\"publisher\":{\"@id\":\"https:\\\/\\\/eccentri.co\\\/fr\\\/#organization\"},\"potentialAction\":[{\"@type\":\"SearchAction\",\"target\":{\"@type\":\"EntryPoint\",\"urlTemplate\":\"https:\\\/\\\/eccentri.co\\\/fr\\\/?s={search_term_string}\"},\"query-input\":{\"@type\":\"PropertyValueSpecification\",\"valueRequired\":true,\"valueName\":\"search_term_string\"}}],\"inLanguage\":\"fr-FR\"},{\"@type\":\"Organization\",\"@id\":\"https:\\\/\\\/eccentri.co\\\/fr\\\/#organization\",\"name\":\"Eccentrico by Galileo\",\"url\":\"https:\\\/\\\/eccentri.co\\\/fr\\\/\",\"logo\":{\"@type\":\"ImageObject\",\"inLanguage\":\"fr-FR\",\"@id\":\"https:\\\/\\\/eccentri.co\\\/fr\\\/#\\\/schema\\\/logo\\\/image\\\/\",\"url\":\"https:\\\/\\\/eccentri.co\\\/wp-content\\\/uploads\\\/2019\\\/03\\\/logo_eccentrico.png\",\"contentUrl\":\"https:\\\/\\\/eccentri.co\\\/wp-content\\\/uploads\\\/2019\\\/03\\\/logo_eccentrico.png\",\"width\":1774,\"height\":288,\"caption\":\"Eccentrico by Galileo\"},\"image\":{\"@id\":\"https:\\\/\\\/eccentri.co\\\/fr\\\/#\\\/schema\\\/logo\\\/image\\\/\"}}]}<\/script>\n<!-- \/ Yoast SEO plugin. -->","yoast_head_json":{"title":"Carreaux bleus pour les int\u00e9rieurs - Eccentrico","description":"Les carreaux d'int\u00e9rieur bleus sont parfaites \u00e0 la salle de bain et \u00e0 la cuisine, o\u00f9 des mat\u00e9riaux imperm\u00e9ables sont n\u00e9cessaires.","robots":{"index":"index","follow":"follow","max-snippet":"max-snippet:-1","max-image-preview":"max-image-preview:large","max-video-preview":"max-video-preview:-1"},"canonical":"https:\/\/eccentri.co\/fr\/carreaux-bleus-pour-interieurs\/","og_locale":"fr_FR","og_type":"article","og_title":"Carreaux bleus pour les int\u00e9rieurs - Eccentrico","og_description":"Les carreaux d'int\u00e9rieur bleus sont parfaites \u00e0 la salle de bain et \u00e0 la cuisine, o\u00f9 des mat\u00e9riaux imperm\u00e9ables sont n\u00e9cessaires.","og_url":"https:\/\/eccentri.co\/fr\/carreaux-bleus-pour-interieurs\/","og_site_name":"Eccentrico","og_image":[{"width":1920,"height":1331,"url":"https:\/\/eccentri.co\/wp-content\/uploads\/2018\/10\/sfondo.jpg","type":"image\/jpeg"}],"twitter_card":"summary_large_image","twitter_misc":{"Dur\u00e9e de lecture estim\u00e9e":"3 minutes"},"schema":{"@context":"https:\/\/schema.org","@graph":[{"@type":"WebPage","@id":"https:\/\/eccentri.co\/fr\/carreaux-bleus-pour-interieurs\/","url":"https:\/\/eccentri.co\/fr\/carreaux-bleus-pour-interieurs\/","name":"Carreaux bleus pour les int\u00e9rieurs - Eccentrico","isPartOf":{"@id":"https:\/\/eccentri.co\/fr\/#website"},"primaryImageOfPage":{"@id":"https:\/\/eccentri.co\/fr\/carreaux-bleus-pour-interieurs\/#primaryimage"},"image":{"@id":"https:\/\/eccentri.co\/fr\/carreaux-bleus-pour-interieurs\/#primaryimage"},"thumbnailUrl":"https:\/\/eccentri.co\/wp-content\/uploads\/2018\/10\/sfondo.jpg","datePublished":"2024-04-10T05:00:55+00:00","description":"Les carreaux d'int\u00e9rieur bleus sont parfaites \u00e0 la salle de bain et \u00e0 la cuisine, o\u00f9 des mat\u00e9riaux imperm\u00e9ables sont n\u00e9cessaires.","breadcrumb":{"@id":"https:\/\/eccentri.co\/fr\/carreaux-bleus-pour-interieurs\/#breadcrumb"},"inLanguage":"fr-FR","potentialAction":[{"@type":"ReadAction","target":["https:\/\/eccentri.co\/fr\/carreaux-bleus-pour-interieurs\/"]}]},{"@type":"ImageObject","inLanguage":"fr-FR","@id":"https:\/\/eccentri.co\/fr\/carreaux-bleus-pour-interieurs\/#primaryimage","url":"https:\/\/eccentri.co\/wp-content\/uploads\/2018\/10\/sfondo.jpg","contentUrl":"https:\/\/eccentri.co\/wp-content\/uploads\/2018\/10\/sfondo.jpg","width":1920,"height":1331,"caption":"Carrelages en gr\u00e8s c\u00e9rame pour sols"},{"@type":"BreadcrumbList","@id":"https:\/\/eccentri.co\/fr\/carreaux-bleus-pour-interieurs\/#breadcrumb","itemListElement":[{"@type":"ListItem","position":1,"name":"Home","item":"https:\/\/eccentri.co\/fr\/"},{"@type":"ListItem","position":2,"name":"Carreaux bleus pour les int\u00e9rieurs"}]},{"@type":"WebSite","@id":"https:\/\/eccentri.co\/fr\/#website","url":"https:\/\/eccentri.co\/fr\/","name":"Eccentrico","description":"","publisher":{"@id":"https:\/\/eccentri.co\/fr\/#organization"},"potentialAction":[{"@type":"SearchAction","target":{"@type":"EntryPoint","urlTemplate":"https:\/\/eccentri.co\/fr\/?s={search_term_string}"},"query-input":{"@type":"PropertyValueSpecification","valueRequired":true,"valueName":"search_term_string"}}],"inLanguage":"fr-FR"},{"@type":"Organization","@id":"https:\/\/eccentri.co\/fr\/#organization","name":"Eccentrico by Galileo","url":"https:\/\/eccentri.co\/fr\/","logo":{"@type":"ImageObject","inLanguage":"fr-FR","@id":"https:\/\/eccentri.co\/fr\/#\/schema\/logo\/image\/","url":"https:\/\/eccentri.co\/wp-content\/uploads\/2019\/03\/logo_eccentrico.png","contentUrl":"https:\/\/eccentri.co\/wp-content\/uploads\/2019\/03\/logo_eccentrico.png","width":1774,"height":288,"caption":"Eccentrico by Galileo"},"image":{"@id":"https:\/\/eccentri.co\/fr\/#\/schema\/logo\/image\/"}}]}},"_links":{"self":[{"href":"https:\/\/eccentri.co\/fr\/wp-json\/wp\/v2\/pages\/3748","targetHints":{"allow":["GET"]}}],"collection":[{"href":"https:\/\/eccentri.co\/fr\/wp-json\/wp\/v2\/pages"}],"about":[{"href":"https:\/\/eccentri.co\/fr\/wp-json\/wp\/v2\/types\/page"}],"author":[{"embeddable":true,"href":"https:\/\/eccentri.co\/fr\/wp-json\/wp\/v2\/users\/1"}],"replies":[{"embeddable":true,"href":"https:\/\/eccentri.co\/fr\/wp-json\/wp\/v2\/comments?post=3748"}],"version-history":[{"count":3,"href":"https:\/\/eccentri.co\/fr\/wp-json\/wp\/v2\/pages\/3748\/revisions"}],"predecessor-version":[{"id":3789,"href":"https:\/\/eccentri.co\/fr\/wp-json\/wp\/v2\/pages\/3748\/revisions\/3789"}],"wp:featuredmedia":[{"embeddable":true,"href":"https:\/\/eccentri.co\/fr\/wp-json\/wp\/v2\/media\/1076"}],"wp:attachment":[{"href":"https:\/\/eccentri.co\/fr\/wp-json\/wp\/v2\/media?parent=3748"}],"curies":[{"name":"wp","href":"https:\/\/api.w.org\/{rel}","templated":true}]}}