{"id":1578,"date":"2019-05-30T11:27:15","date_gmt":"2019-05-30T09:27:15","guid":{"rendered":"https:\/\/eccentri.co\/?page_id=1578"},"modified":"2024-04-12T07:18:11","modified_gmt":"2024-04-12T05:18:11","slug":"nous-sommes","status":"publish","type":"page","link":"https:\/\/eccentri.co\/fr\/nous-sommes\/","title":{"rendered":"Nous sommes"},"content":{"rendered":"<div id=\"pl-1578\"  class=\"panel-layout\" ><div id=\"pg-1578-0\"  class=\"panel-grid panel-no-style\" ><div id=\"pgc-1578-0-0\"  class=\"panel-grid-cell\" ><div id=\"panel-1578-0-0-0\" class=\"so-panel widget widget_about panel-first-child panel-last-child\" data-index=\"0\" ><div\n\t\t\t\n\t\t\tclass=\"so-widget-about so-widget-about-base\"\n\t\t\t\n\t\t>\t\t<ul class=\"about-menu\">\n\t\t\t\t\t\t\t\t\t\t<li data-id=\"0\" class=\"tiny\">Notre nom<\/li>\n\t\t\t\t\t\t\t<li data-id=\"1\" class=\"tiny\">Nos origines<\/li>\n\t\t\t\t\t\t\t<li data-id=\"2\" class=\"tiny\">Notre projet<\/li>\n\t\t\t\t\t\t\t<li data-id=\"3\" class=\"tiny\">Comment Nous Travaillons<\/li>\n\t\t\t\t\t\t\t<li data-id=\"certifications\" class=\"tiny\">Certifications et Licences<\/li>\n\t\t\t\t\t<\/ul>\n\t\t<div class=\"about-text\">\n\t\t\t<div class=\"main-column\">\n\t\t\t\t<div class=\"columns-2 about-spacer left row-padding\">\n\t\t\t\t\t<p class=\"very-big\"><br class=\"clear\"><\/p>\n\t\t\t\t<\/div>\n\t\t\t\t<div class=\"columns-6 left\">\n\t\t\t\t\t<h1 class=\"medium-big normal row-padding\">Nous sommes<\/h1>\n\t\t\t\t\t<!-- \t<div class=\"main-column margin-bottom-2x\">\n\t\t\t\t\t\t<h1 class=\"normal\">Nous sommes<\/h1>\n\t\t\t\t\t<\/div> -->\n\t\t\t\t\t\t\t\t\t\t\t\t\t\t\t\t<div class=\"section template-4 row-padding\" data-id=\"0\" >\n\t\t\t\t\t\t\t<h2  class=\"normal medium-big columns-3 left\">Notre nom<\/h2>\n\t\t\t\t\t\t\t<div class=\"columns-5 left medium-tiny\">\n\t\t\t\t\t\t\t\t<h3>Innovation et qualit\u00e9 de la c\u00e9ramique Fabriqu\u00e9 en Italie <\/h3>\n<p>Un E tourn\u00e9 de 180 degr\u00e9s et un nom qui rappelle le sens figuratif qui le rapproche d'adjectifs tels que \u00ab\u00a0bizarre\u00a0\u00bb identifient notre essence ; celle d'une marque specialis\u00e9e en <strong>carreaux en gr\u00e8s c\u00e9rame pour murs et sols<\/strong> qui, dans son sens g\u00e9om\u00e9trique, voit dans l'\u00e9loignement par rapport au centre la possibilit\u00e9 de regarder les choses avec du recul et avec un regard pr\u00e9dispos\u00e9 \u00e0 la curiosit\u00e9 et \u00e0 l'innovation.<\/p>\n\t\t\t\t\t\t\t\t\n\t\t\t\t\t\t\t\t\t\t\t\t\t\t\t\t\t<p><a class=\"button\" href=\"https:\/\/eccentri.co\/wp-content\/uploads\/Company-Profile_FR.pdf\" target=\"_blank\">Company profile<\/a><\/p>\n\t\t\t\t\t\t\t\t\t\t\t\t\t\t\t<\/div>\n\n\t\t\t\t\t\t\t\t\t\t\t\t\t\t\t<br class=\"clear\">\n\t\t\t\t\t\t\t\t<div class=\"image\" style=\"background-image: url(https:\/\/eccentri.co\/wp-content\/uploads\/unnamed-1-1024x341.jpg)\"><\/div>\n\t\t\t\t\t\t\t\t\t\t\t\t\t\t<br class=\"clear\">\n\t\t\t\t\t\t<\/div>\n\t\t\t\t\t\t\t\t\t\t\t\t\t\t\t\t\t<div class=\"section template-4 row-padding\" data-id=\"1\" >\n\t\t\t\t\t\t\t<h2  class=\"normal medium-big columns-3 left\">Nos origines<\/h2>\n\t\t\t\t\t\t\t<div class=\"columns-5 left medium-tiny\">\n\t\t\t\t\t\t\t\t<h3>Histoire de l'excellence italienne dans le domaine de la c\u00e9ramique <\/h3>\n<div>\n<p>Galileo S.r.l. a \u00e9t\u00e9 fond\u00e9e en tant qu'entreprise sp\u00e9cialis\u00e9e dans la production de c\u00e9ramique italienne et au fil des ann\u00e9es elle est rest\u00e9e fid\u00e8le \u00e0 la tradition de ses fondateurs, connaisseurs des proc\u00e9d\u00e9s de production de mat\u00e9riaux c\u00e9ramiques, traditionnels ou plus r\u00e9cents et innovants.<\/p>\n<\/div>\n<div>\n<p>La soci\u00e9t\u00e9 a d\u00e9cid\u00e9 d'affronter le march\u00e9 du <b>gr\u00e8s c\u00e9rame<\/b> d'abord avec une marque reconduisant \u00e0 la tradition, \u00e9galement commerciale, du produit c\u00e9ramique ; c'est ainsi qu'est n\u00e9e Class Tile dont la force, qui s'est consolid\u00e9e au fil du temps, est d'offrir \u00e0 ses clients des produits de qualit\u00e9 et comp\u00e9titifs.<\/p>\n<\/div>\n<div>\n<p>Pendant ces ann\u00e9es, la connaissance du march\u00e9 a \u00e9t\u00e9 renforc\u00e9e et il a \u00e9t\u00e9 d\u00e9cid\u00e9 de cr\u00e9er la marque Eccentrico, bas\u00e9e sur la conception coordonn\u00e9e du produit, tr\u00e8s attentive aux technologies de production et aux d\u00e9tails de la surface.<\/p>\n<\/div>\n\t\t\t\t\t\t\t\t\n\t\t\t\t\t\t\t\t\t\t\t\t\t\t\t<\/div>\n\n\t\t\t\t\t\t\t\t\t\t\t\t\t\t\t<br class=\"clear\">\n\t\t\t\t\t\t\t\t<div class=\"image\" style=\"background-image: url(https:\/\/eccentri.co\/wp-content\/uploads\/unnamed-2-1024x341.jpg)\"><\/div>\n\t\t\t\t\t\t\t\t\t\t\t\t\t\t<br class=\"clear\">\n\t\t\t\t\t\t<\/div>\n\t\t\t\t\t\t\t\t\t\t\t\t\t\t\t\t\t<div class=\"section template-4 row-padding\" data-id=\"2\" >\n\t\t\t\t\t\t\t<h2  class=\"normal medium-big columns-3 left\">Notre projet<\/h2>\n\t\t\t\t\t\t\t<div class=\"columns-5 left medium-tiny\">\n\t\t\t\t\t\t\t\t<h3>Carrelage en gr\u00e8s c\u00e9rame pour murs et sols <\/h3>\n<p style=\"font-weight: 400;\">Eccentrico est le nouveau projet de Galileo srl, n\u00e9 pour offrir un produit raffin\u00e9 et d'excellente qualit\u00e9 dans toutes les phases de la cha\u00eene. Eccentrico fonde sa force sur la recherche et la conception du produit en <strong>c\u00e9ramique<\/strong>, en choisissant au fur et \u00e0 mesure les technologies opportunes pour sa r\u00e9alisation et en fournissant un service rapide et attentif aux besoins du client. Notre objectif est d'offrir le meilleur du <strong>design c\u00e9ramique italien<\/strong> aux march\u00e9s nationaux et internationaux en op\u00e9rant selon une conceptualit\u00e9 illimit\u00e9e, en termes de cr\u00e9ation et de r\u00e9cup\u00e9ration historique, en actualisant les signes antiques et en utilisant les technologies de fa\u00e7on transversale pour obtenir un r\u00e9sultat de grande qualit\u00e9, tant technologique que cr\u00e9ative.<br \/>\nNous produisons des carreaux en gr\u00e8s c\u00e9rame pour sols et murs int\u00e9rieurs et ext\u00e9rieurs.<\/p>\n\t\t\t\t\t\t\t\t\n\t\t\t\t\t\t\t\t\t\t\t\t\t\t\t<\/div>\n\n\t\t\t\t\t\t\t\t\t\t\t\t\t\t\t<br class=\"clear\">\n\t\t\t\t\t\t\t\t<div class=\"image\" style=\"background-image: url(https:\/\/eccentri.co\/wp-content\/uploads\/unnamed-3-1024x341.jpg)\"><\/div>\n\t\t\t\t\t\t\t\t\t\t\t\t\t\t<br class=\"clear\">\n\t\t\t\t\t\t<\/div>\n\t\t\t\t\t\t\t\t\t\t\t\t\t\t\t\t\t<div class=\"section template-4 row-padding\" data-id=\"3\" >\n\t\t\t\t\t\t\t<h2  class=\"normal medium-big columns-3 left\">Comment Nous Travaillons<\/h2>\n\t\t\t\t\t\t\t<div class=\"columns-5 left medium-tiny\">\n\t\t\t\t\t\t\t\t<h3>Les avantages d\u2019une cha\u00eene d\u2019approvisionnement en <span lang=\"EN-US\">gr\u00e8s c\u00e9rame haut de gamme<\/span><span lang=\"EN-US\"> pour les architectes et les designers <\/span><\/h3>\n<p style=\"font-weight: 400;\">Pour nous, la qualit\u00e9 du produit passe par la capacit\u00e9 d'orchestrer des comp\u00e9tences diff\u00e9rentes. En interne, une \u00e9quipe cr\u00e9ative identifie les tendances stylistiques, nos techniciens suivent l'innovation technologique et notre r\u00e9seau commercial dynamique est capable de percevoir les d\u00e9sirs du client et de guider, de concert avec les autres secteurs, le d\u00e9veloppement des produits en <strong>gr\u00e8s c\u00e9rame haut de gamme<\/strong>. Faire face \u00e0 un projet de qualit\u00e9 signifie \u00eatre \u00e0 l'\u00e9coute de ceux qui vivent nos produits : nos clients font partie int\u00e9grante de notre processus de conception et constituent avec nous l'essence m\u00eame d'Eccentrico.<\/p>\n<p style=\"font-weight: 400;\">D\u00e9couvrez nos collections de <strong>carrelage en gr\u00e8s c\u00e9rame pour murs et sols<\/strong>: Suivre les <a href=\"https:\/\/eccentri.co\/fr\/news\/\">NEWS<\/a><\/p>\n\t\t\t\t\t\t\t\t\n\t\t\t\t\t\t\t\t\t\t\t\t\t\t\t<\/div>\n\n\t\t\t\t\t\t\t\t\t\t\t\t\t\t\t<br class=\"clear\">\n\t\t\t\t\t\t\t\t<div class=\"image\" style=\"background-image: url()\"><\/div>\n\t\t\t\t\t\t\t\t\t\t\t\t\t\t<br class=\"clear\">\n\t\t\t\t\t\t<\/div>\n\t\t\t\t\t\t\t\t\t\t\t\t\t\t\t<\/div>\n\t\t\t\t<br class=\"clear\">\n\t\t\t<\/div>\n\n\t\t\t\t\t\t\t<div class=\"background-black double-row-padding\">\n\t\t\t\t\t<div class=\"main-column\">\n\t\t\t\t\t\t<div class=\"columns-6 right\">\n\t\t\t\t\t\t\t<h2 class=\"medium-big normal white\">Certifications et Licences<\/h2>\n\t\t\t\t\t\t\t\t\t\t\t\t\t\t\t<div class=\"about-certifications-content \">\n\t\t\t\t\t\t\t\t\t<h3 class=\"medium-tiny normal\">Certifications environnementales<\/h3><br class=\"clear\">\n\t\t\t\t\t\t\t\t\t\t\t\t\t\t\t\t\t\t\t\t\t\t\t\t\t\t\t\t\t\t<img decoding=\"async\" class=\"half-row-padding columns-2 left\" src=\"https:\/\/eccentri.co\/wp-content\/uploads\/green_edit.jpg\">\n\t\t\t\t\t\t\t\t\t\t\t\t\t\t\t\t\t\t\t\t<div class=\"half-row-padding columns-6 left cert-content\">\n\t\t\t\t\t\t\t\t\t\t\t<div class=\"single-title bold tiny\">Green Building Council Italia<\/div>\n\t\t\t\t\t\t\t\t\t\t\t<div class=\"single-content tiny\">\n\t\t\t\t\t\t\t\t\t\t\t\t<p>Eccentrico maintient le haut niveau d'innovation et de technologie du produit sans sacrifier le respect de la nature et de l'homme ; Galileo Ltd. est membre du Green Building Council Italia, une organisation qui encourage la construction de b\u00e2timents et d'ouvrages dans le respect de l'environnement, de la sant\u00e9 et du bien-\u00eatre des personnes qui y vivent et y travaillent.<\/p>\n\t\t\n\t\t\t\t\t\t\t\t\t\t\t<\/div>\n\t\t\t\t\t\t\t\t\t\t<\/div>\n\t\t\t\t\t\t\t\t\t\t<br class=\"clear\">\n\t\t\t\t\t\t\t\t\t\t\t\t\t\t\t\t\t<\/div>\n\t\t\t\t\t\t\t\t\t\t\t\t\t\t\t<div class=\"about-certifications-content \">\n\t\t\t\t\t\t\t\t\t<h3 class=\"medium-tiny normal\">Certifications du produit<\/h3><br class=\"clear\">\n\t\t\t\t\t\t\t\t\t\t\t\t\t\t\t\t\t\t\t\t\t\t\t\t\t\t\t\t\t\t<img decoding=\"async\" class=\"half-row-padding columns-2 left\" src=\"https:\/\/eccentri.co\/wp-content\/uploads\/ce_edit.jpg\">\n\t\t\t\t\t\t\t\t\t\t\t\t\t\t\t\t\t\t\t\t<div class=\"half-row-padding columns-6 left cert-content\">\n\t\t\t\t\t\t\t\t\t\t\t<div class=\"single-title bold tiny\">CE<\/div>\n\t\t\t\t\t\t\t\t\t\t\t<div class=\"single-content tiny\">\n\t\t\t\t\t\t\t\t\t\t\t\t<p>Le marquage CE est une garantie que le mat\u00e9riel achet\u00e9 r\u00e9pond \u00e0 toutes les exigences de la r\u00e9glementation en vigueur dans le cadre de la Communaut\u00e9 Europ\u00e9enne pour la protection et la s\u00e9curit\u00e9 du consommateur.<\/p>\n\t\t\n\t\t\t\t\t\t\t\t\t\t\t<\/div>\n\t\t\t\t\t\t\t\t\t\t<\/div>\n\t\t\t\t\t\t\t\t\t\t<br class=\"clear\">\n\t\t\t\t\t\t\t\t\t\t\t\t\t\t\t\t\t<\/div>\n\t\t\t\t\t\t\t\t\t\t\t\t\t\t\t<div class=\"about-certifications-content \">\n\t\t\t\t\t\t\t\t\t<h3 class=\"medium-tiny normal\">Utiliser des licences<\/h3><br class=\"clear\">\n\t\t\t\t\t\t\t\t\t\t\t\t\t\t\t\t\t\t\t\t\t\t\t\t\t\t\t\t\t\t<img decoding=\"async\" class=\"half-row-padding columns-2 left\" src=\"https:\/\/eccentri.co\/wp-content\/uploads\/ncs_edit.jpg\">\n\t\t\t\t\t\t\t\t\t\t\t\t\t\t\t\t\t\t\t\t<div class=\"half-row-padding columns-6 left cert-content\">\n\t\t\t\t\t\t\t\t\t\t\t<div class=\"single-title bold tiny\">NCS<\/div>\n\t\t\t\t\t\t\t\t\t\t\t<div class=\"single-content tiny\">\n\t\t\t\t\t\t\t\t\t\t\t\t<p>Dans sa recherche esth\u00e9tique et qualitative continue, Eccentrico a d\u00e9cid\u00e9 d'utiliser des instruments capables de compl\u00e9ter la phase de conception de ses produits. Toutes les collections d'Eccentrico sont en effet indiqu\u00e9es par la notation NCS.<\/p>\n<p>Le Natural Color System est un code international cr\u00e9\u00e9 pour permettre le choix harmonieux des finitions en architecture. En concevant les surfaces, Eccentrico commence toujours par tenir compte de ces combinaisons et chaque projet graphique est accompagn\u00e9 d'une palette pr\u00e9cise de couleurs NCS pouvant donner des indications sur la combinaison de la surface c\u00e9ramique avec les peintures murales, les rideaux, les papiers peints et d'autres mat\u00e9riaux pr\u00e9sents dans l'environnement.<\/p>\n<p>NCS - Natural Color System\u00ae\u00a9 est un syst\u00e8me chromatique bas\u00e9 sur la description de la couleur \u00e0 travers la fa\u00e7on dont l'homme la per\u00e7oit. Pour en savoir plus : www.ncscolour.it<\/p>\n\t\t\n\t\t\t\t\t\t\t\t\t\t\t<\/div>\n\t\t\t\t\t\t\t\t\t\t<\/div>\n\t\t\t\t\t\t\t\t\t\t<br class=\"clear\">\n\t\t\t\t\t\t\t\t\t\t\t\t\t\t\t\t\t<\/div>\n\t\t\t\t\t\t\t\t\t\t\t\t\t<\/div>\n\t\t\t\t\t\t<br class=\"clear\">\n\t\t\t\t\t<\/div>\n\t\t\t\t<\/div>\n\t\t\t\t<div class=\"background-black-mobile\">\n\t\t\t\t\t<div class=\"main-column row-padding\">\n\t\t\t\t\t\t<h2 class=\"big normal white\">Certifications et Licences<\/h2>\n\t\t\t\t\t\t\t\t\t\t\t\t\t<h3 class=\"white\">Certifications environnementales<\/h3>\n\t\t\t\t\t\t\t\t\t\t\t\t\t\t\t\t\t\t\t\t\t\t\t\t<img decoding=\"async\" class=\"half-row-padding\" src=\"https:\/\/eccentri.co\/wp-content\/uploads\/green_edit.jpg\">\n\t\t\t\t\t\t\t\t\t\t\t\t\t\t\t\t<div class=\"half-row-padding\">\n\t\t\t\t\t\t\t\t\t<div class=\"single-title bold tiny\">Green Building Council Italia<\/div>\n\t\t\t\t\t\t\t\t\t<div class=\"single-content tiny\">\n\t\t\t\t\t\t\t\t\t\t<p>Eccentrico maintient le haut niveau d'innovation et de technologie du produit sans sacrifier le respect de la nature et de l'homme ; Galileo Ltd. est membre du Green Building Council Italia, une organisation qui encourage la construction de b\u00e2timents et d'ouvrages dans le respect de l'environnement, de la sant\u00e9 et du bien-\u00eatre des personnes qui y vivent et y travaillent.<\/p>\n\t\t\n\t\t\t\t\t\t\t\t\t<\/div>\n\t\t\t\t\t\t\t\t<\/div>\n\t\t\t\t\t\t\t\t\t\t\t\t\t\t\t\t\t\t\t\t<h3 class=\"white\">Certifications du produit<\/h3>\n\t\t\t\t\t\t\t\t\t\t\t\t\t\t\t\t\t\t\t\t\t\t\t\t<img decoding=\"async\" class=\"half-row-padding\" src=\"https:\/\/eccentri.co\/wp-content\/uploads\/ce_edit.jpg\">\n\t\t\t\t\t\t\t\t\t\t\t\t\t\t\t\t<div class=\"half-row-padding\">\n\t\t\t\t\t\t\t\t\t<div class=\"single-title bold tiny\">CE<\/div>\n\t\t\t\t\t\t\t\t\t<div class=\"single-content tiny\">\n\t\t\t\t\t\t\t\t\t\t<p>Le marquage CE est une garantie que le mat\u00e9riel achet\u00e9 r\u00e9pond \u00e0 toutes les exigences de la r\u00e9glementation en vigueur dans le cadre de la Communaut\u00e9 Europ\u00e9enne pour la protection et la s\u00e9curit\u00e9 du consommateur.<\/p>\n\t\t\n\t\t\t\t\t\t\t\t\t<\/div>\n\t\t\t\t\t\t\t\t<\/div>\n\t\t\t\t\t\t\t\t\t\t\t\t\t\t\t\t\t\t\t\t<h3 class=\"white\">Utiliser des licences<\/h3>\n\t\t\t\t\t\t\t\t\t\t\t\t\t\t\t\t\t\t\t\t\t\t\t\t<img decoding=\"async\" class=\"half-row-padding\" src=\"https:\/\/eccentri.co\/wp-content\/uploads\/ncs_edit.jpg\">\n\t\t\t\t\t\t\t\t\t\t\t\t\t\t\t\t<div class=\"half-row-padding\">\n\t\t\t\t\t\t\t\t\t<div class=\"single-title bold tiny\">NCS<\/div>\n\t\t\t\t\t\t\t\t\t<div class=\"single-content tiny\">\n\t\t\t\t\t\t\t\t\t\t<p>Dans sa recherche esth\u00e9tique et qualitative continue, Eccentrico a d\u00e9cid\u00e9 d'utiliser des instruments capables de compl\u00e9ter la phase de conception de ses produits. Toutes les collections d'Eccentrico sont en effet indiqu\u00e9es par la notation NCS.<\/p>\n<p>Le Natural Color System est un code international cr\u00e9\u00e9 pour permettre le choix harmonieux des finitions en architecture. En concevant les surfaces, Eccentrico commence toujours par tenir compte de ces combinaisons et chaque projet graphique est accompagn\u00e9 d'une palette pr\u00e9cise de couleurs NCS pouvant donner des indications sur la combinaison de la surface c\u00e9ramique avec les peintures murales, les rideaux, les papiers peints et d'autres mat\u00e9riaux pr\u00e9sents dans l'environnement.<\/p>\n<p>NCS - Natural Color System\u00ae\u00a9 est un syst\u00e8me chromatique bas\u00e9 sur la description de la couleur \u00e0 travers la fa\u00e7on dont l'homme la per\u00e7oit. Pour en savoir plus : www.ncscolour.it<\/p>\n\t\t\n\t\t\t\t\t\t\t\t\t<\/div>\n\t\t\t\t\t\t\t\t<\/div>\n\t\t\t\t\t\t\t\t\t\t\t\t\t\t\t\t\t\t<\/div>\n\t\t\t\t<\/div>\n\t\t\t\t\t<\/div>\n\t<\/div><\/div><\/div><\/div><\/div><\/div>","protected":false},"excerpt":{"rendered":"<p>Eccentrico est le nouveau projet de Galileo srl, n\u00e9 pour offrir un produit raffin\u00e9 et d&rsquo;excellente qualit\u00e9 dans toutes les phases de la cha\u00eene. Eccentrico fonde sa force sur la recherche et la conception du produit, en choisissant au fur et \u00e0 mesure les technologies opportunes pour sa r\u00e9alisation et en fournissant un service rapide et attentif aux besoins du client. Notre objectif est d&rsquo;offrir le meilleur du design c\u00e9ramique italien aux march\u00e9s nationaux et internationaux en op\u00e9rant selon une conceptualit\u00e9 illimit\u00e9e, en termes de cr\u00e9ation et de r\u00e9cup\u00e9ration historique, en actualisant les signes antiques et en utilisant les technologies de fa\u00e7on transversale pour obtenir un r\u00e9sultat de grande qualit\u00e9, tant technologique que cr\u00e9ative.<\/p>\n","protected":false},"author":1,"featured_media":4265,"parent":0,"menu_order":0,"comment_status":"closed","ping_status":"closed","template":"page-qzr-about.php","meta":{"_monsterinsights_skip_tracking":false,"_monsterinsights_sitenote_active":false,"_monsterinsights_sitenote_note":"","_monsterinsights_sitenote_category":0,"footnotes":""},"class_list":["post-1578","page","type-page","status-publish","has-post-thumbnail","hentry"],"yoast_head":"<!-- This site is optimized with the Yoast SEO plugin v27.3 - https:\/\/yoast.com\/product\/yoast-seo-wordpress\/ -->\n<title>Eccentrico | Sols et rev\u00eatements en c\u00e9ramique et gr\u00e8s<\/title>\n<meta name=\"description\" content=\"Sols et rev\u00eatements en c\u00e9ramique et gr\u00e8s artisanal : un produit raffin\u00e9 et qualitativement excellent pour des int\u00e9rieurs design\" \/>\n<meta name=\"robots\" content=\"index, follow, max-snippet:-1, max-image-preview:large, max-video-preview:-1\" \/>\n<link rel=\"canonical\" href=\"https:\/\/eccentri.co\/fr\/nous-sommes\/\" \/>\n<meta property=\"og:locale\" content=\"fr_FR\" \/>\n<meta property=\"og:type\" content=\"article\" \/>\n<meta property=\"og:title\" content=\"Eccentrico | Sols et rev\u00eatements en c\u00e9ramique et gr\u00e8s\" \/>\n<meta property=\"og:description\" content=\"Sols et rev\u00eatements en c\u00e9ramique et gr\u00e8s artisanal : un produit raffin\u00e9 et qualitativement excellent pour des int\u00e9rieurs design\" \/>\n<meta property=\"og:url\" content=\"https:\/\/eccentri.co\/fr\/nous-sommes\/\" \/>\n<meta property=\"og:site_name\" content=\"Eccentrico\" \/>\n<meta property=\"article:modified_time\" content=\"2024-04-12T05:18:11+00:00\" \/>\n<meta property=\"og:image\" content=\"https:\/\/eccentri.co\/wp-content\/uploads\/2018\/10\/sfondo.jpg\" \/>\n\t<meta property=\"og:image:width\" content=\"1920\" \/>\n\t<meta property=\"og:image:height\" content=\"1331\" \/>\n\t<meta property=\"og:image:type\" content=\"image\/jpeg\" \/>\n<meta name=\"twitter:card\" content=\"summary_large_image\" \/>\n<meta name=\"twitter:label1\" content=\"Dur\u00e9e de lecture estim\u00e9e\" \/>\n\t<meta name=\"twitter:data1\" content=\"7 minutes\" \/>\n<script type=\"application\/ld+json\" class=\"yoast-schema-graph\">{\"@context\":\"https:\\\/\\\/schema.org\",\"@graph\":[{\"@type\":\"WebPage\",\"@id\":\"https:\\\/\\\/eccentri.co\\\/fr\\\/nous-sommes\\\/\",\"url\":\"https:\\\/\\\/eccentri.co\\\/fr\\\/nous-sommes\\\/\",\"name\":\"Eccentrico | Sols et rev\u00eatements en c\u00e9ramique et gr\u00e8s\",\"isPartOf\":{\"@id\":\"https:\\\/\\\/eccentri.co\\\/fr\\\/#website\"},\"primaryImageOfPage\":{\"@id\":\"https:\\\/\\\/eccentri.co\\\/fr\\\/nous-sommes\\\/#primaryimage\"},\"image\":{\"@id\":\"https:\\\/\\\/eccentri.co\\\/fr\\\/nous-sommes\\\/#primaryimage\"},\"thumbnailUrl\":\"https:\\\/\\\/eccentri.co\\\/wp-content\\\/uploads\\\/Eccentrico_Neo_NightBlue_Stilllife.jpg\",\"datePublished\":\"2019-05-30T09:27:15+00:00\",\"dateModified\":\"2024-04-12T05:18:11+00:00\",\"description\":\"Sols et rev\u00eatements en c\u00e9ramique et gr\u00e8s artisanal : un produit raffin\u00e9 et qualitativement excellent pour des int\u00e9rieurs design\",\"breadcrumb\":{\"@id\":\"https:\\\/\\\/eccentri.co\\\/fr\\\/nous-sommes\\\/#breadcrumb\"},\"inLanguage\":\"fr-FR\",\"potentialAction\":[{\"@type\":\"ReadAction\",\"target\":[\"https:\\\/\\\/eccentri.co\\\/fr\\\/nous-sommes\\\/\"]}]},{\"@type\":\"ImageObject\",\"inLanguage\":\"fr-FR\",\"@id\":\"https:\\\/\\\/eccentri.co\\\/fr\\\/nous-sommes\\\/#primaryimage\",\"url\":\"https:\\\/\\\/eccentri.co\\\/wp-content\\\/uploads\\\/Eccentrico_Neo_NightBlue_Stilllife.jpg\",\"contentUrl\":\"https:\\\/\\\/eccentri.co\\\/wp-content\\\/uploads\\\/Eccentrico_Neo_NightBlue_Stilllife.jpg\",\"width\":1280,\"height\":1920},{\"@type\":\"BreadcrumbList\",\"@id\":\"https:\\\/\\\/eccentri.co\\\/fr\\\/nous-sommes\\\/#breadcrumb\",\"itemListElement\":[{\"@type\":\"ListItem\",\"position\":1,\"name\":\"Home\",\"item\":\"https:\\\/\\\/eccentri.co\\\/fr\\\/\"},{\"@type\":\"ListItem\",\"position\":2,\"name\":\"Nous sommes\"}]},{\"@type\":\"WebSite\",\"@id\":\"https:\\\/\\\/eccentri.co\\\/fr\\\/#website\",\"url\":\"https:\\\/\\\/eccentri.co\\\/fr\\\/\",\"name\":\"Eccentrico\",\"description\":\"\",\"publisher\":{\"@id\":\"https:\\\/\\\/eccentri.co\\\/fr\\\/#organization\"},\"potentialAction\":[{\"@type\":\"SearchAction\",\"target\":{\"@type\":\"EntryPoint\",\"urlTemplate\":\"https:\\\/\\\/eccentri.co\\\/fr\\\/?s={search_term_string}\"},\"query-input\":{\"@type\":\"PropertyValueSpecification\",\"valueRequired\":true,\"valueName\":\"search_term_string\"}}],\"inLanguage\":\"fr-FR\"},{\"@type\":\"Organization\",\"@id\":\"https:\\\/\\\/eccentri.co\\\/fr\\\/#organization\",\"name\":\"Eccentrico by Galileo\",\"url\":\"https:\\\/\\\/eccentri.co\\\/fr\\\/\",\"logo\":{\"@type\":\"ImageObject\",\"inLanguage\":\"fr-FR\",\"@id\":\"https:\\\/\\\/eccentri.co\\\/fr\\\/#\\\/schema\\\/logo\\\/image\\\/\",\"url\":\"https:\\\/\\\/eccentri.co\\\/wp-content\\\/uploads\\\/2019\\\/03\\\/logo_eccentrico.png\",\"contentUrl\":\"https:\\\/\\\/eccentri.co\\\/wp-content\\\/uploads\\\/2019\\\/03\\\/logo_eccentrico.png\",\"width\":1774,\"height\":288,\"caption\":\"Eccentrico by Galileo\"},\"image\":{\"@id\":\"https:\\\/\\\/eccentri.co\\\/fr\\\/#\\\/schema\\\/logo\\\/image\\\/\"}}]}<\/script>\n<!-- \/ Yoast SEO plugin. -->","yoast_head_json":{"title":"Eccentrico | Sols et rev\u00eatements en c\u00e9ramique et gr\u00e8s","description":"Sols et rev\u00eatements en c\u00e9ramique et gr\u00e8s artisanal : un produit raffin\u00e9 et qualitativement excellent pour des int\u00e9rieurs design","robots":{"index":"index","follow":"follow","max-snippet":"max-snippet:-1","max-image-preview":"max-image-preview:large","max-video-preview":"max-video-preview:-1"},"canonical":"https:\/\/eccentri.co\/fr\/nous-sommes\/","og_locale":"fr_FR","og_type":"article","og_title":"Eccentrico | Sols et rev\u00eatements en c\u00e9ramique et gr\u00e8s","og_description":"Sols et rev\u00eatements en c\u00e9ramique et gr\u00e8s artisanal : un produit raffin\u00e9 et qualitativement excellent pour des int\u00e9rieurs design","og_url":"https:\/\/eccentri.co\/fr\/nous-sommes\/","og_site_name":"Eccentrico","article_modified_time":"2024-04-12T05:18:11+00:00","og_image":[{"width":1920,"height":1331,"url":"https:\/\/eccentri.co\/wp-content\/uploads\/2018\/10\/sfondo.jpg","type":"image\/jpeg"}],"twitter_card":"summary_large_image","twitter_misc":{"Dur\u00e9e de lecture estim\u00e9e":"7 minutes"},"schema":{"@context":"https:\/\/schema.org","@graph":[{"@type":"WebPage","@id":"https:\/\/eccentri.co\/fr\/nous-sommes\/","url":"https:\/\/eccentri.co\/fr\/nous-sommes\/","name":"Eccentrico | Sols et rev\u00eatements en c\u00e9ramique et gr\u00e8s","isPartOf":{"@id":"https:\/\/eccentri.co\/fr\/#website"},"primaryImageOfPage":{"@id":"https:\/\/eccentri.co\/fr\/nous-sommes\/#primaryimage"},"image":{"@id":"https:\/\/eccentri.co\/fr\/nous-sommes\/#primaryimage"},"thumbnailUrl":"https:\/\/eccentri.co\/wp-content\/uploads\/Eccentrico_Neo_NightBlue_Stilllife.jpg","datePublished":"2019-05-30T09:27:15+00:00","dateModified":"2024-04-12T05:18:11+00:00","description":"Sols et rev\u00eatements en c\u00e9ramique et gr\u00e8s artisanal : un produit raffin\u00e9 et qualitativement excellent pour des int\u00e9rieurs design","breadcrumb":{"@id":"https:\/\/eccentri.co\/fr\/nous-sommes\/#breadcrumb"},"inLanguage":"fr-FR","potentialAction":[{"@type":"ReadAction","target":["https:\/\/eccentri.co\/fr\/nous-sommes\/"]}]},{"@type":"ImageObject","inLanguage":"fr-FR","@id":"https:\/\/eccentri.co\/fr\/nous-sommes\/#primaryimage","url":"https:\/\/eccentri.co\/wp-content\/uploads\/Eccentrico_Neo_NightBlue_Stilllife.jpg","contentUrl":"https:\/\/eccentri.co\/wp-content\/uploads\/Eccentrico_Neo_NightBlue_Stilllife.jpg","width":1280,"height":1920},{"@type":"BreadcrumbList","@id":"https:\/\/eccentri.co\/fr\/nous-sommes\/#breadcrumb","itemListElement":[{"@type":"ListItem","position":1,"name":"Home","item":"https:\/\/eccentri.co\/fr\/"},{"@type":"ListItem","position":2,"name":"Nous sommes"}]},{"@type":"WebSite","@id":"https:\/\/eccentri.co\/fr\/#website","url":"https:\/\/eccentri.co\/fr\/","name":"Eccentrico","description":"","publisher":{"@id":"https:\/\/eccentri.co\/fr\/#organization"},"potentialAction":[{"@type":"SearchAction","target":{"@type":"EntryPoint","urlTemplate":"https:\/\/eccentri.co\/fr\/?s={search_term_string}"},"query-input":{"@type":"PropertyValueSpecification","valueRequired":true,"valueName":"search_term_string"}}],"inLanguage":"fr-FR"},{"@type":"Organization","@id":"https:\/\/eccentri.co\/fr\/#organization","name":"Eccentrico by Galileo","url":"https:\/\/eccentri.co\/fr\/","logo":{"@type":"ImageObject","inLanguage":"fr-FR","@id":"https:\/\/eccentri.co\/fr\/#\/schema\/logo\/image\/","url":"https:\/\/eccentri.co\/wp-content\/uploads\/2019\/03\/logo_eccentrico.png","contentUrl":"https:\/\/eccentri.co\/wp-content\/uploads\/2019\/03\/logo_eccentrico.png","width":1774,"height":288,"caption":"Eccentrico by Galileo"},"image":{"@id":"https:\/\/eccentri.co\/fr\/#\/schema\/logo\/image\/"}}]}},"_links":{"self":[{"href":"https:\/\/eccentri.co\/fr\/wp-json\/wp\/v2\/pages\/1578","targetHints":{"allow":["GET"]}}],"collection":[{"href":"https:\/\/eccentri.co\/fr\/wp-json\/wp\/v2\/pages"}],"about":[{"href":"https:\/\/eccentri.co\/fr\/wp-json\/wp\/v2\/types\/page"}],"author":[{"embeddable":true,"href":"https:\/\/eccentri.co\/fr\/wp-json\/wp\/v2\/users\/1"}],"replies":[{"embeddable":true,"href":"https:\/\/eccentri.co\/fr\/wp-json\/wp\/v2\/comments?post=1578"}],"version-history":[{"count":15,"href":"https:\/\/eccentri.co\/fr\/wp-json\/wp\/v2\/pages\/1578\/revisions"}],"predecessor-version":[{"id":3858,"href":"https:\/\/eccentri.co\/fr\/wp-json\/wp\/v2\/pages\/1578\/revisions\/3858"}],"wp:featuredmedia":[{"embeddable":true,"href":"https:\/\/eccentri.co\/fr\/wp-json\/wp\/v2\/media\/4265"}],"wp:attachment":[{"href":"https:\/\/eccentri.co\/fr\/wp-json\/wp\/v2\/media?parent=1578"}],"curies":[{"name":"wp","href":"https:\/\/api.w.org\/{rel}","templated":true}]}}