{"id":1346,"date":"2018-12-13T15:27:21","date_gmt":"2018-12-13T14:27:21","guid":{"rendered":"https:\/\/eccentri.co\/privacy\/"},"modified":"2018-12-13T15:27:21","modified_gmt":"2018-12-13T14:27:21","slug":"privacy","status":"publish","type":"page","link":"https:\/\/eccentri.co\/fr\/privacy\/","title":{"rendered":"Privacy"},"content":{"rendered":"<div id=\"pl-1346\"  class=\"panel-layout\" ><div id=\"pg-1346-0\"  class=\"panel-grid panel-no-style\" ><div id=\"pgc-1346-0-0\"  class=\"panel-grid-cell\" ><div id=\"panel-1346-0-0-0\" class=\"so-panel widget widget_about panel-first-child panel-last-child\" data-index=\"0\" ><div class=\"privacy panel-widget-style panel-widget-style-for-1346-0-0-0\" ><div\n\t\t\t\n\t\t\tclass=\"so-widget-about so-widget-about-base\"\n\t\t\t\n\t\t>\t\t<ul class=\"about-menu\">\n\t\t\t\t\t\t\t\t\t\t<li data-id=\"0\" class=\"tiny\">Cookie e Privacy Policy<\/li>\n\t\t\t\t\t<\/ul>\n\t\t<div class=\"about-text\">\n\t\t\t<div class=\"main-column\">\n\t\t\t\t<div class=\"columns-2 about-spacer left row-padding\">\n\t\t\t\t\t<p class=\"very-big\"><br class=\"clear\"><\/p>\n\t\t\t\t<\/div>\n\t\t\t\t<div class=\"columns-6 left\">\n\t\t\t\t\t<h1 class=\"medium-big normal row-padding\">Privacy<\/h1>\n\t\t\t\t\t<!-- \t<div class=\"main-column margin-bottom-2x\">\n\t\t\t\t\t\t<h1 class=\"normal\">Privacy<\/h1>\n\t\t\t\t\t<\/div> -->\n\t\t\t\t\t\t\t\t\t\t\t\t\t\t\t\t<div class=\"section template-4 row-padding\" data-id=\"0\" >\n\t\t\t\t\t\t\t<h2  class=\"normal medium-big columns-3 left\">Cookie e Privacy Policy<\/h2>\n\t\t\t\t\t\t\t<div class=\"columns-5 left medium-tiny\">\n\t\t\t\t\t\t\t\t<p>Informativa sul trattamento dei dati personali ex artt. 13-14 Reg.to UE 2016\/679<\/p>\n<p><strong>Soggetti Interessati: navigatori Sito Internet.<\/strong><\/p>\n<p>GALILEO SRL nella qualit\u00e0 di Titolare del trattamento dei Suoi dati personali, ai sensi e per gli effetti del Reg.to UE 2016\/679 di seguito \u2018GDPR\u2019, con la presente La informa che la citata normativa prevede la tutela degli interessati rispetto al trattamento dei dati personali e che tale trattamento sar\u00e0 improntato ai principi di correttezza, liceit\u00e0, trasparenza e di tutela della Sua riservatezza e dei Suoi diritti.<\/p>\n<p>I Suoi dati personali verranno trattati in accordo alle disposizioni legislative della normativa sopra richiamata e degli obblighi di riservatezza ivi previsti.<br \/>\nFinalit\u00e0 e base giuridica del trattamento: in particolare i Suoi dati saranno utilizzati per le seguenti finalit\u00e0 relative all\u2019esecuzione di misure connesse ad obblighi contrattuali o pre-contrattuali:<\/p>\n<ul>\n<li>accesso tecnico e Funzionale al Sito nessun dato viene tenuto dopo la chiusura del Browser;<\/li>\n<li>finalit\u00e0 di navigazione Evoluta o gestione dei contenuti personalizzata;<\/li>\n<li>finalit\u00e0 Statistica e di Analisi della navigazione e degli utenti.<\/li>\n<\/ul>\n<p>Modalit\u00e0 del trattamento. I suoi dati personali potranno essere trattati nei seguenti modi:<\/p>\n<ul>\n<li>a mezzo calcolatori elettronici con utilizzo di sistemi software gestiti da Terzi;<\/li>\n<li>a mezzo calcolatori elettronici con utilizzo di sistemi software gestiti o programmati direttamente;<\/li>\n<li>trattamento temporaneo in Forma Anonima.<\/li>\n<\/ul>\n<p>Ogni trattamento avviene nel rispetto delle modalit\u00e0 di cui agli artt. 6, 32 del GDPR e mediante l\u2019adozione delle adeguate misure di sicurezza previste.<\/p>\n<p>I suoi dati saranno trattati unicamente da personale espressamente autorizzato dal Titolare ed, in particolare, dalle seguenti categorie di addetti:<\/p>\n<ul>\n<li>programmatori e Analisti;<\/li>\n<li>ufficio Marketing.<\/li>\n<\/ul>\n<p><strong>Diffusione: I suoi dati personali non verranno diffusi in alcun modo.<\/strong><\/p>\n<p>Periodo di Conservazione. Le segnaliamo che, nel rispetto dei principi di liceit\u00e0, limitazione delle finalit\u00e0 e minimizzazione dei dati, ai sensi dell\u2019art. 5 del GDPR, il periodo di conservazione dei Suoi dati personali \u00e8:<\/p>\n<ul>\n<li>stabilito per un arco di tempo non superiore all\u2019espletamento dei servizi erogati.<\/li>\n<\/ul>\n<p>Gestione dei cookie: nel caso in cui Lei abbia dubbi o preoccupazioni in merito all\u2019utilizzo dei cookie Le \u00e8 sempre possibile intervenire per impedirne l\u2019impostazione e la lettura, ad esempio modificando le impostazioni sulla privacy all\u2019interno del Suo browser al fine di bloccarne determinati tipi.<br \/>\nPoich\u00e9 ciascun browser \u2013 e spesso diverse versioni dello stesso browser \u2013 differiscono anche sensibilmente le une dalle altre se preferisce agire autonomamente mediante le preferenze del Suo browser pu\u00f2 trovare informazioni dettagliate sulla procedura necessaria nella guida del Suo browser.<br \/>\nPer una panoramica delle modalit\u00e0 di azione per i browser pi\u00f9 comuni, pu\u00f2 visitare l\u2019indirizzo www.cookiepedia.co.uk.<br \/>\nLe societ\u00e0 pubblicitarie consentono inoltre di rinunciare alla ricezione di annunci mirati, se lo si desidera. Ci\u00f2 non impedisce l\u2019impostazione dei cookie, ma interrompe l\u2019utilizzo e la raccolta di alcuni dati da parte di tali societ\u00e0.<\/p>\n<p>Per maggiori informazioni e possibilit\u00e0 di rinuncia, visitare l\u2019indirizzo www.youronlinechoices.eu.<\/p>\n<p>Titolare: il Titolare del trattamento dei dati, ai sensi della Legge, \u00e8 GALILEO SRL (VIA DEI PRATI, 23 , 41035 FORMIGINE \u2013 LOC. UBERSETTO (MO); email:<br \/>\ninfo@egalileo.it; telefono: 0597473703; P.Iva: 01813060363) nella persona del suo legale rappresentante pro tempore.<\/p>\n<p>Lei ha diritto di ottenere dal titolare la cancellazione (diritto all\u2019oblio), la limitazione, l\u2019aggiornamento, la rettificazione, la portabilit\u00e0, l\u2019opposizione al<br \/>\ntrattamento dei dati personali che La riguardano, nonch\u00e9 in generale pu\u00f2 esercitare tutti i diritti previsti dagli artt. 15, 16, 17, 18, 19, 20, 21, 22 del<br \/>\nGDPR.<\/p>\n<p>Potr\u00e0 inoltre visionare in ogni momento la versione aggiornata della presente informativa collegandosi all\u2019indirizzo internet\u00a0<a href=\"https:\/\/www.privacylab.it\/informativa.php?12350360978.\">https:\/\/www.privacylab.it\/informativa.php?12350360978.<\/a><\/p>\n<p><a href=\"https:\/\/eccentri.co\/wp-content\/uploads\/2019\/01\/Informativa.pdf\">Vedi l'informativa completa<\/a><\/p>\n\t\t\t\t\t\t\t\t\n\t\t\t\t\t\t\t\t\t\t\t\t\t\t\t<\/div>\n\n\t\t\t\t\t\t\t\t\t\t\t\t\t\t<br class=\"clear\">\n\t\t\t\t\t\t<\/div>\n\t\t\t\t\t\t\t\t\t\t\t\t\t\t\t<\/div>\n\t\t\t\t<br class=\"clear\">\n\t\t\t<\/div>\n\n\t\t\t\t\t<\/div>\n\t<\/div><\/div><\/div><\/div><\/div><\/div><\/div>","protected":false},"excerpt":{"rendered":"<p>Cookie e Privacy Policy Privacy Cookie e Privacy Policy Informativa sul trattamento dei dati personali ex artt. 13-14 Reg.to UE 2016\/679 Soggetti Interessati: navigatori Sito Internet. GALILEO SRL nella qualit\u00e0 di Titolare del trattamento dei Suoi dati personali, ai sensi e per gli effetti del Reg.to UE 2016\/679 di seguito \u2018GDPR\u2019, con la presente La [&hellip;]<\/p>\n","protected":false},"author":1,"featured_media":0,"parent":0,"menu_order":0,"comment_status":"closed","ping_status":"closed","template":"page-qzr-about.php","meta":{"_monsterinsights_skip_tracking":false,"_monsterinsights_sitenote_active":false,"_monsterinsights_sitenote_note":"","_monsterinsights_sitenote_category":0,"footnotes":""},"class_list":["post-1346","page","type-page","status-publish","hentry"],"yoast_head":"<!-- This site is optimized with the Yoast SEO plugin v27.3 - https:\/\/yoast.com\/product\/yoast-seo-wordpress\/ -->\n<title>Privacy - Eccentrico<\/title>\n<meta name=\"robots\" content=\"index, follow, max-snippet:-1, max-image-preview:large, max-video-preview:-1\" \/>\n<link rel=\"canonical\" href=\"https:\/\/eccentri.co\/fr\/privacy\/\" \/>\n<meta property=\"og:locale\" content=\"fr_FR\" \/>\n<meta property=\"og:type\" content=\"article\" \/>\n<meta property=\"og:title\" content=\"Privacy - Eccentrico\" \/>\n<meta property=\"og:description\" content=\"Cookie e Privacy Policy Privacy Cookie e Privacy Policy Informativa sul trattamento dei dati personali ex artt. 13-14 Reg.to UE 2016\/679 Soggetti Interessati: navigatori Sito Internet. GALILEO SRL nella qualit\u00e0 di Titolare del trattamento dei Suoi dati personali, ai sensi e per gli effetti del Reg.to UE 2016\/679 di seguito \u2018GDPR\u2019, con la presente La [&hellip;]\" \/>\n<meta property=\"og:url\" content=\"https:\/\/eccentri.co\/fr\/privacy\/\" \/>\n<meta property=\"og:site_name\" content=\"Eccentrico\" \/>\n<meta name=\"twitter:card\" content=\"summary_large_image\" \/>\n<script type=\"application\/ld+json\" class=\"yoast-schema-graph\">{\"@context\":\"https:\\\/\\\/schema.org\",\"@graph\":[{\"@type\":\"WebPage\",\"@id\":\"https:\\\/\\\/eccentri.co\\\/fr\\\/privacy\\\/\",\"url\":\"https:\\\/\\\/eccentri.co\\\/fr\\\/privacy\\\/\",\"name\":\"Privacy - Eccentrico\",\"isPartOf\":{\"@id\":\"https:\\\/\\\/eccentri.co\\\/fr\\\/#website\"},\"datePublished\":\"2018-12-13T14:27:21+00:00\",\"breadcrumb\":{\"@id\":\"https:\\\/\\\/eccentri.co\\\/fr\\\/privacy\\\/#breadcrumb\"},\"inLanguage\":\"fr-FR\",\"potentialAction\":[{\"@type\":\"ReadAction\",\"target\":[\"https:\\\/\\\/eccentri.co\\\/fr\\\/privacy\\\/\"]}]},{\"@type\":\"BreadcrumbList\",\"@id\":\"https:\\\/\\\/eccentri.co\\\/fr\\\/privacy\\\/#breadcrumb\",\"itemListElement\":[{\"@type\":\"ListItem\",\"position\":1,\"name\":\"Home\",\"item\":\"https:\\\/\\\/eccentri.co\\\/fr\\\/\"},{\"@type\":\"ListItem\",\"position\":2,\"name\":\"Privacy\"}]},{\"@type\":\"WebSite\",\"@id\":\"https:\\\/\\\/eccentri.co\\\/fr\\\/#website\",\"url\":\"https:\\\/\\\/eccentri.co\\\/fr\\\/\",\"name\":\"Eccentrico\",\"description\":\"\",\"publisher\":{\"@id\":\"https:\\\/\\\/eccentri.co\\\/fr\\\/#organization\"},\"potentialAction\":[{\"@type\":\"SearchAction\",\"target\":{\"@type\":\"EntryPoint\",\"urlTemplate\":\"https:\\\/\\\/eccentri.co\\\/fr\\\/?s={search_term_string}\"},\"query-input\":{\"@type\":\"PropertyValueSpecification\",\"valueRequired\":true,\"valueName\":\"search_term_string\"}}],\"inLanguage\":\"fr-FR\"},{\"@type\":\"Organization\",\"@id\":\"https:\\\/\\\/eccentri.co\\\/fr\\\/#organization\",\"name\":\"Eccentrico by Galileo\",\"url\":\"https:\\\/\\\/eccentri.co\\\/fr\\\/\",\"logo\":{\"@type\":\"ImageObject\",\"inLanguage\":\"fr-FR\",\"@id\":\"https:\\\/\\\/eccentri.co\\\/fr\\\/#\\\/schema\\\/logo\\\/image\\\/\",\"url\":\"https:\\\/\\\/eccentri.co\\\/wp-content\\\/uploads\\\/2019\\\/03\\\/logo_eccentrico.png\",\"contentUrl\":\"https:\\\/\\\/eccentri.co\\\/wp-content\\\/uploads\\\/2019\\\/03\\\/logo_eccentrico.png\",\"width\":1774,\"height\":288,\"caption\":\"Eccentrico by Galileo\"},\"image\":{\"@id\":\"https:\\\/\\\/eccentri.co\\\/fr\\\/#\\\/schema\\\/logo\\\/image\\\/\"}}]}<\/script>\n<!-- \/ Yoast SEO plugin. -->","yoast_head_json":{"title":"Privacy - Eccentrico","robots":{"index":"index","follow":"follow","max-snippet":"max-snippet:-1","max-image-preview":"max-image-preview:large","max-video-preview":"max-video-preview:-1"},"canonical":"https:\/\/eccentri.co\/fr\/privacy\/","og_locale":"fr_FR","og_type":"article","og_title":"Privacy - Eccentrico","og_description":"Cookie e Privacy Policy Privacy Cookie e Privacy Policy Informativa sul trattamento dei dati personali ex artt. 13-14 Reg.to UE 2016\/679 Soggetti Interessati: navigatori Sito Internet. GALILEO SRL nella qualit\u00e0 di Titolare del trattamento dei Suoi dati personali, ai sensi e per gli effetti del Reg.to UE 2016\/679 di seguito \u2018GDPR\u2019, con la presente La [&hellip;]","og_url":"https:\/\/eccentri.co\/fr\/privacy\/","og_site_name":"Eccentrico","twitter_card":"summary_large_image","schema":{"@context":"https:\/\/schema.org","@graph":[{"@type":"WebPage","@id":"https:\/\/eccentri.co\/fr\/privacy\/","url":"https:\/\/eccentri.co\/fr\/privacy\/","name":"Privacy - Eccentrico","isPartOf":{"@id":"https:\/\/eccentri.co\/fr\/#website"},"datePublished":"2018-12-13T14:27:21+00:00","breadcrumb":{"@id":"https:\/\/eccentri.co\/fr\/privacy\/#breadcrumb"},"inLanguage":"fr-FR","potentialAction":[{"@type":"ReadAction","target":["https:\/\/eccentri.co\/fr\/privacy\/"]}]},{"@type":"BreadcrumbList","@id":"https:\/\/eccentri.co\/fr\/privacy\/#breadcrumb","itemListElement":[{"@type":"ListItem","position":1,"name":"Home","item":"https:\/\/eccentri.co\/fr\/"},{"@type":"ListItem","position":2,"name":"Privacy"}]},{"@type":"WebSite","@id":"https:\/\/eccentri.co\/fr\/#website","url":"https:\/\/eccentri.co\/fr\/","name":"Eccentrico","description":"","publisher":{"@id":"https:\/\/eccentri.co\/fr\/#organization"},"potentialAction":[{"@type":"SearchAction","target":{"@type":"EntryPoint","urlTemplate":"https:\/\/eccentri.co\/fr\/?s={search_term_string}"},"query-input":{"@type":"PropertyValueSpecification","valueRequired":true,"valueName":"search_term_string"}}],"inLanguage":"fr-FR"},{"@type":"Organization","@id":"https:\/\/eccentri.co\/fr\/#organization","name":"Eccentrico by Galileo","url":"https:\/\/eccentri.co\/fr\/","logo":{"@type":"ImageObject","inLanguage":"fr-FR","@id":"https:\/\/eccentri.co\/fr\/#\/schema\/logo\/image\/","url":"https:\/\/eccentri.co\/wp-content\/uploads\/2019\/03\/logo_eccentrico.png","contentUrl":"https:\/\/eccentri.co\/wp-content\/uploads\/2019\/03\/logo_eccentrico.png","width":1774,"height":288,"caption":"Eccentrico by Galileo"},"image":{"@id":"https:\/\/eccentri.co\/fr\/#\/schema\/logo\/image\/"}}]}},"_links":{"self":[{"href":"https:\/\/eccentri.co\/fr\/wp-json\/wp\/v2\/pages\/1346","targetHints":{"allow":["GET"]}}],"collection":[{"href":"https:\/\/eccentri.co\/fr\/wp-json\/wp\/v2\/pages"}],"about":[{"href":"https:\/\/eccentri.co\/fr\/wp-json\/wp\/v2\/types\/page"}],"author":[{"embeddable":true,"href":"https:\/\/eccentri.co\/fr\/wp-json\/wp\/v2\/users\/1"}],"replies":[{"embeddable":true,"href":"https:\/\/eccentri.co\/fr\/wp-json\/wp\/v2\/comments?post=1346"}],"version-history":[{"count":0,"href":"https:\/\/eccentri.co\/fr\/wp-json\/wp\/v2\/pages\/1346\/revisions"}],"wp:attachment":[{"href":"https:\/\/eccentri.co\/fr\/wp-json\/wp\/v2\/media?parent=1346"}],"curies":[{"name":"wp","href":"https:\/\/api.w.org\/{rel}","templated":true}]}}