{"id":3774,"date":"2024-04-10T07:39:02","date_gmt":"2024-04-10T05:39:02","guid":{"rendered":"https:\/\/eccentri.co\/?page_id=3774"},"modified":"2024-04-12T16:37:32","modified_gmt":"2024-04-12T14:37:32","slug":"feinsteinzeugs-mit-polierter-optik","status":"publish","type":"page","link":"https:\/\/eccentri.co\/de\/feinsteinzeugs-mit-polierter-optik\/","title":{"rendered":"Feinsteinzeugs mit polierter Optik"},"content":{"rendered":"<div id=\"pl-3774\"  class=\"panel-layout\" ><div id=\"pg-3774-0\"  class=\"panel-grid panel-no-style\" ><div id=\"pgc-3774-0-0\"  class=\"panel-grid-cell\" ><div id=\"panel-3774-0-0-0\" class=\"so-panel widget widget_about panel-first-child panel-last-child\" data-index=\"0\" ><div\n\t\t\t\n\t\t\tclass=\"so-widget-about so-widget-about-base\"\n\t\t\t\n\t\t>\t\t<ul class=\"about-menu\">\n\t\t\t\t\t\t\t\t\t\t<li data-id=\"0\" class=\"tiny\">Der Zauber der Keramik aus Feinsteinzeug mit polierter Optik\u00a0<\/li>\n\t\t\t\t\t\t\t<li data-id=\"1\" class=\"tiny\">Praktische Vorteile des Feinsteinzeugs mit polierter Optik<\/li>\n\t\t\t\t\t<\/ul>\n\t\t<div class=\"about-text\">\n\t\t\t<div class=\"main-column\">\n\t\t\t\t<div class=\"columns-2 about-spacer left row-padding\">\n\t\t\t\t\t<p class=\"very-big\"><br class=\"clear\"><\/p>\n\t\t\t\t<\/div>\n\t\t\t\t<div class=\"columns-6 left\">\n\t\t\t\t\t<h1 class=\"medium-big normal row-padding\">Feinsteinzeugs mit polierter Optik<\/h1>\n\t\t\t\t\t<!-- \t<div class=\"main-column margin-bottom-2x\">\n\t\t\t\t\t\t<h1 class=\"normal\">Feinsteinzeugs mit polierter Optik<\/h1>\n\t\t\t\t\t<\/div> -->\n\t\t\t\t\t\t\t\t\t\t\t\t\t\t\t\t<div class=\"section template-4 row-padding\" data-id=\"0\" >\n\t\t\t\t\t\t\t<h2  class=\"normal medium-big columns-3 left\">Der Zauber der Keramik aus Feinsteinzeug mit polierter Optik\u00a0<\/h2>\n\t\t\t\t\t\t\t<div class=\"columns-5 left medium-tiny\">\n\t\t\t\t\t\t\t\t<p>In der Welt der Innenarchitektur ist die Wahl der richtigen Materialien von grundlegender Bedeutung, um eine luxuri\u00f6se und anspruchsvolle Atmosph\u00e4re zu schaffen. Eine Tendenz, die an Beliebtheit gewonnen hat, ist die Verwendung von Keramikverkleidungen aus <b>Feinsteinzeug mit polierter Optik<\/b>. Diese vorz\u00fcgliche Wahl verleiht Ihrem Raum nicht nur einen Hauch von \u00dcppigkeit, sondern stellt auch in der Einrichtungswahl die Langlebigkeit und die Vielseitigkeit eines der in der Innenarchitektur gesuchtesten Materialien in den Vordergrund.<br \/>\n<b>Die leuchtende Anziehungskraft des Feinsteinzeugs mit polierter Optik<\/b><\/p>\n<p>Das <b>Feinsteinzeug mit polierter Optik<\/b> liefert einen kennzeichnenden Glanz, der aufgrund seiner charakteristischen Reflexion des Lichts sofort die Aufmerksamkeit auf sich zieht. Eine Wirkung, die nicht nur die visuelle Attraktivit\u00e4t hervorhebt, sondern auch einen Hauch von Feinheit hinzuf\u00fcgt, die die gesamte \u00c4sthetik des Raumes verbessern kann. Einer der gr\u00f6\u00dften Vorteile des <b>Feinsteinzeugs mit polierter Optik<\/b> ist seine Vielseitigkeit im Design. Diese Fliesen sind in einer Vielfalt von Farben, Mustern und Ma\u00dfen verf\u00fcgbar und erm\u00f6glichen kreative Freiheit in Ihren innenarchitektonischen Projekten. Ob Sie einen klassischen und zeitlosen Look oder eine moderne und gewagte L\u00f6sung bevorzugen, bietet das Feinsteinzeug mit polierter Optik die perfekte Leinwand, um Ihre Vision des Designs ins Leben zu rufen.<\/p>\n\t\t\t\t\t\t\t\t\n\t\t\t\t\t\t\t\t\t\t\t\t\t\t\t<\/div>\n\n\t\t\t\t\t\t\t\t\t\t\t\t\t\t\t<br class=\"clear\">\n\t\t\t\t\t\t\t\t<div class=\"image\" style=\"background-image: url(https:\/\/eccentri.co\/wp-content\/uploads\/Prussia_03.jpg)\"><\/div>\n\t\t\t\t\t\t\t\t\t\t\t\t\t\t<br class=\"clear\">\n\t\t\t\t\t\t<\/div>\n\t\t\t\t\t\t\t\t\t\t\t\t\t\t\t\t\t<div class=\"section template-4 row-padding\" data-id=\"1\" >\n\t\t\t\t\t\t\t<h2  class=\"normal medium-big columns-3 left\">Praktische Vorteile des Feinsteinzeugs mit polierter Optik<\/h2>\n\t\t\t\t\t\t\t<div class=\"columns-5 left medium-tiny\">\n\t\t\t\t\t\t\t\t<p>Neben seinem \u00e4sthetischen Reiz bietet das <b>Feinsteinzeug mit polierter Optik <\/b>praktische Vorteile, die es zur bevorzugten Wahl von vielen Designern macht. Die gl\u00e4nzende Oberfl\u00e4che ist nicht nur leicht zu reinigen sondern auch schmutzabweisend und das macht sie zu einer idealen Verkleidung f\u00fcr R\u00e4ume mit hoher Funktionalit\u00e4t wie die K\u00fcche oder das Bad, ohne auf die \u00c4sthetik zu verzichten. Au\u00dferdem gew\u00e4hrleistet die widerstandsf\u00e4hige Natur des Feinsteinzeugs die Langlebigkeit der gew\u00e4hlten Verkleidungen und machen es deshalb zu einer sehr g\u00fcnstigen Investition. Die Fliesen aus <b>Feinsteinzeug mit polierter Optik<\/b> k\u00f6nnen geschickt als Verkleidung f\u00fcr eine dekorative Wand oder f\u00fcr den Fu\u00dfboden verwendet werden: Die reflektierende Oberfl\u00e4che kann n\u00e4mlich dazu beitragen, die kleineren R\u00e4ume gr\u00f6\u00dfer aussehen zu lassen und dem Haus ein Gef\u00fchl von \u00d6ffnung und Luftigkeit verleihen. Um zu garantieren, dass das <b>Feinsteinzeug mit polierter Optik<\/b> sein volles Potenzial erreicht, sind eine korrekte Verlegung und eine korrekte Pflege ausschlaggebend, daher ist es wichtig, sich den Fachleuten anzuvertrauen und eine regelm\u00e4\u00dfige Reinigung einzuplanen, um die Sch\u00f6nheit der Fliesen langfristig zu bewahren.<\/p>\n<p>Die Verkleidungen aus <b>Feinsteinzeug mit polierter Optik<\/b> stellen eine Wende in der Welt der Innenarchitektur dar, dies dank der F\u00e4higkeit, eine helle und ausgesuchte Atmosph\u00e4re zu schaffen und gleichzeitig verschiedene praktische Vorteile beizubehalten.<\/p>\n<p><a href=\"https:\/\/eccentri.co\/de\/collections\/\"><span lang=\"DE\">Entdecken Sie unsere Kollektionen<\/span><\/a><\/p>\n\t\t\t\t\t\t\t\t\n\t\t\t\t\t\t\t\t\t\t\t\t\t\t\t<\/div>\n\n\t\t\t\t\t\t\t\t\t\t\t\t\t\t\t<br class=\"clear\">\n\t\t\t\t\t\t\t\t<div class=\"image\" style=\"background-image: url()\"><\/div>\n\t\t\t\t\t\t\t\t\t\t\t\t\t\t<br class=\"clear\">\n\t\t\t\t\t\t<\/div>\n\t\t\t\t\t\t\t\t\t\t\t\t\t\t\t<\/div>\n\t\t\t\t<br class=\"clear\">\n\t\t\t<\/div>\n\n\t\t\t\t\t<\/div>\n\t<\/div><\/div><\/div><\/div><\/div><\/div>","protected":false},"excerpt":{"rendered":"<p>Der Zauber der Keramik aus Feinsteinzeug mit polierter Optik\u00a0 Praktische Vorteile des Feinsteinzeugs mit polierter Optik Feinsteinzeugs mit polierter Optik Der Zauber der Keramik aus Feinsteinzeug mit polierter Optik\u00a0 In der Welt der Innenarchitektur ist die Wahl der richtigen Materialien von grundlegender Bedeutung, um eine luxuri\u00f6se und anspruchsvolle Atmosph\u00e4re zu schaffen. Eine Tendenz, die an [&hellip;]<\/p>\n","protected":false},"author":1,"featured_media":0,"parent":0,"menu_order":0,"comment_status":"closed","ping_status":"closed","template":"page-qzr-about.php","meta":{"_monsterinsights_skip_tracking":false,"_monsterinsights_sitenote_active":false,"_monsterinsights_sitenote_note":"","_monsterinsights_sitenote_category":0,"footnotes":""},"class_list":["post-3774","page","type-page","status-publish","hentry"],"yoast_head":"<!-- This site is optimized with the Yoast SEO plugin v27.3 - https:\/\/yoast.com\/product\/yoast-seo-wordpress\/ -->\n<title>Feinsteinzeugs mit polierter Optik - Eccentrico<\/title>\n<meta name=\"description\" content=\"Die Fliesen aus Feinsteinzeug mit polierter Optik k\u00f6nnen geschickt als Verkleidung f\u00fcr eine dekorative Wand\" \/>\n<meta name=\"robots\" content=\"index, follow, max-snippet:-1, max-image-preview:large, max-video-preview:-1\" \/>\n<link rel=\"canonical\" href=\"https:\/\/eccentri.co\/de\/feinsteinzeugs-mit-polierter-optik\/\" \/>\n<meta property=\"og:locale\" content=\"de_DE\" \/>\n<meta property=\"og:type\" content=\"article\" \/>\n<meta property=\"og:title\" content=\"Feinsteinzeugs mit polierter Optik - Eccentrico\" \/>\n<meta property=\"og:description\" content=\"Die Fliesen aus Feinsteinzeug mit polierter Optik k\u00f6nnen geschickt als Verkleidung f\u00fcr eine dekorative Wand\" \/>\n<meta property=\"og:url\" content=\"https:\/\/eccentri.co\/de\/feinsteinzeugs-mit-polierter-optik\/\" \/>\n<meta property=\"og:site_name\" content=\"Eccentrico\" \/>\n<meta property=\"article:modified_time\" content=\"2024-04-12T14:37:32+00:00\" \/>\n<meta name=\"twitter:card\" content=\"summary_large_image\" \/>\n<meta name=\"twitter:label1\" content=\"Gesch\u00e4tzte Lesezeit\" \/>\n\t<meta name=\"twitter:data1\" content=\"3\u00a0Minuten\" \/>\n<script type=\"application\/ld+json\" class=\"yoast-schema-graph\">{\"@context\":\"https:\\\/\\\/schema.org\",\"@graph\":[{\"@type\":\"WebPage\",\"@id\":\"https:\\\/\\\/eccentri.co\\\/de\\\/feinsteinzeugs-mit-polierter-optik\\\/\",\"url\":\"https:\\\/\\\/eccentri.co\\\/de\\\/feinsteinzeugs-mit-polierter-optik\\\/\",\"name\":\"Feinsteinzeugs mit polierter Optik - Eccentrico\",\"isPartOf\":{\"@id\":\"https:\\\/\\\/eccentri.co\\\/de\\\/#website\"},\"datePublished\":\"2024-04-10T05:39:02+00:00\",\"dateModified\":\"2024-04-12T14:37:32+00:00\",\"description\":\"Die Fliesen aus Feinsteinzeug mit polierter Optik k\u00f6nnen geschickt als Verkleidung f\u00fcr eine dekorative Wand\",\"breadcrumb\":{\"@id\":\"https:\\\/\\\/eccentri.co\\\/de\\\/feinsteinzeugs-mit-polierter-optik\\\/#breadcrumb\"},\"inLanguage\":\"de\",\"potentialAction\":[{\"@type\":\"ReadAction\",\"target\":[\"https:\\\/\\\/eccentri.co\\\/de\\\/feinsteinzeugs-mit-polierter-optik\\\/\"]}]},{\"@type\":\"BreadcrumbList\",\"@id\":\"https:\\\/\\\/eccentri.co\\\/de\\\/feinsteinzeugs-mit-polierter-optik\\\/#breadcrumb\",\"itemListElement\":[{\"@type\":\"ListItem\",\"position\":1,\"name\":\"Home\",\"item\":\"https:\\\/\\\/eccentri.co\\\/de\\\/\"},{\"@type\":\"ListItem\",\"position\":2,\"name\":\"Feinsteinzeugs mit polierter Optik\"}]},{\"@type\":\"WebSite\",\"@id\":\"https:\\\/\\\/eccentri.co\\\/de\\\/#website\",\"url\":\"https:\\\/\\\/eccentri.co\\\/de\\\/\",\"name\":\"Eccentrico\",\"description\":\"\",\"publisher\":{\"@id\":\"https:\\\/\\\/eccentri.co\\\/de\\\/#organization\"},\"potentialAction\":[{\"@type\":\"SearchAction\",\"target\":{\"@type\":\"EntryPoint\",\"urlTemplate\":\"https:\\\/\\\/eccentri.co\\\/de\\\/?s={search_term_string}\"},\"query-input\":{\"@type\":\"PropertyValueSpecification\",\"valueRequired\":true,\"valueName\":\"search_term_string\"}}],\"inLanguage\":\"de\"},{\"@type\":\"Organization\",\"@id\":\"https:\\\/\\\/eccentri.co\\\/de\\\/#organization\",\"name\":\"Eccentrico by Galileo\",\"url\":\"https:\\\/\\\/eccentri.co\\\/de\\\/\",\"logo\":{\"@type\":\"ImageObject\",\"inLanguage\":\"de\",\"@id\":\"https:\\\/\\\/eccentri.co\\\/de\\\/#\\\/schema\\\/logo\\\/image\\\/\",\"url\":\"https:\\\/\\\/eccentri.co\\\/wp-content\\\/uploads\\\/2019\\\/03\\\/logo_eccentrico.png\",\"contentUrl\":\"https:\\\/\\\/eccentri.co\\\/wp-content\\\/uploads\\\/2019\\\/03\\\/logo_eccentrico.png\",\"width\":1774,\"height\":288,\"caption\":\"Eccentrico by Galileo\"},\"image\":{\"@id\":\"https:\\\/\\\/eccentri.co\\\/de\\\/#\\\/schema\\\/logo\\\/image\\\/\"}}]}<\/script>\n<!-- \/ Yoast SEO plugin. -->","yoast_head_json":{"title":"Feinsteinzeugs mit polierter Optik - Eccentrico","description":"Die Fliesen aus Feinsteinzeug mit polierter Optik k\u00f6nnen geschickt als Verkleidung f\u00fcr eine dekorative Wand","robots":{"index":"index","follow":"follow","max-snippet":"max-snippet:-1","max-image-preview":"max-image-preview:large","max-video-preview":"max-video-preview:-1"},"canonical":"https:\/\/eccentri.co\/de\/feinsteinzeugs-mit-polierter-optik\/","og_locale":"de_DE","og_type":"article","og_title":"Feinsteinzeugs mit polierter Optik - Eccentrico","og_description":"Die Fliesen aus Feinsteinzeug mit polierter Optik k\u00f6nnen geschickt als Verkleidung f\u00fcr eine dekorative Wand","og_url":"https:\/\/eccentri.co\/de\/feinsteinzeugs-mit-polierter-optik\/","og_site_name":"Eccentrico","article_modified_time":"2024-04-12T14:37:32+00:00","twitter_card":"summary_large_image","twitter_misc":{"Gesch\u00e4tzte Lesezeit":"3\u00a0Minuten"},"schema":{"@context":"https:\/\/schema.org","@graph":[{"@type":"WebPage","@id":"https:\/\/eccentri.co\/de\/feinsteinzeugs-mit-polierter-optik\/","url":"https:\/\/eccentri.co\/de\/feinsteinzeugs-mit-polierter-optik\/","name":"Feinsteinzeugs mit polierter Optik - Eccentrico","isPartOf":{"@id":"https:\/\/eccentri.co\/de\/#website"},"datePublished":"2024-04-10T05:39:02+00:00","dateModified":"2024-04-12T14:37:32+00:00","description":"Die Fliesen aus Feinsteinzeug mit polierter Optik k\u00f6nnen geschickt als Verkleidung f\u00fcr eine dekorative Wand","breadcrumb":{"@id":"https:\/\/eccentri.co\/de\/feinsteinzeugs-mit-polierter-optik\/#breadcrumb"},"inLanguage":"de","potentialAction":[{"@type":"ReadAction","target":["https:\/\/eccentri.co\/de\/feinsteinzeugs-mit-polierter-optik\/"]}]},{"@type":"BreadcrumbList","@id":"https:\/\/eccentri.co\/de\/feinsteinzeugs-mit-polierter-optik\/#breadcrumb","itemListElement":[{"@type":"ListItem","position":1,"name":"Home","item":"https:\/\/eccentri.co\/de\/"},{"@type":"ListItem","position":2,"name":"Feinsteinzeugs mit polierter Optik"}]},{"@type":"WebSite","@id":"https:\/\/eccentri.co\/de\/#website","url":"https:\/\/eccentri.co\/de\/","name":"Eccentrico","description":"","publisher":{"@id":"https:\/\/eccentri.co\/de\/#organization"},"potentialAction":[{"@type":"SearchAction","target":{"@type":"EntryPoint","urlTemplate":"https:\/\/eccentri.co\/de\/?s={search_term_string}"},"query-input":{"@type":"PropertyValueSpecification","valueRequired":true,"valueName":"search_term_string"}}],"inLanguage":"de"},{"@type":"Organization","@id":"https:\/\/eccentri.co\/de\/#organization","name":"Eccentrico by Galileo","url":"https:\/\/eccentri.co\/de\/","logo":{"@type":"ImageObject","inLanguage":"de","@id":"https:\/\/eccentri.co\/de\/#\/schema\/logo\/image\/","url":"https:\/\/eccentri.co\/wp-content\/uploads\/2019\/03\/logo_eccentrico.png","contentUrl":"https:\/\/eccentri.co\/wp-content\/uploads\/2019\/03\/logo_eccentrico.png","width":1774,"height":288,"caption":"Eccentrico by Galileo"},"image":{"@id":"https:\/\/eccentri.co\/de\/#\/schema\/logo\/image\/"}}]}},"_links":{"self":[{"href":"https:\/\/eccentri.co\/de\/wp-json\/wp\/v2\/pages\/3774","targetHints":{"allow":["GET"]}}],"collection":[{"href":"https:\/\/eccentri.co\/de\/wp-json\/wp\/v2\/pages"}],"about":[{"href":"https:\/\/eccentri.co\/de\/wp-json\/wp\/v2\/types\/page"}],"author":[{"embeddable":true,"href":"https:\/\/eccentri.co\/de\/wp-json\/wp\/v2\/users\/1"}],"replies":[{"embeddable":true,"href":"https:\/\/eccentri.co\/de\/wp-json\/wp\/v2\/comments?post=3774"}],"version-history":[{"count":5,"href":"https:\/\/eccentri.co\/de\/wp-json\/wp\/v2\/pages\/3774\/revisions"}],"predecessor-version":[{"id":3892,"href":"https:\/\/eccentri.co\/de\/wp-json\/wp\/v2\/pages\/3774\/revisions\/3892"}],"wp:attachment":[{"href":"https:\/\/eccentri.co\/de\/wp-json\/wp\/v2\/media?parent=3774"}],"curies":[{"name":"wp","href":"https:\/\/api.w.org\/{rel}","templated":true}]}}