{"id":3768,"date":"2024-04-10T07:43:38","date_gmt":"2024-04-10T05:43:38","guid":{"rendered":"https:\/\/eccentri.co\/?page_id=3768"},"modified":"2024-04-12T16:36:49","modified_gmt":"2024-04-12T14:36:49","slug":"feinsteinzeug-mit-matter-optik","status":"publish","type":"page","link":"https:\/\/eccentri.co\/de\/feinsteinzeug-mit-matter-optik\/","title":{"rendered":"Feinsteinzeug mit matter Optik"},"content":{"rendered":"<div id=\"pl-3768\"  class=\"panel-layout\" ><div id=\"pg-3768-0\"  class=\"panel-grid panel-no-style\" ><div id=\"pgc-3768-0-0\"  class=\"panel-grid-cell\" ><div id=\"panel-3768-0-0-0\" class=\"so-panel widget widget_about panel-first-child panel-last-child\" data-index=\"0\" ><div\n\t\t\t\n\t\t\tclass=\"so-widget-about so-widget-about-base\"\n\t\t\t\n\t\t>\t\t<ul class=\"about-menu\">\n\t\t\t\t\t\t\t\t\t\t<li data-id=\"0\" class=\"tiny\">Zeitlose Eleganz: Der Zauber der Verkleidung aus Feinsteinzeug mit matter Optik<\/li>\n\t\t\t\t\t\t\t<li data-id=\"1\" class=\"tiny\">Feinsteinzeug mit matter Optik: praktische Vorteile<\/li>\n\t\t\t\t\t<\/ul>\n\t\t<div class=\"about-text\">\n\t\t\t<div class=\"main-column\">\n\t\t\t\t<div class=\"columns-2 about-spacer left row-padding\">\n\t\t\t\t\t<p class=\"very-big\"><br class=\"clear\"><\/p>\n\t\t\t\t<\/div>\n\t\t\t\t<div class=\"columns-6 left\">\n\t\t\t\t\t<h1 class=\"medium-big normal row-padding\">Feinsteinzeug mit matter Optik<\/h1>\n\t\t\t\t\t<!-- \t<div class=\"main-column margin-bottom-2x\">\n\t\t\t\t\t\t<h1 class=\"normal\">Feinsteinzeug mit matter Optik<\/h1>\n\t\t\t\t\t<\/div> -->\n\t\t\t\t\t\t\t\t\t\t\t\t\t\t\t\t<div class=\"section template-4 row-padding\" data-id=\"0\" >\n\t\t\t\t\t\t\t<h2  class=\"normal medium-big columns-3 left\">Zeitlose Eleganz: Der Zauber der Verkleidung aus Feinsteinzeug mit matter Optik<\/h2>\n\t\t\t\t\t\t\t<div class=\"columns-5 left medium-tiny\">\n\t\t\t\t\t\t\t\t<p>In der weiten Welt der Innenarchitektur ist die Wahl der richtigen Verkleidung von grundlegender Bedeutung, um einen Wohnraum zu schaffen, der uns \u00e4hnelt und Stil und Ausgesuchtheit oder Zweckm\u00e4\u00dfigkeit und Bequemlichkeit widerspiegeln kann. Eine immer beliebtere Option, die beide Vorteile mit sich bringt, ist die Verkleidung aus <b>Feinsteinzeug mit matter Optik<\/b>.Die bezaubernde Einfachheit des Feinsteinzeugs mit matter Optik<br \/>\nDie Verkleidung aus <b>Feinsteinzeug mit matter Optik<\/b> zeichnet sich durch ihre elegante Einfachheit aus, weit entfernt vom Glanz, der die Aufmerksamkeit auf sich lenken will, und will eher einen ausgesuchten und diskreten Stil schaffen. Die Wahl dieser Verkleidung eignet sich besonders f\u00fcr diejenigen, die sich einen zeitlosen Stil w\u00fcnschen, mit einem Hauch von moderner Ausgesuchtheit. Eines der kennzeichnenden Merkmale des\u00a0 <b>Feinsteinzeugs mit matter Optik<\/b> ist n\u00e4mlich seine Vielseitigkeit im Design. Verf\u00fcgbar in einer breiten Palette von Farben und Stilen eignet sich diese Art von Verkleidung f\u00fcr vielf\u00e4ltige \u00e4sthetische Auslegungen. Von den neutralen und klassischen Farbt\u00f6nen bis zu den gewagteren und moderneren Optionen, bietet die matte Wirkung eine kreative Leinwand, die sich jeder Art von Projekt anpasst.<\/p>\n\t\t\t\t\t\t\t\t\n\t\t\t\t\t\t\t\t\t\t\t\t\t\t\t<\/div>\n\n\t\t\t\t\t\t\t\t\t\t\t\t\t\t\t<br class=\"clear\">\n\t\t\t\t\t\t\t\t<div class=\"image\" style=\"background-image: url(https:\/\/eccentri.co\/wp-content\/uploads\/20210716_eccentrico_royal_aprile-1491-1024x1024.jpg)\"><\/div>\n\t\t\t\t\t\t\t\t\t\t\t\t\t\t<br class=\"clear\">\n\t\t\t\t\t\t<\/div>\n\t\t\t\t\t\t\t\t\t\t\t\t\t\t\t\t\t<div class=\"section template-4 row-padding\" data-id=\"1\" >\n\t\t\t\t\t\t\t<h2  class=\"normal medium-big columns-3 left\">Feinsteinzeug mit matter Optik: praktische Vorteile<\/h2>\n\t\t\t\t\t\t\t<div class=\"columns-5 left medium-tiny\">\n\t\t\t\t\t\t\t\t<p>Neben seinem eleganten Aussehen bietet die Verkleidung aus <b>Feinsteinzeug mit matter Optik<\/b> zahlreiche praktische Vorteile. Auf ihrer matten Oberfl\u00e4che bleiben die Fingerabdr\u00fccke sowie die eventuellen Gebrauchsspuren weniger sichtbar und ihr Aussehen bleibt auch mit der Zeit makellos. Au\u00dferdem ist sie leicht zu reinigen und ben\u00f6tigt weniger Pflege als andere gl\u00e4nzendere Verkleidungen. Die Verkleidung aus <b>Feinsteinzeug mit matter Optik<\/b> findet in einer Vielfalt von Wohnr\u00e4umen Anwendung: von der K\u00fcche \u00fcber das Bad bis hin zum Esszimmer. Ihre Widerstandsf\u00e4higkeit und ihr geringer Reinigungsaufwand machen sie ideal f\u00fcr die R\u00e4ume im Haus, die wir mit mehr Intensit\u00e4t nutzen. Diese besondere Art von Verkleidung kann sowohl f\u00fcr Fu\u00dfb\u00f6den als auch f\u00fcr W\u00e4nde verwendet werden und liefert dabei dem gesamten Raum eine \u00e4sthetische Koh\u00e4sion. Damit die Verkleidung aus <b>Feinsteinzeug mit matter Optik<\/b> ihre Sch\u00f6nheit auch langfristig beibeh\u00e4lt, ist es wichtig, sie richtig zu verlegen und zu pflegen. Es wird empfohlen, sich f\u00fcr die Verlegung an Fachleute zu wenden, um so eine genaue und dauerhafte Verlegung zu gew\u00e4hrleisten. F\u00fcr die t\u00e4gliche Pflege gen\u00fcgt die Reinigung mit neutralen Reinigungsmitteln und einem feuchten Tuch, um die matte Wirkung aufrechtzuerhalten.<br \/>\nDie Verkleidung aus <b>Feinsteinzeug mit matter Optik<\/b> verk\u00f6rpert die zeitlose Eleganz und bietet eine ausgesuchte und vielseitige Design-L\u00f6sung. Mit ihrer matten Oberfl\u00e4che und ihrer Widerstandsf\u00e4higkeit ist diese Wahl f\u00fcr diejenigen perfekt, die eine diskrete \u00c4sthetik und zugleich eine Vereinfachung des Alltagslebens durch leicht zu pflegende Materialien suchen.<\/p>\n<p><a href=\"https:\/\/eccentri.co\/de\/collections\/\"><span lang=\"DE\">Entdecken Sie unsere Kollektionen<\/span><\/a><\/p>\n\t\t\t\t\t\t\t\t\n\t\t\t\t\t\t\t\t\t\t\t\t\t\t\t<\/div>\n\n\t\t\t\t\t\t\t\t\t\t\t\t\t\t\t<br class=\"clear\">\n\t\t\t\t\t\t\t\t<div class=\"image\" style=\"background-image: url()\"><\/div>\n\t\t\t\t\t\t\t\t\t\t\t\t\t\t<br class=\"clear\">\n\t\t\t\t\t\t<\/div>\n\t\t\t\t\t\t\t\t\t\t\t\t\t\t\t<\/div>\n\t\t\t\t<br class=\"clear\">\n\t\t\t<\/div>\n\n\t\t\t\t\t<\/div>\n\t<\/div><\/div><\/div><\/div><\/div><\/div>","protected":false},"excerpt":{"rendered":"<p>Zeitlose Eleganz: Der Zauber der Verkleidung aus Feinsteinzeug mit matter Optik Feinsteinzeug mit matter Optik: praktische Vorteile Feinsteinzeug mit matter Optik Zeitlose Eleganz: Der Zauber der Verkleidung aus Feinsteinzeug mit matter Optik In der weiten Welt der Innenarchitektur ist die Wahl der richtigen Verkleidung von grundlegender Bedeutung, um einen Wohnraum zu schaffen, der uns \u00e4hnelt [&hellip;]<\/p>\n","protected":false},"author":1,"featured_media":0,"parent":0,"menu_order":0,"comment_status":"closed","ping_status":"closed","template":"page-qzr-about.php","meta":{"_monsterinsights_skip_tracking":false,"_monsterinsights_sitenote_active":false,"_monsterinsights_sitenote_note":"","_monsterinsights_sitenote_category":0,"footnotes":""},"class_list":["post-3768","page","type-page","status-publish","hentry"],"yoast_head":"<!-- This site is optimized with the Yoast SEO plugin v27.1.1 - https:\/\/yoast.com\/product\/yoast-seo-wordpress\/ -->\n<title>Feinsteinzeug mit matter Optik - Eccentrico<\/title>\n<meta name=\"description\" content=\"Eines der kennzeichnenden Merkmale des Feinsteinzeugs mit matter Optik ist n\u00e4mlich seine Vielseitigkeit im Design\" \/>\n<meta name=\"robots\" content=\"index, follow, max-snippet:-1, max-image-preview:large, max-video-preview:-1\" \/>\n<link rel=\"canonical\" href=\"https:\/\/eccentri.co\/de\/feinsteinzeug-mit-matter-optik\/\" \/>\n<meta property=\"og:locale\" content=\"de_DE\" \/>\n<meta property=\"og:type\" content=\"article\" \/>\n<meta property=\"og:title\" content=\"Feinsteinzeug mit matter Optik - Eccentrico\" \/>\n<meta property=\"og:description\" content=\"Eines der kennzeichnenden Merkmale des Feinsteinzeugs mit matter Optik ist n\u00e4mlich seine Vielseitigkeit im Design\" \/>\n<meta property=\"og:url\" content=\"https:\/\/eccentri.co\/de\/feinsteinzeug-mit-matter-optik\/\" \/>\n<meta property=\"og:site_name\" content=\"Eccentrico\" \/>\n<meta property=\"article:modified_time\" content=\"2024-04-12T14:36:49+00:00\" \/>\n<meta name=\"twitter:card\" content=\"summary_large_image\" \/>\n<meta name=\"twitter:label1\" content=\"Gesch\u00e4tzte Lesezeit\" \/>\n\t<meta name=\"twitter:data1\" content=\"3\u00a0Minuten\" \/>\n<script type=\"application\/ld+json\" class=\"yoast-schema-graph\">{\"@context\":\"https:\/\/schema.org\",\"@graph\":[{\"@type\":\"WebPage\",\"@id\":\"https:\/\/eccentri.co\/de\/feinsteinzeug-mit-matter-optik\/\",\"url\":\"https:\/\/eccentri.co\/de\/feinsteinzeug-mit-matter-optik\/\",\"name\":\"Feinsteinzeug mit matter Optik - Eccentrico\",\"isPartOf\":{\"@id\":\"https:\/\/eccentri.co\/de\/#website\"},\"datePublished\":\"2024-04-10T05:43:38+00:00\",\"dateModified\":\"2024-04-12T14:36:49+00:00\",\"description\":\"Eines der kennzeichnenden Merkmale des Feinsteinzeugs mit matter Optik ist n\u00e4mlich seine Vielseitigkeit im Design\",\"breadcrumb\":{\"@id\":\"https:\/\/eccentri.co\/de\/feinsteinzeug-mit-matter-optik\/#breadcrumb\"},\"inLanguage\":\"de\",\"potentialAction\":[{\"@type\":\"ReadAction\",\"target\":[\"https:\/\/eccentri.co\/de\/feinsteinzeug-mit-matter-optik\/\"]}]},{\"@type\":\"BreadcrumbList\",\"@id\":\"https:\/\/eccentri.co\/de\/feinsteinzeug-mit-matter-optik\/#breadcrumb\",\"itemListElement\":[{\"@type\":\"ListItem\",\"position\":1,\"name\":\"Home\",\"item\":\"https:\/\/eccentri.co\/de\/\"},{\"@type\":\"ListItem\",\"position\":2,\"name\":\"Feinsteinzeug mit matter Optik\"}]},{\"@type\":\"WebSite\",\"@id\":\"https:\/\/eccentri.co\/de\/#website\",\"url\":\"https:\/\/eccentri.co\/de\/\",\"name\":\"Eccentrico\",\"description\":\"\",\"publisher\":{\"@id\":\"https:\/\/eccentri.co\/de\/#organization\"},\"potentialAction\":[{\"@type\":\"SearchAction\",\"target\":{\"@type\":\"EntryPoint\",\"urlTemplate\":\"https:\/\/eccentri.co\/de\/?s={search_term_string}\"},\"query-input\":{\"@type\":\"PropertyValueSpecification\",\"valueRequired\":true,\"valueName\":\"search_term_string\"}}],\"inLanguage\":\"de\"},{\"@type\":\"Organization\",\"@id\":\"https:\/\/eccentri.co\/de\/#organization\",\"name\":\"Eccentrico by Galileo\",\"url\":\"https:\/\/eccentri.co\/de\/\",\"logo\":{\"@type\":\"ImageObject\",\"inLanguage\":\"de\",\"@id\":\"https:\/\/eccentri.co\/de\/#\/schema\/logo\/image\/\",\"url\":\"https:\/\/eccentri.co\/wp-content\/uploads\/2019\/03\/logo_eccentrico.png\",\"contentUrl\":\"https:\/\/eccentri.co\/wp-content\/uploads\/2019\/03\/logo_eccentrico.png\",\"width\":1774,\"height\":288,\"caption\":\"Eccentrico by Galileo\"},\"image\":{\"@id\":\"https:\/\/eccentri.co\/de\/#\/schema\/logo\/image\/\"}}]}<\/script>\n<!-- \/ Yoast SEO plugin. -->","yoast_head_json":{"title":"Feinsteinzeug mit matter Optik - Eccentrico","description":"Eines der kennzeichnenden Merkmale des Feinsteinzeugs mit matter Optik ist n\u00e4mlich seine Vielseitigkeit im Design","robots":{"index":"index","follow":"follow","max-snippet":"max-snippet:-1","max-image-preview":"max-image-preview:large","max-video-preview":"max-video-preview:-1"},"canonical":"https:\/\/eccentri.co\/de\/feinsteinzeug-mit-matter-optik\/","og_locale":"de_DE","og_type":"article","og_title":"Feinsteinzeug mit matter Optik - Eccentrico","og_description":"Eines der kennzeichnenden Merkmale des Feinsteinzeugs mit matter Optik ist n\u00e4mlich seine Vielseitigkeit im Design","og_url":"https:\/\/eccentri.co\/de\/feinsteinzeug-mit-matter-optik\/","og_site_name":"Eccentrico","article_modified_time":"2024-04-12T14:36:49+00:00","twitter_card":"summary_large_image","twitter_misc":{"Gesch\u00e4tzte Lesezeit":"3\u00a0Minuten"},"schema":{"@context":"https:\/\/schema.org","@graph":[{"@type":"WebPage","@id":"https:\/\/eccentri.co\/de\/feinsteinzeug-mit-matter-optik\/","url":"https:\/\/eccentri.co\/de\/feinsteinzeug-mit-matter-optik\/","name":"Feinsteinzeug mit matter Optik - Eccentrico","isPartOf":{"@id":"https:\/\/eccentri.co\/de\/#website"},"datePublished":"2024-04-10T05:43:38+00:00","dateModified":"2024-04-12T14:36:49+00:00","description":"Eines der kennzeichnenden Merkmale des Feinsteinzeugs mit matter Optik ist n\u00e4mlich seine Vielseitigkeit im Design","breadcrumb":{"@id":"https:\/\/eccentri.co\/de\/feinsteinzeug-mit-matter-optik\/#breadcrumb"},"inLanguage":"de","potentialAction":[{"@type":"ReadAction","target":["https:\/\/eccentri.co\/de\/feinsteinzeug-mit-matter-optik\/"]}]},{"@type":"BreadcrumbList","@id":"https:\/\/eccentri.co\/de\/feinsteinzeug-mit-matter-optik\/#breadcrumb","itemListElement":[{"@type":"ListItem","position":1,"name":"Home","item":"https:\/\/eccentri.co\/de\/"},{"@type":"ListItem","position":2,"name":"Feinsteinzeug mit matter Optik"}]},{"@type":"WebSite","@id":"https:\/\/eccentri.co\/de\/#website","url":"https:\/\/eccentri.co\/de\/","name":"Eccentrico","description":"","publisher":{"@id":"https:\/\/eccentri.co\/de\/#organization"},"potentialAction":[{"@type":"SearchAction","target":{"@type":"EntryPoint","urlTemplate":"https:\/\/eccentri.co\/de\/?s={search_term_string}"},"query-input":{"@type":"PropertyValueSpecification","valueRequired":true,"valueName":"search_term_string"}}],"inLanguage":"de"},{"@type":"Organization","@id":"https:\/\/eccentri.co\/de\/#organization","name":"Eccentrico by Galileo","url":"https:\/\/eccentri.co\/de\/","logo":{"@type":"ImageObject","inLanguage":"de","@id":"https:\/\/eccentri.co\/de\/#\/schema\/logo\/image\/","url":"https:\/\/eccentri.co\/wp-content\/uploads\/2019\/03\/logo_eccentrico.png","contentUrl":"https:\/\/eccentri.co\/wp-content\/uploads\/2019\/03\/logo_eccentrico.png","width":1774,"height":288,"caption":"Eccentrico by Galileo"},"image":{"@id":"https:\/\/eccentri.co\/de\/#\/schema\/logo\/image\/"}}]}},"_links":{"self":[{"href":"https:\/\/eccentri.co\/de\/wp-json\/wp\/v2\/pages\/3768","targetHints":{"allow":["GET"]}}],"collection":[{"href":"https:\/\/eccentri.co\/de\/wp-json\/wp\/v2\/pages"}],"about":[{"href":"https:\/\/eccentri.co\/de\/wp-json\/wp\/v2\/types\/page"}],"author":[{"embeddable":true,"href":"https:\/\/eccentri.co\/de\/wp-json\/wp\/v2\/users\/1"}],"replies":[{"embeddable":true,"href":"https:\/\/eccentri.co\/de\/wp-json\/wp\/v2\/comments?post=3768"}],"version-history":[{"count":7,"href":"https:\/\/eccentri.co\/de\/wp-json\/wp\/v2\/pages\/3768\/revisions"}],"predecessor-version":[{"id":3891,"href":"https:\/\/eccentri.co\/de\/wp-json\/wp\/v2\/pages\/3768\/revisions\/3891"}],"wp:attachment":[{"href":"https:\/\/eccentri.co\/de\/wp-json\/wp\/v2\/media?parent=3768"}],"curies":[{"name":"wp","href":"https:\/\/api.w.org\/{rel}","templated":true}]}}