{"id":3756,"date":"2024-04-10T07:30:00","date_gmt":"2024-04-10T05:30:00","guid":{"rendered":"https:\/\/eccentri.co\/?page_id=3756"},"modified":"2024-04-12T17:06:52","modified_gmt":"2024-04-12T15:06:52","slug":"grossformatige-fliesen","status":"publish","type":"page","link":"https:\/\/eccentri.co\/de\/grossformatige-fliesen\/","title":{"rendered":"Gro\u00dfformatige Fliesen"},"content":{"rendered":"<div id=\"pl-3756\"  class=\"panel-layout\" ><div id=\"pg-3756-0\"  class=\"panel-grid panel-no-style\" ><div id=\"pgc-3756-0-0\"  class=\"panel-grid-cell\" ><div id=\"panel-3756-0-0-0\" class=\"so-panel widget widget_about panel-first-child panel-last-child\" data-index=\"0\" ><div\n\t\t\t\n\t\t\tclass=\"so-widget-about so-widget-about-base\"\n\t\t\t\n\t\t>\t\t<ul class=\"about-menu\">\n\t\t\t\t\t\t\t\t\t\t<li data-id=\"0\" class=\"tiny\">Der Charme der gro\u00dfformatigen Fliesen im Innnendesign<\/li>\n\t\t\t\t\t\t\t<li data-id=\"1\" class=\"tiny\">Gro\u00dfformatige Fliesen: Praktische Anwendungen und Ratschl\u00e4ge f\u00fcr die Verlegung<\/li>\n\t\t\t\t\t<\/ul>\n\t\t<div class=\"about-text\">\n\t\t\t<div class=\"main-column\">\n\t\t\t\t<div class=\"columns-2 about-spacer left row-padding\">\n\t\t\t\t\t<p class=\"very-big\"><br class=\"clear\"><\/p>\n\t\t\t\t<\/div>\n\t\t\t\t<div class=\"columns-6 left\">\n\t\t\t\t\t<h1 class=\"medium-big normal row-padding\">Gro\u00dfformatige Fliesen<\/h1>\n\t\t\t\t\t<!-- \t<div class=\"main-column margin-bottom-2x\">\n\t\t\t\t\t\t<h1 class=\"normal\">Gro\u00dfformatige Fliesen<\/h1>\n\t\t\t\t\t<\/div> -->\n\t\t\t\t\t\t\t\t\t\t\t\t\t\t\t\t<div class=\"section template-4 row-padding\" data-id=\"0\" >\n\t\t\t\t\t\t\t<h2  class=\"normal medium-big columns-3 left\">Der Charme der gro\u00dfformatigen Fliesen im Innnendesign<\/h2>\n\t\t\t\t\t\t\t<div class=\"columns-5 left medium-tiny\">\n\t\t\t\t\t\t\t\t<p>In der Welt der Innenarchitektur wurden die <b>gro\u00dfformatigen Fliesen<\/b> schnell zu einer gewagten und modernen Wahl, die die R\u00e4ume in echte architektonische Meisterwerke verwandelt. Diese Fliesen mit gro\u00dfz\u00fcgigen Abmessungen bringen eine Reihe \u00e4sthetischer und funktionelle Vorteile mit sich, allen voran die visuelle Wirkung, die sie zu einem Trend in der architektonischen Planung gemacht haben.<br \/>\n<b>Imposante Dimensionen, elegante Wirkung<\/b><br \/>\nDie <b>gro\u00dfformatigen Fliesen<\/b> zeichnen sich durch ihre imposanten Dimensionen aus, oft \u00fcber 60x60 cm. Diese Gr\u00f6\u00dfe verleiht sofort ein Gef\u00fchl der Offenheit und reduziert die Anzahl der sichtbaren Fugen und sieht so sauberer und eleganter aus.\u00a0 Diese visuelle Wirkung kann einen Raum radikal verwandeln und ihm Gr\u00f6\u00dfe und Modernit\u00e4t schenken.<br \/>\nEine der \u00fcberraschendsten Eigenschaften der <b>gro\u00dfformatigen Fliesen<\/b> ist ihre F\u00e4higkeit, ein Gef\u00fchl von visueller Kontinuit\u00e4t und Ger\u00e4umigkeit zu verleihen. In kleineren R\u00e4umen, wie B\u00e4dern oder K\u00fcchen, beseitigt die Verwendung dieser Fliesen das Gef\u00fchl von visuellen Unterbrechungen und l\u00e4sst die W\u00e4nde gr\u00f6\u00dfer und gleichm\u00e4\u00dfiger aussehen. Die Fugen zwischen den <b>gro\u00dfformatigen Fliesen<\/b> werden durch das gro\u00dfe Format aufs Minimum reduziert und es wird so eine regelm\u00e4\u00dfigere und sauberere Oberfl\u00e4che geschaffen. Das tr\u00e4gt nicht nur zu einer moderneren \u00c4sthetik bei, sondern vereinfacht auch die Reinigung und macht es leichter, den Raum in tadellosem Zustand zu erhalten. Die gro\u00dfformatigen Fliesen erschlie\u00dfen eine Welt von kreativen M\u00f6glichkeiten f\u00fcr die Entwerfer. Sie k\u00f6nnen auf vielf\u00e4ltiger Weise verwendet werden, f\u00fcr Fu\u00dfb\u00f6den und W\u00e4nde, f\u00fcr die Verkleidung von M\u00f6beln oder horizontalen Fl\u00e4chen. Die visuelle Kontinuit\u00e4t, die sie bieten, erm\u00f6glichen ein gewagteres und innovativeres Entwerfen und schaffen so einen einzigartigen und kennzeichnenden Stil.<\/p>\n\t\t\t\t\t\t\t\t\n\t\t\t\t\t\t\t\t\t\t\t\t\t\t\t<\/div>\n\n\t\t\t\t\t\t\t\t\t\t\t\t\t\t\t<br class=\"clear\">\n\t\t\t\t\t\t\t\t<div class=\"image\" style=\"background-image: url(https:\/\/eccentri.co\/wp-content\/uploads\/Industrial_01-723x1024.jpg)\"><\/div>\n\t\t\t\t\t\t\t\t\t\t\t\t\t\t<br class=\"clear\">\n\t\t\t\t\t\t<\/div>\n\t\t\t\t\t\t\t\t\t\t\t\t\t\t\t\t\t<div class=\"section template-4 row-padding\" data-id=\"1\" >\n\t\t\t\t\t\t\t<h2  class=\"normal medium-big columns-3 left\">Gro\u00dfformatige Fliesen: Praktische Anwendungen und Ratschl\u00e4ge f\u00fcr die Verlegung<\/h2>\n\t\t\t\t\t\t\t<div class=\"columns-5 left medium-tiny\">\n\t\t\t\t\t\t\t\t<div>Neben ihrer \u00e4sthetischen Wirkung bieten die <b>gro\u00dfformatigen Fliesen<\/b> auch praktische Vorteile. Sie sind ideal f\u00fcr R\u00e4ume, wo viele Personen durchgehen, wie Eingangshallen und Flure, da es weniger Fugen gibt und sie daher leichter zu reinigen sind. F\u00fcr eine optimale Verlegung wird empfohlen, sich an erfahrene Fachleute zu wenden, die mit den technischen Herausforderungen der gro\u00dfformatigen Fliesen vertraut sind.<\/div>\n<div>&lt;p\"&gt;Abschlie\u00dfend kann die Verwendung von <b>gro\u00dfformatigen Fliesen<\/b> das Innendesign revolutionieren und moderne, offene und elegante R\u00e4ume schaffen. Ihre imposante Dimension, die visuelle Kontinuit\u00e4t und die unendlichen kreativen M\u00f6glichkeiten machen daraus die vorz\u00fcgliche Wahl f\u00fcr diejenigen, die auf der Suche nach einer modernen und gewagten \u00c4sthetik sind. Ob Sie ein bestehendes Haus renovieren oder einen neuen Raum entwerfen, nehmen Sie den Zauber der gro\u00dfformatigen Fliesen in Betracht, um ihre Umgebung in einem Meisterwerk des Designs zu verwandeln.<\/div>\n<div>\n<a href=\"https:\/\/eccentri.co\/de\/collections\/\"><span lang=\"DE\">Entdecken Sie unsere Kollektionen<\/span><\/a><\/div>\n\t\t\t\t\t\t\t\t\n\t\t\t\t\t\t\t\t\t\t\t\t\t\t\t<\/div>\n\n\t\t\t\t\t\t\t\t\t\t\t\t\t\t\t<br class=\"clear\">\n\t\t\t\t\t\t\t\t<div class=\"image\" style=\"background-image: url()\"><\/div>\n\t\t\t\t\t\t\t\t\t\t\t\t\t\t<br class=\"clear\">\n\t\t\t\t\t\t<\/div>\n\t\t\t\t\t\t\t\t\t\t\t\t\t\t\t<\/div>\n\t\t\t\t<br class=\"clear\">\n\t\t\t<\/div>\n\n\t\t\t\t\t<\/div>\n\t<\/div><\/div><\/div><\/div><\/div><\/div>","protected":false},"excerpt":{"rendered":"<p>Der Charme der gro\u00dfformatigen Fliesen im Innnendesign Gro\u00dfformatige Fliesen: Praktische Anwendungen und Ratschl\u00e4ge f\u00fcr die Verlegung Gro\u00dfformatige Fliesen Der Charme der gro\u00dfformatigen Fliesen im Innnendesign In der Welt der Innenarchitektur wurden die gro\u00dfformatigen Fliesen schnell zu einer gewagten und modernen Wahl, die die R\u00e4ume in echte architektonische Meisterwerke verwandelt. Diese Fliesen mit gro\u00dfz\u00fcgigen Abmessungen bringen [&hellip;]<\/p>\n","protected":false},"author":1,"featured_media":0,"parent":0,"menu_order":0,"comment_status":"closed","ping_status":"closed","template":"page-qzr-about.php","meta":{"_monsterinsights_skip_tracking":false,"_monsterinsights_sitenote_active":false,"_monsterinsights_sitenote_note":"","_monsterinsights_sitenote_category":0,"footnotes":""},"class_list":["post-3756","page","type-page","status-publish","hentry"],"yoast_head":"<!-- This site is optimized with the Yoast SEO plugin v27.1.1 - https:\/\/yoast.com\/product\/yoast-seo-wordpress\/ -->\n<title>Gro\u00dfformatige Fliesen - Eccentrico<\/title>\n<meta name=\"description\" content=\"Diese Gr\u00f6\u00dfe verleiht sofort ein Gef\u00fchl der Offenheit und reduziert die Anzahl der sichtbaren Fugen und sieht so sauberer und eleganter aus.\" \/>\n<meta name=\"robots\" content=\"index, follow, max-snippet:-1, max-image-preview:large, max-video-preview:-1\" \/>\n<link rel=\"canonical\" href=\"https:\/\/eccentri.co\/de\/grossformatige-fliesen\/\" \/>\n<meta property=\"og:locale\" content=\"de_DE\" \/>\n<meta property=\"og:type\" content=\"article\" \/>\n<meta property=\"og:title\" content=\"Gro\u00dfformatige Fliesen - Eccentrico\" \/>\n<meta property=\"og:description\" content=\"Diese Gr\u00f6\u00dfe verleiht sofort ein Gef\u00fchl der Offenheit und reduziert die Anzahl der sichtbaren Fugen und sieht so sauberer und eleganter aus.\" \/>\n<meta property=\"og:url\" content=\"https:\/\/eccentri.co\/de\/grossformatige-fliesen\/\" \/>\n<meta property=\"og:site_name\" content=\"Eccentrico\" \/>\n<meta property=\"article:modified_time\" content=\"2024-04-12T15:06:52+00:00\" \/>\n<meta name=\"twitter:card\" content=\"summary_large_image\" \/>\n<meta name=\"twitter:label1\" content=\"Gesch\u00e4tzte Lesezeit\" \/>\n\t<meta name=\"twitter:data1\" content=\"3\u00a0Minuten\" \/>\n<script type=\"application\/ld+json\" class=\"yoast-schema-graph\">{\"@context\":\"https:\/\/schema.org\",\"@graph\":[{\"@type\":\"WebPage\",\"@id\":\"https:\/\/eccentri.co\/de\/grossformatige-fliesen\/\",\"url\":\"https:\/\/eccentri.co\/de\/grossformatige-fliesen\/\",\"name\":\"Gro\u00dfformatige Fliesen - Eccentrico\",\"isPartOf\":{\"@id\":\"https:\/\/eccentri.co\/de\/#website\"},\"datePublished\":\"2024-04-10T05:30:00+00:00\",\"dateModified\":\"2024-04-12T15:06:52+00:00\",\"description\":\"Diese Gr\u00f6\u00dfe verleiht sofort ein Gef\u00fchl der Offenheit und reduziert die Anzahl der sichtbaren Fugen und sieht so sauberer und eleganter aus.\",\"breadcrumb\":{\"@id\":\"https:\/\/eccentri.co\/de\/grossformatige-fliesen\/#breadcrumb\"},\"inLanguage\":\"de\",\"potentialAction\":[{\"@type\":\"ReadAction\",\"target\":[\"https:\/\/eccentri.co\/de\/grossformatige-fliesen\/\"]}]},{\"@type\":\"BreadcrumbList\",\"@id\":\"https:\/\/eccentri.co\/de\/grossformatige-fliesen\/#breadcrumb\",\"itemListElement\":[{\"@type\":\"ListItem\",\"position\":1,\"name\":\"Home\",\"item\":\"https:\/\/eccentri.co\/de\/\"},{\"@type\":\"ListItem\",\"position\":2,\"name\":\"Gro\u00dfformatige Fliesen\"}]},{\"@type\":\"WebSite\",\"@id\":\"https:\/\/eccentri.co\/de\/#website\",\"url\":\"https:\/\/eccentri.co\/de\/\",\"name\":\"Eccentrico\",\"description\":\"\",\"publisher\":{\"@id\":\"https:\/\/eccentri.co\/de\/#organization\"},\"potentialAction\":[{\"@type\":\"SearchAction\",\"target\":{\"@type\":\"EntryPoint\",\"urlTemplate\":\"https:\/\/eccentri.co\/de\/?s={search_term_string}\"},\"query-input\":{\"@type\":\"PropertyValueSpecification\",\"valueRequired\":true,\"valueName\":\"search_term_string\"}}],\"inLanguage\":\"de\"},{\"@type\":\"Organization\",\"@id\":\"https:\/\/eccentri.co\/de\/#organization\",\"name\":\"Eccentrico by Galileo\",\"url\":\"https:\/\/eccentri.co\/de\/\",\"logo\":{\"@type\":\"ImageObject\",\"inLanguage\":\"de\",\"@id\":\"https:\/\/eccentri.co\/de\/#\/schema\/logo\/image\/\",\"url\":\"https:\/\/eccentri.co\/wp-content\/uploads\/2019\/03\/logo_eccentrico.png\",\"contentUrl\":\"https:\/\/eccentri.co\/wp-content\/uploads\/2019\/03\/logo_eccentrico.png\",\"width\":1774,\"height\":288,\"caption\":\"Eccentrico by Galileo\"},\"image\":{\"@id\":\"https:\/\/eccentri.co\/de\/#\/schema\/logo\/image\/\"}}]}<\/script>\n<!-- \/ Yoast SEO plugin. -->","yoast_head_json":{"title":"Gro\u00dfformatige Fliesen - Eccentrico","description":"Diese Gr\u00f6\u00dfe verleiht sofort ein Gef\u00fchl der Offenheit und reduziert die Anzahl der sichtbaren Fugen und sieht so sauberer und eleganter aus.","robots":{"index":"index","follow":"follow","max-snippet":"max-snippet:-1","max-image-preview":"max-image-preview:large","max-video-preview":"max-video-preview:-1"},"canonical":"https:\/\/eccentri.co\/de\/grossformatige-fliesen\/","og_locale":"de_DE","og_type":"article","og_title":"Gro\u00dfformatige Fliesen - Eccentrico","og_description":"Diese Gr\u00f6\u00dfe verleiht sofort ein Gef\u00fchl der Offenheit und reduziert die Anzahl der sichtbaren Fugen und sieht so sauberer und eleganter aus.","og_url":"https:\/\/eccentri.co\/de\/grossformatige-fliesen\/","og_site_name":"Eccentrico","article_modified_time":"2024-04-12T15:06:52+00:00","twitter_card":"summary_large_image","twitter_misc":{"Gesch\u00e4tzte Lesezeit":"3\u00a0Minuten"},"schema":{"@context":"https:\/\/schema.org","@graph":[{"@type":"WebPage","@id":"https:\/\/eccentri.co\/de\/grossformatige-fliesen\/","url":"https:\/\/eccentri.co\/de\/grossformatige-fliesen\/","name":"Gro\u00dfformatige Fliesen - Eccentrico","isPartOf":{"@id":"https:\/\/eccentri.co\/de\/#website"},"datePublished":"2024-04-10T05:30:00+00:00","dateModified":"2024-04-12T15:06:52+00:00","description":"Diese Gr\u00f6\u00dfe verleiht sofort ein Gef\u00fchl der Offenheit und reduziert die Anzahl der sichtbaren Fugen und sieht so sauberer und eleganter aus.","breadcrumb":{"@id":"https:\/\/eccentri.co\/de\/grossformatige-fliesen\/#breadcrumb"},"inLanguage":"de","potentialAction":[{"@type":"ReadAction","target":["https:\/\/eccentri.co\/de\/grossformatige-fliesen\/"]}]},{"@type":"BreadcrumbList","@id":"https:\/\/eccentri.co\/de\/grossformatige-fliesen\/#breadcrumb","itemListElement":[{"@type":"ListItem","position":1,"name":"Home","item":"https:\/\/eccentri.co\/de\/"},{"@type":"ListItem","position":2,"name":"Gro\u00dfformatige Fliesen"}]},{"@type":"WebSite","@id":"https:\/\/eccentri.co\/de\/#website","url":"https:\/\/eccentri.co\/de\/","name":"Eccentrico","description":"","publisher":{"@id":"https:\/\/eccentri.co\/de\/#organization"},"potentialAction":[{"@type":"SearchAction","target":{"@type":"EntryPoint","urlTemplate":"https:\/\/eccentri.co\/de\/?s={search_term_string}"},"query-input":{"@type":"PropertyValueSpecification","valueRequired":true,"valueName":"search_term_string"}}],"inLanguage":"de"},{"@type":"Organization","@id":"https:\/\/eccentri.co\/de\/#organization","name":"Eccentrico by Galileo","url":"https:\/\/eccentri.co\/de\/","logo":{"@type":"ImageObject","inLanguage":"de","@id":"https:\/\/eccentri.co\/de\/#\/schema\/logo\/image\/","url":"https:\/\/eccentri.co\/wp-content\/uploads\/2019\/03\/logo_eccentrico.png","contentUrl":"https:\/\/eccentri.co\/wp-content\/uploads\/2019\/03\/logo_eccentrico.png","width":1774,"height":288,"caption":"Eccentrico by Galileo"},"image":{"@id":"https:\/\/eccentri.co\/de\/#\/schema\/logo\/image\/"}}]}},"_links":{"self":[{"href":"https:\/\/eccentri.co\/de\/wp-json\/wp\/v2\/pages\/3756","targetHints":{"allow":["GET"]}}],"collection":[{"href":"https:\/\/eccentri.co\/de\/wp-json\/wp\/v2\/pages"}],"about":[{"href":"https:\/\/eccentri.co\/de\/wp-json\/wp\/v2\/types\/page"}],"author":[{"embeddable":true,"href":"https:\/\/eccentri.co\/de\/wp-json\/wp\/v2\/users\/1"}],"replies":[{"embeddable":true,"href":"https:\/\/eccentri.co\/de\/wp-json\/wp\/v2\/comments?post=3756"}],"version-history":[{"count":8,"href":"https:\/\/eccentri.co\/de\/wp-json\/wp\/v2\/pages\/3756\/revisions"}],"predecessor-version":[{"id":3895,"href":"https:\/\/eccentri.co\/de\/wp-json\/wp\/v2\/pages\/3756\/revisions\/3895"}],"wp:attachment":[{"href":"https:\/\/eccentri.co\/de\/wp-json\/wp\/v2\/media?parent=3756"}],"curies":[{"name":"wp","href":"https:\/\/api.w.org\/{rel}","templated":true}]}}