{"id":3750,"date":"2024-04-10T21:34:01","date_gmt":"2024-04-10T19:34:01","guid":{"rendered":"https:\/\/eccentri.co\/?page_id=3750"},"modified":"2024-04-12T16:34:55","modified_gmt":"2024-04-12T14:34:55","slug":"blaue-fliesen-fur-innenraume","status":"publish","type":"page","link":"https:\/\/eccentri.co\/de\/blaue-fliesen-fur-innenraume\/","title":{"rendered":"Blaue Fliesen f\u00fcr Innenr\u00e4ume"},"content":{"rendered":"<div id=\"pl-3750\"  class=\"panel-layout\" ><div id=\"pg-3750-0\"  class=\"panel-grid panel-no-style\" ><div id=\"pgc-3750-0-0\"  class=\"panel-grid-cell\" ><div id=\"panel-3750-0-0-0\" class=\"so-panel widget widget_about panel-first-child panel-last-child\" data-index=\"0\" ><div\n\t\t\t\n\t\t\tclass=\"so-widget-about so-widget-about-base\"\n\t\t\t\n\t\t>\t\t<ul class=\"about-menu\">\n\t\t\t\t\t\t\t\t\t\t<li data-id=\"0\" class=\"tiny\">Blaue Fliesen f\u00fcr Innenr\u00e4ume: eine Stilwahl<\/li>\n\t\t\t\t\t\t\t<li data-id=\"1\" class=\"tiny\">Blaue Fliesen f\u00fcr Innenr\u00e4ume: alle Nuancen von Eccentrico<\/li>\n\t\t\t\t\t\t\t<li data-id=\"2\" class=\"tiny\">Die Eleganz der blauen Keramikverkleidungen<\/li>\n\t\t\t\t\t<\/ul>\n\t\t<div class=\"about-text\">\n\t\t\t<div class=\"main-column\">\n\t\t\t\t<div class=\"columns-2 about-spacer left row-padding\">\n\t\t\t\t\t<p class=\"very-big\"><br class=\"clear\"><\/p>\n\t\t\t\t<\/div>\n\t\t\t\t<div class=\"columns-6 left\">\n\t\t\t\t\t<h1 class=\"medium-big normal row-padding\">Blaue Fliesen f\u00fcr Innenr\u00e4ume<\/h1>\n\t\t\t\t\t<!-- \t<div class=\"main-column margin-bottom-2x\">\n\t\t\t\t\t\t<h1 class=\"normal\">Blaue Fliesen f\u00fcr Innenr\u00e4ume<\/h1>\n\t\t\t\t\t<\/div> -->\n\t\t\t\t\t\t\t\t\t\t\t\t\t\t\t\t<div class=\"section template-4 row-padding\" data-id=\"0\" >\n\t\t\t\t\t\t\t<h2  class=\"normal medium-big columns-3 left\">Blaue Fliesen f\u00fcr Innenr\u00e4ume: eine Stilwahl<\/h2>\n\t\t\t\t\t\t\t<div class=\"columns-5 left medium-tiny\">\n\t\t\t\t\t\t\t\t<p>F\u00fcr elegante und gem\u00fctliche Verkleidungen stellt die Farbe Blau eine unbestreitbare Stilwahl dar. Die <b>BlauenFliesen f\u00fcr Innenr\u00e4ume<\/b> eignen sich besonders f\u00fcr funktionelle R\u00e4ume wie das Bad oder die K\u00fcche, wo die Verwendung von nicht nur sch\u00f6nen sondern auch wasserdichten und widerstandsf\u00e4higen Materialien notwendig ist.<\/p>\n<p>Die Verkleidung der W\u00e4nde ist ein grundlegendes Element jedes Wohnprojekts: Die blauen Fliesen aus Feinsteinzeug Eccentrico werden in verschiedenen Farbt\u00f6nen und Formaten angeboten, um den verschiedenen Einrichtungsstilen nachzukommen.<\/p>\n<p>Die Farbe Blau wird mit den Gef\u00fchlen von Harmonie und Ruhe assoziiert, ideal f\u00fcr das Bad, wo jeden Tag jeder von uns beginnt, seiner Pers\u00f6nlichkeit Ausdruck zu verleihen. Die blauen Fliesen schenken ein frisches Aussehen und dank der Wasserundurchl\u00e4ssigkeit des Feinsteinzeugs gew\u00e4hrleisten sie auch die maximale Hygiene des Raumes.<\/p>\n\t\t\t\t\t\t\t\t\n\t\t\t\t\t\t\t\t\t\t\t\t\t\t\t<\/div>\n\n\t\t\t\t\t\t\t\t\t\t\t\t\t\t\t<br class=\"clear\">\n\t\t\t\t\t\t\t\t<div class=\"image\" style=\"background-image: url(https:\/\/eccentri.co\/wp-content\/uploads\/Prussia_01.jpg)\"><\/div>\n\t\t\t\t\t\t\t\t\t\t\t\t\t\t<br class=\"clear\">\n\t\t\t\t\t\t<\/div>\n\t\t\t\t\t\t\t\t\t\t\t\t\t\t\t\t\t<div class=\"section template-4 row-padding\" data-id=\"1\" >\n\t\t\t\t\t\t\t<h2  class=\"normal medium-big columns-3 left\">Blaue Fliesen f\u00fcr Innenr\u00e4ume: alle Nuancen von Eccentrico<\/h2>\n\t\t\t\t\t\t\t<div class=\"columns-5 left medium-tiny\">\n\t\t\t\t\t\t\t\t<p>Unsere Kollektionen bieten eine breite Auswahl von <b>Blauen Fliesen f\u00fcr Innenr\u00e4ume<\/b> in einer breiten Palette von Nuancen, um jedem Wunsch nachzukommen.Die blauen 3D-Fliesen aus Feinsteinzeug Beat im Farbton Ultramarine schaffen dreidimensionale Effekte und immer andere Nuancen, dank der F\u00e4higkeit, das Licht aus verschiedenen Winkeln aufzufassen. Die Fliesen mit Marmoroptik der Kollektion Supernova Blue Brown schaffen einzigartige Farbnuancen, ausgehend von den kr\u00e4ftigeren blauen Farbt\u00f6nen: Die Kombination mit dem Braun erm\u00f6glichen es, die typischen Maserungen eines Marmorbodens zu reproduzieren, mit Ergebnissen von gro\u00dfer Eleganz. Mit der Reihe Back to Basic kann man die klassischeren <b>Blauen Fliesen f\u00fcr Innenr\u00e4ume<\/b> im Farbton 'Ceruleo' w\u00e4hlen. Dank der gr\u00f6\u00dferen Komponente von Leuchtkraft, die diese Nuance kennzeichnet, sind die wei\u00dfscherbigen blauen Fliesen Eccentrico die perfekte Wahl auch f\u00fcr die K\u00fcche und k\u00f6nnen alleine oder in Kombination mit anderen Farbt\u00f6nen zur Realisierung von verschiedenen Mustern verwendet werden. Das Berliner Blau wird in der Kollektion Linea zum Protagonisten. Die einfache Zusammensetzung einer Verkleidung mit blauen Fliesen aus gl\u00e4nzendem und glasiertem Feinsteinzeug f\u00fchrt zu angenehmen und zugleich hoch ausgew\u00e4hlten L\u00f6sungen.<\/p>\n<p>Die Muster von Quadra entstehen aus der Kombination von verschiedenen geometrischen Mustern der aus Feinsteinzeug dekorierten Oberfl\u00e4chen, die die Kollektion bilden. Die Fliesen kombinieren n\u00e4mlich Blau mit anderen Grundfarben und schaffen so ein \u00fcberraschendes und faszinierendes Design.<\/p>\n\t\t\t\t\t\t\t\t\n\t\t\t\t\t\t\t\t\t\t\t\t\t\t\t<\/div>\n\n\t\t\t\t\t\t\t\t\t\t\t\t\t\t\t<br class=\"clear\">\n\t\t\t\t\t\t\t\t<div class=\"image\" style=\"background-image: url(https:\/\/eccentri.co\/wp-content\/uploads\/Prussia_02.jpg)\"><\/div>\n\t\t\t\t\t\t\t\t\t\t\t\t\t\t<br class=\"clear\">\n\t\t\t\t\t\t<\/div>\n\t\t\t\t\t\t\t\t\t\t\t\t\t\t\t\t\t<div class=\"section template-4 row-padding\" data-id=\"2\" >\n\t\t\t\t\t\t\t<h2  class=\"normal medium-big columns-3 left\">Die Eleganz der blauen Keramikverkleidungen<\/h2>\n\t\t\t\t\t\t\t<div class=\"columns-5 left medium-tiny\">\n\t\t\t\t\t\t\t\t<p>Die Innenverkleidungen finden in den <b>Blauen Fliesen f\u00fcr Innenr\u00e4ume<\/b> einen Hauch von gro\u00dfer Eleganz. Unabh\u00e4ngig davon, welche Umgebung man schaffen m\u00f6chte, erm\u00f6glichen die Verkleidungen aus blauen Fliesen, sowohl als vorherrschenden Farbton als auch als Element in einer Zusammenstellung, Umgebungen von gro\u00dfem Charme und von unverwechselbarem Stil zu schaffen.<\/p>\n<div><a href=\"https:\/\/eccentri.co\/de\/collections\/\"><span lang=\"DE\">Entdecken Sie unsere Kollektionen <\/span><\/a><\/div>\n\t\t\t\t\t\t\t\t\n\t\t\t\t\t\t\t\t\t\t\t\t\t\t\t<\/div>\n\n\t\t\t\t\t\t\t\t\t\t\t\t\t\t\t<br class=\"clear\">\n\t\t\t\t\t\t\t\t<div class=\"image\" style=\"background-image: url(https:\/\/eccentri.co\/wp-content\/uploads\/Prussia_03.jpg)\"><\/div>\n\t\t\t\t\t\t\t\t\t\t\t\t\t\t<br class=\"clear\">\n\t\t\t\t\t\t<\/div>\n\t\t\t\t\t\t\t\t\t\t\t\t\t\t\t<\/div>\n\t\t\t\t<br class=\"clear\">\n\t\t\t<\/div>\n\n\t\t\t\t\t<\/div>\n\t<\/div><\/div><\/div><\/div><\/div><\/div>","protected":false},"excerpt":{"rendered":"<p>Eccentrico \u00e8 il nuovo progetto di Galileo srl, nato per offrire un prodotto ricercato e qualitativamente eccellente in tutte le fasi della filiera. Eccentrico basa la sua forza sulla ricerca e sulla progettazione del prodotto, scegliendo di volta in volta le tecnologie pi\u00f9 corrette alla sua realizzazione e fornendo un servizio puntuale ed attento ai bisogni del cliente. <br \/> Il nostro obiettivo \u00e8 quello di offrire ai mercati nazionali e internazionali il meglio del design ceramico italiano operando secondo una progettualit\u00e0 senza limiti, non solo in termini creativi ma anche di recupero storico, attualizzando segni antichi e utilizzando le tecnologie in modo trasversale per ottenere cos\u00ec un risultato di alta qualit\u00e0 sia tecnologica che creativa.<\/p>\n","protected":false},"author":1,"featured_media":1077,"parent":0,"menu_order":0,"comment_status":"closed","ping_status":"closed","template":"page-qzr-about.php","meta":{"_monsterinsights_skip_tracking":false,"_monsterinsights_sitenote_active":false,"_monsterinsights_sitenote_note":"","_monsterinsights_sitenote_category":0,"footnotes":""},"class_list":["post-3750","page","type-page","status-publish","has-post-thumbnail","hentry"],"yoast_head":"<!-- This site is optimized with the Yoast SEO plugin v27.3 - https:\/\/yoast.com\/product\/yoast-seo-wordpress\/ -->\n<title>Blaue Fliesen f\u00fcr Innenr\u00e4ume - Eccentrico<\/title>\n<meta name=\"description\" content=\"Unsere Kollektionen bieten eine breite Auswahl von Blauen Fliesen f\u00fcr Innenr\u00e4ume in einer breiten Palette von Nuancen\" \/>\n<meta name=\"robots\" content=\"index, follow, max-snippet:-1, max-image-preview:large, max-video-preview:-1\" \/>\n<link rel=\"canonical\" href=\"https:\/\/eccentri.co\/de\/blaue-fliesen-fur-innenraume\/\" \/>\n<meta property=\"og:locale\" content=\"de_DE\" \/>\n<meta property=\"og:type\" content=\"article\" \/>\n<meta property=\"og:title\" content=\"Blaue Fliesen f\u00fcr Innenr\u00e4ume - Eccentrico\" \/>\n<meta property=\"og:description\" content=\"Unsere Kollektionen bieten eine breite Auswahl von Blauen Fliesen f\u00fcr Innenr\u00e4ume in einer breiten Palette von Nuancen\" \/>\n<meta property=\"og:url\" content=\"https:\/\/eccentri.co\/de\/blaue-fliesen-fur-innenraume\/\" \/>\n<meta property=\"og:site_name\" content=\"Eccentrico\" \/>\n<meta property=\"article:modified_time\" content=\"2024-04-12T14:34:55+00:00\" \/>\n<meta property=\"og:image\" content=\"https:\/\/eccentri.co\/wp-content\/uploads\/2018\/10\/sfondo.jpg\" \/>\n\t<meta property=\"og:image:width\" content=\"1920\" \/>\n\t<meta property=\"og:image:height\" content=\"1331\" \/>\n\t<meta property=\"og:image:type\" content=\"image\/jpeg\" \/>\n<meta name=\"twitter:card\" content=\"summary_large_image\" \/>\n<meta name=\"twitter:label1\" content=\"Gesch\u00e4tzte Lesezeit\" \/>\n\t<meta name=\"twitter:data1\" content=\"3\u00a0Minuten\" \/>\n<script type=\"application\/ld+json\" class=\"yoast-schema-graph\">{\"@context\":\"https:\\\/\\\/schema.org\",\"@graph\":[{\"@type\":\"WebPage\",\"@id\":\"https:\\\/\\\/eccentri.co\\\/de\\\/blaue-fliesen-fur-innenraume\\\/\",\"url\":\"https:\\\/\\\/eccentri.co\\\/de\\\/blaue-fliesen-fur-innenraume\\\/\",\"name\":\"Blaue Fliesen f\u00fcr Innenr\u00e4ume - Eccentrico\",\"isPartOf\":{\"@id\":\"https:\\\/\\\/eccentri.co\\\/de\\\/#website\"},\"primaryImageOfPage\":{\"@id\":\"https:\\\/\\\/eccentri.co\\\/de\\\/blaue-fliesen-fur-innenraume\\\/#primaryimage\"},\"image\":{\"@id\":\"https:\\\/\\\/eccentri.co\\\/de\\\/blaue-fliesen-fur-innenraume\\\/#primaryimage\"},\"thumbnailUrl\":\"https:\\\/\\\/eccentri.co\\\/wp-content\\\/uploads\\\/2018\\\/10\\\/sfondo.jpg\",\"datePublished\":\"2024-04-10T19:34:01+00:00\",\"dateModified\":\"2024-04-12T14:34:55+00:00\",\"description\":\"Unsere Kollektionen bieten eine breite Auswahl von Blauen Fliesen f\u00fcr Innenr\u00e4ume in einer breiten Palette von Nuancen\",\"breadcrumb\":{\"@id\":\"https:\\\/\\\/eccentri.co\\\/de\\\/blaue-fliesen-fur-innenraume\\\/#breadcrumb\"},\"inLanguage\":\"de\",\"potentialAction\":[{\"@type\":\"ReadAction\",\"target\":[\"https:\\\/\\\/eccentri.co\\\/de\\\/blaue-fliesen-fur-innenraume\\\/\"]}]},{\"@type\":\"ImageObject\",\"inLanguage\":\"de\",\"@id\":\"https:\\\/\\\/eccentri.co\\\/de\\\/blaue-fliesen-fur-innenraume\\\/#primaryimage\",\"url\":\"https:\\\/\\\/eccentri.co\\\/wp-content\\\/uploads\\\/2018\\\/10\\\/sfondo.jpg\",\"contentUrl\":\"https:\\\/\\\/eccentri.co\\\/wp-content\\\/uploads\\\/2018\\\/10\\\/sfondo.jpg\",\"width\":1920,\"height\":1331,\"caption\":\"Feinsteinzeugfliesen f\u00fcr Fu\u00dfb\u00f6deni\"},{\"@type\":\"BreadcrumbList\",\"@id\":\"https:\\\/\\\/eccentri.co\\\/de\\\/blaue-fliesen-fur-innenraume\\\/#breadcrumb\",\"itemListElement\":[{\"@type\":\"ListItem\",\"position\":1,\"name\":\"Home\",\"item\":\"https:\\\/\\\/eccentri.co\\\/de\\\/\"},{\"@type\":\"ListItem\",\"position\":2,\"name\":\"Blaue Fliesen f\u00fcr Innenr\u00e4ume\"}]},{\"@type\":\"WebSite\",\"@id\":\"https:\\\/\\\/eccentri.co\\\/de\\\/#website\",\"url\":\"https:\\\/\\\/eccentri.co\\\/de\\\/\",\"name\":\"Eccentrico\",\"description\":\"\",\"publisher\":{\"@id\":\"https:\\\/\\\/eccentri.co\\\/de\\\/#organization\"},\"potentialAction\":[{\"@type\":\"SearchAction\",\"target\":{\"@type\":\"EntryPoint\",\"urlTemplate\":\"https:\\\/\\\/eccentri.co\\\/de\\\/?s={search_term_string}\"},\"query-input\":{\"@type\":\"PropertyValueSpecification\",\"valueRequired\":true,\"valueName\":\"search_term_string\"}}],\"inLanguage\":\"de\"},{\"@type\":\"Organization\",\"@id\":\"https:\\\/\\\/eccentri.co\\\/de\\\/#organization\",\"name\":\"Eccentrico by Galileo\",\"url\":\"https:\\\/\\\/eccentri.co\\\/de\\\/\",\"logo\":{\"@type\":\"ImageObject\",\"inLanguage\":\"de\",\"@id\":\"https:\\\/\\\/eccentri.co\\\/de\\\/#\\\/schema\\\/logo\\\/image\\\/\",\"url\":\"https:\\\/\\\/eccentri.co\\\/wp-content\\\/uploads\\\/2019\\\/03\\\/logo_eccentrico.png\",\"contentUrl\":\"https:\\\/\\\/eccentri.co\\\/wp-content\\\/uploads\\\/2019\\\/03\\\/logo_eccentrico.png\",\"width\":1774,\"height\":288,\"caption\":\"Eccentrico by Galileo\"},\"image\":{\"@id\":\"https:\\\/\\\/eccentri.co\\\/de\\\/#\\\/schema\\\/logo\\\/image\\\/\"}}]}<\/script>\n<!-- \/ Yoast SEO plugin. -->","yoast_head_json":{"title":"Blaue Fliesen f\u00fcr Innenr\u00e4ume - Eccentrico","description":"Unsere Kollektionen bieten eine breite Auswahl von Blauen Fliesen f\u00fcr Innenr\u00e4ume in einer breiten Palette von Nuancen","robots":{"index":"index","follow":"follow","max-snippet":"max-snippet:-1","max-image-preview":"max-image-preview:large","max-video-preview":"max-video-preview:-1"},"canonical":"https:\/\/eccentri.co\/de\/blaue-fliesen-fur-innenraume\/","og_locale":"de_DE","og_type":"article","og_title":"Blaue Fliesen f\u00fcr Innenr\u00e4ume - Eccentrico","og_description":"Unsere Kollektionen bieten eine breite Auswahl von Blauen Fliesen f\u00fcr Innenr\u00e4ume in einer breiten Palette von Nuancen","og_url":"https:\/\/eccentri.co\/de\/blaue-fliesen-fur-innenraume\/","og_site_name":"Eccentrico","article_modified_time":"2024-04-12T14:34:55+00:00","og_image":[{"width":1920,"height":1331,"url":"https:\/\/eccentri.co\/wp-content\/uploads\/2018\/10\/sfondo.jpg","type":"image\/jpeg"}],"twitter_card":"summary_large_image","twitter_misc":{"Gesch\u00e4tzte Lesezeit":"3\u00a0Minuten"},"schema":{"@context":"https:\/\/schema.org","@graph":[{"@type":"WebPage","@id":"https:\/\/eccentri.co\/de\/blaue-fliesen-fur-innenraume\/","url":"https:\/\/eccentri.co\/de\/blaue-fliesen-fur-innenraume\/","name":"Blaue Fliesen f\u00fcr Innenr\u00e4ume - Eccentrico","isPartOf":{"@id":"https:\/\/eccentri.co\/de\/#website"},"primaryImageOfPage":{"@id":"https:\/\/eccentri.co\/de\/blaue-fliesen-fur-innenraume\/#primaryimage"},"image":{"@id":"https:\/\/eccentri.co\/de\/blaue-fliesen-fur-innenraume\/#primaryimage"},"thumbnailUrl":"https:\/\/eccentri.co\/wp-content\/uploads\/2018\/10\/sfondo.jpg","datePublished":"2024-04-10T19:34:01+00:00","dateModified":"2024-04-12T14:34:55+00:00","description":"Unsere Kollektionen bieten eine breite Auswahl von Blauen Fliesen f\u00fcr Innenr\u00e4ume in einer breiten Palette von Nuancen","breadcrumb":{"@id":"https:\/\/eccentri.co\/de\/blaue-fliesen-fur-innenraume\/#breadcrumb"},"inLanguage":"de","potentialAction":[{"@type":"ReadAction","target":["https:\/\/eccentri.co\/de\/blaue-fliesen-fur-innenraume\/"]}]},{"@type":"ImageObject","inLanguage":"de","@id":"https:\/\/eccentri.co\/de\/blaue-fliesen-fur-innenraume\/#primaryimage","url":"https:\/\/eccentri.co\/wp-content\/uploads\/2018\/10\/sfondo.jpg","contentUrl":"https:\/\/eccentri.co\/wp-content\/uploads\/2018\/10\/sfondo.jpg","width":1920,"height":1331,"caption":"Feinsteinzeugfliesen f\u00fcr Fu\u00dfb\u00f6deni"},{"@type":"BreadcrumbList","@id":"https:\/\/eccentri.co\/de\/blaue-fliesen-fur-innenraume\/#breadcrumb","itemListElement":[{"@type":"ListItem","position":1,"name":"Home","item":"https:\/\/eccentri.co\/de\/"},{"@type":"ListItem","position":2,"name":"Blaue Fliesen f\u00fcr Innenr\u00e4ume"}]},{"@type":"WebSite","@id":"https:\/\/eccentri.co\/de\/#website","url":"https:\/\/eccentri.co\/de\/","name":"Eccentrico","description":"","publisher":{"@id":"https:\/\/eccentri.co\/de\/#organization"},"potentialAction":[{"@type":"SearchAction","target":{"@type":"EntryPoint","urlTemplate":"https:\/\/eccentri.co\/de\/?s={search_term_string}"},"query-input":{"@type":"PropertyValueSpecification","valueRequired":true,"valueName":"search_term_string"}}],"inLanguage":"de"},{"@type":"Organization","@id":"https:\/\/eccentri.co\/de\/#organization","name":"Eccentrico by Galileo","url":"https:\/\/eccentri.co\/de\/","logo":{"@type":"ImageObject","inLanguage":"de","@id":"https:\/\/eccentri.co\/de\/#\/schema\/logo\/image\/","url":"https:\/\/eccentri.co\/wp-content\/uploads\/2019\/03\/logo_eccentrico.png","contentUrl":"https:\/\/eccentri.co\/wp-content\/uploads\/2019\/03\/logo_eccentrico.png","width":1774,"height":288,"caption":"Eccentrico by Galileo"},"image":{"@id":"https:\/\/eccentri.co\/de\/#\/schema\/logo\/image\/"}}]}},"_links":{"self":[{"href":"https:\/\/eccentri.co\/de\/wp-json\/wp\/v2\/pages\/3750","targetHints":{"allow":["GET"]}}],"collection":[{"href":"https:\/\/eccentri.co\/de\/wp-json\/wp\/v2\/pages"}],"about":[{"href":"https:\/\/eccentri.co\/de\/wp-json\/wp\/v2\/types\/page"}],"author":[{"embeddable":true,"href":"https:\/\/eccentri.co\/de\/wp-json\/wp\/v2\/users\/1"}],"replies":[{"embeddable":true,"href":"https:\/\/eccentri.co\/de\/wp-json\/wp\/v2\/comments?post=3750"}],"version-history":[{"count":7,"href":"https:\/\/eccentri.co\/de\/wp-json\/wp\/v2\/pages\/3750\/revisions"}],"predecessor-version":[{"id":3889,"href":"https:\/\/eccentri.co\/de\/wp-json\/wp\/v2\/pages\/3750\/revisions\/3889"}],"wp:featuredmedia":[{"embeddable":true,"href":"https:\/\/eccentri.co\/de\/wp-json\/wp\/v2\/media\/1077"}],"wp:attachment":[{"href":"https:\/\/eccentri.co\/de\/wp-json\/wp\/v2\/media?parent=3750"}],"curies":[{"name":"wp","href":"https:\/\/api.w.org\/{rel}","templated":true}]}}