{"id":1576,"date":"2019-05-30T11:24:46","date_gmt":"2019-05-30T09:24:46","guid":{"rendered":"https:\/\/eccentri.co\/?page_id=1576"},"modified":"2024-04-11T08:36:52","modified_gmt":"2024-04-11T06:36:52","slug":"uber-uns","status":"publish","type":"page","link":"https:\/\/eccentri.co\/de\/uber-uns\/","title":{"rendered":"\u00dcber uns"},"content":{"rendered":"<div id=\"pl-1576\"  class=\"panel-layout\" ><div id=\"pg-1576-0\"  class=\"panel-grid panel-no-style\" ><div id=\"pgc-1576-0-0\"  class=\"panel-grid-cell\" ><div id=\"panel-1576-0-0-0\" class=\"so-panel widget widget_about panel-first-child panel-last-child\" data-index=\"0\" ><div\n\t\t\t\n\t\t\tclass=\"so-widget-about so-widget-about-base\"\n\t\t\t\n\t\t>\t\t<ul class=\"about-menu\">\n\t\t\t\t\t\t\t\t\t\t<li data-id=\"0\" class=\"tiny\">Unser Name<\/li>\n\t\t\t\t\t\t\t<li data-id=\"1\" class=\"tiny\">Unsere Urspr\u00fcnge<\/li>\n\t\t\t\t\t\t\t<li data-id=\"2\" class=\"tiny\">Unser Projekt<\/li>\n\t\t\t\t\t\t\t<li data-id=\"3\" class=\"tiny\">Wie arbeiten wir<\/li>\n\t\t\t\t\t\t\t<li data-id=\"certifications\" class=\"tiny\">Zertifizierungen und Lizenzen:<\/li>\n\t\t\t\t\t<\/ul>\n\t\t<div class=\"about-text\">\n\t\t\t<div class=\"main-column\">\n\t\t\t\t<div class=\"columns-2 about-spacer left row-padding\">\n\t\t\t\t\t<p class=\"very-big\"><br class=\"clear\"><\/p>\n\t\t\t\t<\/div>\n\t\t\t\t<div class=\"columns-6 left\">\n\t\t\t\t\t<h1 class=\"medium-big normal row-padding\">\u00dcber uns<\/h1>\n\t\t\t\t\t<!-- \t<div class=\"main-column margin-bottom-2x\">\n\t\t\t\t\t\t<h1 class=\"normal\">\u00dcber uns<\/h1>\n\t\t\t\t\t<\/div> -->\n\t\t\t\t\t\t\t\t\t\t\t\t\t\t\t\t<div class=\"section template-4 row-padding\" data-id=\"0\" >\n\t\t\t\t\t\t\t<h2  class=\"normal medium-big columns-3 left\">Unser Name<\/h2>\n\t\t\t\t\t\t\t<div class=\"columns-5 left medium-tiny\">\n\t\t\t\t\t\t\t\t<h3>Italienische Exzellenz im Bereich Keramik<\/h3>\n<p>Ein um 180 Grad gedrehtes E und ein Name, der an die \u00fcbertragene Bedeutung von Adjektiven wie \u201eabsonderlich\u201c erinnert, identifizieren unsere Essenz: die eines in <strong>Feinsteinzeug f\u00fcr Boden und Wand und Zementfliesen<\/strong>\u00a0spezialisierten Brands, der in seiner geometrischen Bedeutung die M\u00f6glichkeit vorsieht, fern von der Mitte stehend die Dinge mit einem weitreichenderen und zur Neugierde und zur Innovation neigenden Blick zu beobachten.<\/p>\n\t\t\t\t\t\t\t\t\n\t\t\t\t\t\t\t\t\t\t\t\t\t\t\t\t\t<p><a class=\"button\" href=\"https:\/\/eccentri.co\/wp-content\/uploads\/Company-Profile_DE.pdf\" target=\"_blank\">Company profile<\/a><\/p>\n\t\t\t\t\t\t\t\t\t\t\t\t\t\t\t<\/div>\n\n\t\t\t\t\t\t\t\t\t\t\t\t\t\t\t<br class=\"clear\">\n\t\t\t\t\t\t\t\t<div class=\"image\" style=\"background-image: url(https:\/\/eccentri.co\/wp-content\/uploads\/unnamed-1-1024x341.jpg)\"><\/div>\n\t\t\t\t\t\t\t\t\t\t\t\t\t\t<br class=\"clear\">\n\t\t\t\t\t\t<\/div>\n\t\t\t\t\t\t\t\t\t\t\t\t\t\t\t\t\t<div class=\"section template-4 row-padding\" data-id=\"1\" >\n\t\t\t\t\t\t\t<h2  class=\"normal medium-big columns-3 left\">Unsere Urspr\u00fcnge<\/h2>\n\t\t\t\t\t\t\t<div class=\"columns-5 left medium-tiny\">\n\t\t\t\t\t\t\t\t<p><b>Geschichte einer italienischen Exzellenz im Bereich der Keramik<\/b><br \/>\nGalileo S.r.l. entsteht als eine auf die Produktion italienischer Keramik spezialisierte Firma und in den Jahren ist sie der Tradition ihrer Gr\u00fcnder treu geblieben, als Kenner der traditionellen sowie der neuesten und innovativsten Produktionsverfahren. Die Firma hat beschlossen, sich dem Markt des <b>Feinsteinzeugs<\/b> zuerst mit einem Markenzeichen, das auch auf die den Handel betreffende Tradition des Keramikprodukts verweist, deshalb entstand Class Tile, dessen sich in den Jahren verfestigte Kraft darin liegt, dass wir unseren Kunden hochqualitative und konkurrenzf\u00e4hige Produkte bieten.<\/p>\n\t\t\t\t\t\t\t\t\n\t\t\t\t\t\t\t\t\t\t\t\t\t\t\t<\/div>\n\n\t\t\t\t\t\t\t\t\t\t\t\t\t\t\t<br class=\"clear\">\n\t\t\t\t\t\t\t\t<div class=\"image\" style=\"background-image: url(https:\/\/eccentri.co\/wp-content\/uploads\/unnamed-2-1024x341.jpg)\"><\/div>\n\t\t\t\t\t\t\t\t\t\t\t\t\t\t<br class=\"clear\">\n\t\t\t\t\t\t<\/div>\n\t\t\t\t\t\t\t\t\t\t\t\t\t\t\t\t\t<div class=\"section template-4 row-padding\" data-id=\"2\" >\n\t\t\t\t\t\t\t<h2  class=\"normal medium-big columns-3 left\">Unser Projekt<\/h2>\n\t\t\t\t\t\t\t<div class=\"columns-5 left medium-tiny\">\n\t\t\t\t\t\t\t\t<p><b>Feinsteinzeug f\u00fcr Boden und Wand<\/b><br \/>\nEccentrico ist das neue Projekt von Galileo srl, das entwickelt wurde, um ein in allen Phasen der Produktionskette gesch\u00e4tztes und hochqualitatives Produkt zu bieten. Eccentrico gr\u00fcndet seine St\u00e4rke auf die Forschung und die Entwicklung des fertigen Produkts aus <b>Keramik<\/b>, w\u00e4hlt dabei jedes Mal die geeignetsten Technologien zu seiner Realisierung aus und bietet einen gewissenhaften und auf die Bed\u00fcrfnisse der Kunden aufmerksamen Dienst an. Unser Ziel liegt darin, den nationalen und internationalen M\u00e4rkten das Beste des <b>Keramik-Designs Made in Italy<\/b> zu liefern, und dies mit grenzenloser Kreativit\u00e4t und dem R\u00fcckgriff auf die Geschichte durch die Aktualisierung von antiken Zeichen und die vielseitige Verwendung der Technologien, um so ein sowohl technologisch als auch kreativ hochqualitatives Ergebnis zu erzielen.<\/p>\n\t\t\t\t\t\t\t\t\n\t\t\t\t\t\t\t\t\t\t\t\t\t\t\t<\/div>\n\n\t\t\t\t\t\t\t\t\t\t\t\t\t\t\t<br class=\"clear\">\n\t\t\t\t\t\t\t\t<div class=\"image\" style=\"background-image: url(https:\/\/eccentri.co\/wp-content\/uploads\/unnamed-3-1024x341.jpg)\"><\/div>\n\t\t\t\t\t\t\t\t\t\t\t\t\t\t<br class=\"clear\">\n\t\t\t\t\t\t<\/div>\n\t\t\t\t\t\t\t\t\t\t\t\t\t\t\t\t\t<div class=\"section template-4 row-padding\" data-id=\"3\" >\n\t\t\t\t\t\t\t<h2  class=\"normal medium-big columns-3 left\">Wie arbeiten wir<\/h2>\n\t\t\t\t\t\t\t<div class=\"columns-5 left medium-tiny\">\n\t\t\t\t\t\t\t\t<p><b>Die Vorteile einer hochqualitativen Produktionskette f\u00fcr Architekten und Designer<\/b><br \/>\nF\u00fcr uns geht die Qualit\u00e4t des Produkts durch die F\u00e4higkeit, unterschiedliche Kompetenzen zu organisieren. In unserer Firma gibt es ein kreatives Team, das die stilistischen Trends erforscht, ein auf die technologische Innovation aufmerksames technisches Team und ein dynamisches kommerzielles Netzwerk, das die Kundenw\u00fcnsche erkennen und im Einvernehmen mit den anderen Sektoren die Entwicklung der Produkte aus <b>Feinsteinzeug - Top Qualit\u00e4t<\/b> leiten kann. Ein Projekt von h\u00f6chster Qualit\u00e4t anzugehen bedeutet, denjenigen zuzuh\u00f6ren, die unsere Produkte genie\u00dfen: Unsere Kunden sind wesentlicher Bestandteil unseres Entwurfsprozesses und bilden zusammen mit uns die Essenz von Eccentrico.<\/p>\n<p><em>M\u00f6chten Sie mehr \u00fcber unsere Wand und Boden Feinsteinzeug Fliesen entdecken?<\/em><\/p>\n<p>Folgen Sie unseren <a href=\"https:\/\/eccentri.co\/de\/news\/\">NEWS<\/a><\/p>\n\t\t\t\t\t\t\t\t\n\t\t\t\t\t\t\t\t\t\t\t\t\t\t\t<\/div>\n\n\t\t\t\t\t\t\t\t\t\t\t\t\t\t\t<br class=\"clear\">\n\t\t\t\t\t\t\t\t<div class=\"image\" style=\"background-image: url()\"><\/div>\n\t\t\t\t\t\t\t\t\t\t\t\t\t\t<br class=\"clear\">\n\t\t\t\t\t\t<\/div>\n\t\t\t\t\t\t\t\t\t\t\t\t\t\t\t<\/div>\n\t\t\t\t<br class=\"clear\">\n\t\t\t<\/div>\n\n\t\t\t\t\t\t\t<div class=\"background-black double-row-padding\">\n\t\t\t\t\t<div class=\"main-column\">\n\t\t\t\t\t\t<div class=\"columns-6 right\">\n\t\t\t\t\t\t\t<h2 class=\"medium-big normal white\">Zertifizierungen und Lizenzen:<\/h2>\n\t\t\t\t\t\t\t\t\t\t\t\t\t\t\t<div class=\"about-certifications-content \">\n\t\t\t\t\t\t\t\t\t<h3 class=\"medium-tiny normal\">Umweltzertifizierungen<\/h3><br class=\"clear\">\n\t\t\t\t\t\t\t\t\t\t\t\t\t\t\t\t\t\t\t\t\t\t\t\t\t\t\t\t\t\t<img decoding=\"async\" class=\"half-row-padding columns-2 left\" src=\"https:\/\/eccentri.co\/wp-content\/uploads\/green_edit.jpg\">\n\t\t\t\t\t\t\t\t\t\t\t\t\t\t\t\t\t\t\t\t<div class=\"half-row-padding columns-6 left cert-content\">\n\t\t\t\t\t\t\t\t\t\t\t<div class=\"single-title bold tiny\">Green Building Council Italia<\/div>\n\t\t\t\t\t\t\t\t\t\t\t<div class=\"single-content tiny\">\n\t\t\t\t\t\t\t\t\t\t\t\t<p>Eccentrico h\u00e4lt den Grad der Innovation und Technologie des Produktes auf einem hohen Niveau, ohne auf den Schutz der Natur und des Menschen zu verzichten. Galileo srl ist Mitglied des Green Building Council Italien, einer K\u00f6rperschaft, die die Errichtung von Geb\u00e4uden und Bauwerken unter Ber\u00fccksichtigung der Umwelt, der Gesundheit und des Wohlbefindens der Personen anstrebt, die dort leben und arbeiten.<\/p>\n\t\t\n\t\t\t\t\t\t\t\t\t\t\t<\/div>\n\t\t\t\t\t\t\t\t\t\t<\/div>\n\t\t\t\t\t\t\t\t\t\t<br class=\"clear\">\n\t\t\t\t\t\t\t\t\t\t\t\t\t\t\t\t\t<\/div>\n\t\t\t\t\t\t\t\t\t\t\t\t\t\t\t<div class=\"about-certifications-content \">\n\t\t\t\t\t\t\t\t\t<h3 class=\"medium-tiny normal\">Produktzertifizierungen<\/h3><br class=\"clear\">\n\t\t\t\t\t\t\t\t\t\t\t\t\t\t\t\t\t\t\t\t\t\t\t\t\t\t\t\t\t\t<img decoding=\"async\" class=\"half-row-padding columns-2 left\" src=\"https:\/\/eccentri.co\/wp-content\/uploads\/ce_edit.jpg\">\n\t\t\t\t\t\t\t\t\t\t\t\t\t\t\t\t\t\t\t\t<div class=\"half-row-padding columns-6 left cert-content\">\n\t\t\t\t\t\t\t\t\t\t\t<div class=\"single-title bold tiny\">CE<\/div>\n\t\t\t\t\t\t\t\t\t\t\t<div class=\"single-content tiny\">\n\t\t\t\t\t\t\t\t\t\t\t\t<p>Das Markenzeichen CE bildet eine Garantie daf\u00fcr, dass das erworbene Material alle von den geltenden Bestimmungen geforderten Eigenschaften besitzt, die von der Europ\u00e4ischen Gemeinschaft f\u00fcr den Schutz und die Sicherheit des Verbrauchers festgelegt wurden.<\/p>\n\t\t\n\t\t\t\t\t\t\t\t\t\t\t<\/div>\n\t\t\t\t\t\t\t\t\t\t<\/div>\n\t\t\t\t\t\t\t\t\t\t<br class=\"clear\">\n\t\t\t\t\t\t\t\t\t\t\t\t\t\t\t\t\t<\/div>\n\t\t\t\t\t\t\t\t\t\t\t\t\t\t\t<div class=\"about-certifications-content \">\n\t\t\t\t\t\t\t\t\t<h3 class=\"medium-tiny normal\">Benutzerlizenzen<\/h3><br class=\"clear\">\n\t\t\t\t\t\t\t\t\t\t\t\t\t\t\t\t\t\t\t\t\t\t\t\t\t\t\t\t\t\t<img decoding=\"async\" class=\"half-row-padding columns-2 left\" src=\"https:\/\/eccentri.co\/wp-content\/uploads\/ncs_edit.jpg\">\n\t\t\t\t\t\t\t\t\t\t\t\t\t\t\t\t\t\t\t\t<div class=\"half-row-padding columns-6 left cert-content\">\n\t\t\t\t\t\t\t\t\t\t\t<div class=\"single-title bold tiny\">NCS<\/div>\n\t\t\t\t\t\t\t\t\t\t\t<div class=\"single-content tiny\">\n\t\t\t\t\t\t\t\t\t\t\t\t<p>Bei seiner st\u00e4ndigen \u00e4sthetischen und qualitativen Forschung hat Eccentrico beschlossen, Hilfsmittel zu verwenden, mit denen die Entwurfsphase ihrer Produkte abgeschlossen werden kann. Alle Kollektionen von Eccentrico verf\u00fcgen so \u00fcber den Vermerk NCS.<br \/>\nDas Natural Color System ist ein internationaler Code, der entsteht, um die harmonische Auswahl der Oberfl\u00e4chen in der Architektur zu erm\u00f6glichen. Die von Eccentrico entworfenen Oberfl\u00e4chen gehen immer davon aus, auch diese Kombinationen zu ber\u00fccksichtigen und jeder graphische Entwurf wird von einer bestimmten Farbtonpalette NCS begleitet, die Angaben zur Kombination der keramischen Oberfl\u00e4che mit den Anstrichen der W\u00e4nde, den Tapeten wie auch anderen im Raum vorhandenen Materialien liefern kann.<\/p>\n<p>Das NCS \u2013 Natural Color System\u00ae\u00a9 ist ein System, das auf der Beschreibung der Farbe basiert, wie diese vom Menschen empfunden wird. Sollten Sie mehr dazu erfahren m\u00f6chten: <a href=\"http:\/\/www.ncscolor.it\">www.ncscolor.it<\/a><\/p>\n\t\t\n\t\t\t\t\t\t\t\t\t\t\t<\/div>\n\t\t\t\t\t\t\t\t\t\t<\/div>\n\t\t\t\t\t\t\t\t\t\t<br class=\"clear\">\n\t\t\t\t\t\t\t\t\t\t\t\t\t\t\t\t\t<\/div>\n\t\t\t\t\t\t\t\t\t\t\t\t\t<\/div>\n\t\t\t\t\t\t<br class=\"clear\">\n\t\t\t\t\t<\/div>\n\t\t\t\t<\/div>\n\t\t\t\t<div class=\"background-black-mobile\">\n\t\t\t\t\t<div class=\"main-column row-padding\">\n\t\t\t\t\t\t<h2 class=\"big normal white\">Zertifizierungen und Lizenzen:<\/h2>\n\t\t\t\t\t\t\t\t\t\t\t\t\t<h3 class=\"white\">Umweltzertifizierungen<\/h3>\n\t\t\t\t\t\t\t\t\t\t\t\t\t\t\t\t\t\t\t\t\t\t\t\t<img decoding=\"async\" class=\"half-row-padding\" src=\"https:\/\/eccentri.co\/wp-content\/uploads\/green_edit.jpg\">\n\t\t\t\t\t\t\t\t\t\t\t\t\t\t\t\t<div class=\"half-row-padding\">\n\t\t\t\t\t\t\t\t\t<div class=\"single-title bold tiny\">Green Building Council Italia<\/div>\n\t\t\t\t\t\t\t\t\t<div class=\"single-content tiny\">\n\t\t\t\t\t\t\t\t\t\t<p>Eccentrico h\u00e4lt den Grad der Innovation und Technologie des Produktes auf einem hohen Niveau, ohne auf den Schutz der Natur und des Menschen zu verzichten. Galileo srl ist Mitglied des Green Building Council Italien, einer K\u00f6rperschaft, die die Errichtung von Geb\u00e4uden und Bauwerken unter Ber\u00fccksichtigung der Umwelt, der Gesundheit und des Wohlbefindens der Personen anstrebt, die dort leben und arbeiten.<\/p>\n\t\t\n\t\t\t\t\t\t\t\t\t<\/div>\n\t\t\t\t\t\t\t\t<\/div>\n\t\t\t\t\t\t\t\t\t\t\t\t\t\t\t\t\t\t\t\t<h3 class=\"white\">Produktzertifizierungen<\/h3>\n\t\t\t\t\t\t\t\t\t\t\t\t\t\t\t\t\t\t\t\t\t\t\t\t<img decoding=\"async\" class=\"half-row-padding\" src=\"https:\/\/eccentri.co\/wp-content\/uploads\/ce_edit.jpg\">\n\t\t\t\t\t\t\t\t\t\t\t\t\t\t\t\t<div class=\"half-row-padding\">\n\t\t\t\t\t\t\t\t\t<div class=\"single-title bold tiny\">CE<\/div>\n\t\t\t\t\t\t\t\t\t<div class=\"single-content tiny\">\n\t\t\t\t\t\t\t\t\t\t<p>Das Markenzeichen CE bildet eine Garantie daf\u00fcr, dass das erworbene Material alle von den geltenden Bestimmungen geforderten Eigenschaften besitzt, die von der Europ\u00e4ischen Gemeinschaft f\u00fcr den Schutz und die Sicherheit des Verbrauchers festgelegt wurden.<\/p>\n\t\t\n\t\t\t\t\t\t\t\t\t<\/div>\n\t\t\t\t\t\t\t\t<\/div>\n\t\t\t\t\t\t\t\t\t\t\t\t\t\t\t\t\t\t\t\t<h3 class=\"white\">Benutzerlizenzen<\/h3>\n\t\t\t\t\t\t\t\t\t\t\t\t\t\t\t\t\t\t\t\t\t\t\t\t<img decoding=\"async\" class=\"half-row-padding\" src=\"https:\/\/eccentri.co\/wp-content\/uploads\/ncs_edit.jpg\">\n\t\t\t\t\t\t\t\t\t\t\t\t\t\t\t\t<div class=\"half-row-padding\">\n\t\t\t\t\t\t\t\t\t<div class=\"single-title bold tiny\">NCS<\/div>\n\t\t\t\t\t\t\t\t\t<div class=\"single-content tiny\">\n\t\t\t\t\t\t\t\t\t\t<p>Bei seiner st\u00e4ndigen \u00e4sthetischen und qualitativen Forschung hat Eccentrico beschlossen, Hilfsmittel zu verwenden, mit denen die Entwurfsphase ihrer Produkte abgeschlossen werden kann. Alle Kollektionen von Eccentrico verf\u00fcgen so \u00fcber den Vermerk NCS.<br \/>\nDas Natural Color System ist ein internationaler Code, der entsteht, um die harmonische Auswahl der Oberfl\u00e4chen in der Architektur zu erm\u00f6glichen. Die von Eccentrico entworfenen Oberfl\u00e4chen gehen immer davon aus, auch diese Kombinationen zu ber\u00fccksichtigen und jeder graphische Entwurf wird von einer bestimmten Farbtonpalette NCS begleitet, die Angaben zur Kombination der keramischen Oberfl\u00e4che mit den Anstrichen der W\u00e4nde, den Tapeten wie auch anderen im Raum vorhandenen Materialien liefern kann.<\/p>\n<p>Das NCS \u2013 Natural Color System\u00ae\u00a9 ist ein System, das auf der Beschreibung der Farbe basiert, wie diese vom Menschen empfunden wird. Sollten Sie mehr dazu erfahren m\u00f6chten: <a href=\"http:\/\/www.ncscolor.it\">www.ncscolor.it<\/a><\/p>\n\t\t\n\t\t\t\t\t\t\t\t\t<\/div>\n\t\t\t\t\t\t\t\t<\/div>\n\t\t\t\t\t\t\t\t\t\t\t\t\t\t\t\t\t\t<\/div>\n\t\t\t\t<\/div>\n\t\t\t\t\t<\/div>\n\t<\/div><\/div><\/div><\/div><\/div><\/div>","protected":false},"excerpt":{"rendered":"<p>Eccentrico ist das neue Projekt der Galileo srl, das entstand, um ein in allen Phasen der Produktionskette auserlesenes und qualitativ herausragendes Produkt anzubieten. Die St\u00e4rke von Eccentrico beruht auf der Forschung und dem Entwurf des Produktes, wobei jeweils die korrektesten Technologien f\u00fcr seine Verwirklichung gew\u00e4hlt und eine genauer und auf die Bed\u00fcrfnisse des Kunden ausgerichteter Service geboten wird. Unser Ziel besteht darin, den nationalen und internationalen M\u00e4rkten das Beste des italienischen Designs der Keramik durch eine konzeptuelle Vorgehensweise ohne Grenzen anzubieten und dies nicht nur hinsichtlich der Kreativit\u00e4t sondern auch in Bezug auf die historische Wiederherstellung, durch Aktualisierung antiker Symbole und transversale Verwendung von Technologien, um so ein Ergebnis von hoher technologischer und kreativer Qualit\u00e4t zu erzielen.<\/p>\n","protected":false},"author":1,"featured_media":4266,"parent":0,"menu_order":0,"comment_status":"closed","ping_status":"closed","template":"page-qzr-about.php","meta":{"_monsterinsights_skip_tracking":false,"_monsterinsights_sitenote_active":false,"_monsterinsights_sitenote_note":"","_monsterinsights_sitenote_category":0,"footnotes":""},"class_list":["post-1576","page","type-page","status-publish","has-post-thumbnail","hentry"],"yoast_head":"<!-- This site is optimized with the Yoast SEO plugin v27.3 - https:\/\/yoast.com\/product\/yoast-seo-wordpress\/ -->\n<title>Feinsteinzeugfliesen f\u00fcr Fu\u00dfb\u00f6deni - Eccentrico<\/title>\n<meta name=\"description\" content=\"Fu\u00dfb\u00f6den und Verkleidungen aus Keramik und handwerklichem Feinsteinzeug: ein qualitativ hervorragendes Produkt f\u00fcr Design-Innenr\u00e4ume\" \/>\n<meta name=\"robots\" content=\"index, follow, max-snippet:-1, max-image-preview:large, max-video-preview:-1\" \/>\n<link rel=\"canonical\" href=\"https:\/\/eccentri.co\/de\/uber-uns\/\" \/>\n<meta property=\"og:locale\" content=\"de_DE\" \/>\n<meta property=\"og:type\" content=\"article\" \/>\n<meta property=\"og:title\" content=\"Feinsteinzeugfliesen f\u00fcr Fu\u00dfb\u00f6deni - Eccentrico\" \/>\n<meta property=\"og:description\" content=\"Fu\u00dfb\u00f6den und Verkleidungen aus Keramik und handwerklichem Feinsteinzeug: ein qualitativ hervorragendes Produkt f\u00fcr Design-Innenr\u00e4ume\" \/>\n<meta property=\"og:url\" content=\"https:\/\/eccentri.co\/de\/uber-uns\/\" \/>\n<meta property=\"og:site_name\" content=\"Eccentrico\" \/>\n<meta property=\"article:modified_time\" content=\"2024-04-11T06:36:52+00:00\" \/>\n<meta property=\"og:image\" content=\"https:\/\/eccentri.co\/wp-content\/uploads\/2018\/10\/sfondo.jpg\" \/>\n\t<meta property=\"og:image:width\" content=\"1920\" \/>\n\t<meta property=\"og:image:height\" content=\"1331\" \/>\n\t<meta property=\"og:image:type\" content=\"image\/jpeg\" \/>\n<meta name=\"twitter:card\" content=\"summary_large_image\" \/>\n<meta name=\"twitter:label1\" content=\"Gesch\u00e4tzte Lesezeit\" \/>\n\t<meta name=\"twitter:data1\" content=\"7\u00a0Minuten\" \/>\n<script type=\"application\/ld+json\" class=\"yoast-schema-graph\">{\"@context\":\"https:\\\/\\\/schema.org\",\"@graph\":[{\"@type\":\"WebPage\",\"@id\":\"https:\\\/\\\/eccentri.co\\\/de\\\/uber-uns\\\/\",\"url\":\"https:\\\/\\\/eccentri.co\\\/de\\\/uber-uns\\\/\",\"name\":\"Feinsteinzeugfliesen f\u00fcr Fu\u00dfb\u00f6deni - Eccentrico\",\"isPartOf\":{\"@id\":\"https:\\\/\\\/eccentri.co\\\/de\\\/#website\"},\"primaryImageOfPage\":{\"@id\":\"https:\\\/\\\/eccentri.co\\\/de\\\/uber-uns\\\/#primaryimage\"},\"image\":{\"@id\":\"https:\\\/\\\/eccentri.co\\\/de\\\/uber-uns\\\/#primaryimage\"},\"thumbnailUrl\":\"https:\\\/\\\/eccentri.co\\\/wp-content\\\/uploads\\\/Eccentrico_Neo_NightBlue_Stilllife.jpg\",\"datePublished\":\"2019-05-30T09:24:46+00:00\",\"dateModified\":\"2024-04-11T06:36:52+00:00\",\"description\":\"Fu\u00dfb\u00f6den und Verkleidungen aus Keramik und handwerklichem Feinsteinzeug: ein qualitativ hervorragendes Produkt f\u00fcr Design-Innenr\u00e4ume\",\"breadcrumb\":{\"@id\":\"https:\\\/\\\/eccentri.co\\\/de\\\/uber-uns\\\/#breadcrumb\"},\"inLanguage\":\"de\",\"potentialAction\":[{\"@type\":\"ReadAction\",\"target\":[\"https:\\\/\\\/eccentri.co\\\/de\\\/uber-uns\\\/\"]}]},{\"@type\":\"ImageObject\",\"inLanguage\":\"de\",\"@id\":\"https:\\\/\\\/eccentri.co\\\/de\\\/uber-uns\\\/#primaryimage\",\"url\":\"https:\\\/\\\/eccentri.co\\\/wp-content\\\/uploads\\\/Eccentrico_Neo_NightBlue_Stilllife.jpg\",\"contentUrl\":\"https:\\\/\\\/eccentri.co\\\/wp-content\\\/uploads\\\/Eccentrico_Neo_NightBlue_Stilllife.jpg\",\"width\":1280,\"height\":1920},{\"@type\":\"BreadcrumbList\",\"@id\":\"https:\\\/\\\/eccentri.co\\\/de\\\/uber-uns\\\/#breadcrumb\",\"itemListElement\":[{\"@type\":\"ListItem\",\"position\":1,\"name\":\"Home\",\"item\":\"https:\\\/\\\/eccentri.co\\\/de\\\/\"},{\"@type\":\"ListItem\",\"position\":2,\"name\":\"\u00dcber uns\"}]},{\"@type\":\"WebSite\",\"@id\":\"https:\\\/\\\/eccentri.co\\\/de\\\/#website\",\"url\":\"https:\\\/\\\/eccentri.co\\\/de\\\/\",\"name\":\"Eccentrico\",\"description\":\"\",\"publisher\":{\"@id\":\"https:\\\/\\\/eccentri.co\\\/de\\\/#organization\"},\"potentialAction\":[{\"@type\":\"SearchAction\",\"target\":{\"@type\":\"EntryPoint\",\"urlTemplate\":\"https:\\\/\\\/eccentri.co\\\/de\\\/?s={search_term_string}\"},\"query-input\":{\"@type\":\"PropertyValueSpecification\",\"valueRequired\":true,\"valueName\":\"search_term_string\"}}],\"inLanguage\":\"de\"},{\"@type\":\"Organization\",\"@id\":\"https:\\\/\\\/eccentri.co\\\/de\\\/#organization\",\"name\":\"Eccentrico by Galileo\",\"url\":\"https:\\\/\\\/eccentri.co\\\/de\\\/\",\"logo\":{\"@type\":\"ImageObject\",\"inLanguage\":\"de\",\"@id\":\"https:\\\/\\\/eccentri.co\\\/de\\\/#\\\/schema\\\/logo\\\/image\\\/\",\"url\":\"https:\\\/\\\/eccentri.co\\\/wp-content\\\/uploads\\\/2019\\\/03\\\/logo_eccentrico.png\",\"contentUrl\":\"https:\\\/\\\/eccentri.co\\\/wp-content\\\/uploads\\\/2019\\\/03\\\/logo_eccentrico.png\",\"width\":1774,\"height\":288,\"caption\":\"Eccentrico by Galileo\"},\"image\":{\"@id\":\"https:\\\/\\\/eccentri.co\\\/de\\\/#\\\/schema\\\/logo\\\/image\\\/\"}}]}<\/script>\n<!-- \/ Yoast SEO plugin. -->","yoast_head_json":{"title":"Feinsteinzeugfliesen f\u00fcr Fu\u00dfb\u00f6deni - Eccentrico","description":"Fu\u00dfb\u00f6den und Verkleidungen aus Keramik und handwerklichem Feinsteinzeug: ein qualitativ hervorragendes Produkt f\u00fcr Design-Innenr\u00e4ume","robots":{"index":"index","follow":"follow","max-snippet":"max-snippet:-1","max-image-preview":"max-image-preview:large","max-video-preview":"max-video-preview:-1"},"canonical":"https:\/\/eccentri.co\/de\/uber-uns\/","og_locale":"de_DE","og_type":"article","og_title":"Feinsteinzeugfliesen f\u00fcr Fu\u00dfb\u00f6deni - Eccentrico","og_description":"Fu\u00dfb\u00f6den und Verkleidungen aus Keramik und handwerklichem Feinsteinzeug: ein qualitativ hervorragendes Produkt f\u00fcr Design-Innenr\u00e4ume","og_url":"https:\/\/eccentri.co\/de\/uber-uns\/","og_site_name":"Eccentrico","article_modified_time":"2024-04-11T06:36:52+00:00","og_image":[{"width":1920,"height":1331,"url":"https:\/\/eccentri.co\/wp-content\/uploads\/2018\/10\/sfondo.jpg","type":"image\/jpeg"}],"twitter_card":"summary_large_image","twitter_misc":{"Gesch\u00e4tzte Lesezeit":"7\u00a0Minuten"},"schema":{"@context":"https:\/\/schema.org","@graph":[{"@type":"WebPage","@id":"https:\/\/eccentri.co\/de\/uber-uns\/","url":"https:\/\/eccentri.co\/de\/uber-uns\/","name":"Feinsteinzeugfliesen f\u00fcr Fu\u00dfb\u00f6deni - Eccentrico","isPartOf":{"@id":"https:\/\/eccentri.co\/de\/#website"},"primaryImageOfPage":{"@id":"https:\/\/eccentri.co\/de\/uber-uns\/#primaryimage"},"image":{"@id":"https:\/\/eccentri.co\/de\/uber-uns\/#primaryimage"},"thumbnailUrl":"https:\/\/eccentri.co\/wp-content\/uploads\/Eccentrico_Neo_NightBlue_Stilllife.jpg","datePublished":"2019-05-30T09:24:46+00:00","dateModified":"2024-04-11T06:36:52+00:00","description":"Fu\u00dfb\u00f6den und Verkleidungen aus Keramik und handwerklichem Feinsteinzeug: ein qualitativ hervorragendes Produkt f\u00fcr Design-Innenr\u00e4ume","breadcrumb":{"@id":"https:\/\/eccentri.co\/de\/uber-uns\/#breadcrumb"},"inLanguage":"de","potentialAction":[{"@type":"ReadAction","target":["https:\/\/eccentri.co\/de\/uber-uns\/"]}]},{"@type":"ImageObject","inLanguage":"de","@id":"https:\/\/eccentri.co\/de\/uber-uns\/#primaryimage","url":"https:\/\/eccentri.co\/wp-content\/uploads\/Eccentrico_Neo_NightBlue_Stilllife.jpg","contentUrl":"https:\/\/eccentri.co\/wp-content\/uploads\/Eccentrico_Neo_NightBlue_Stilllife.jpg","width":1280,"height":1920},{"@type":"BreadcrumbList","@id":"https:\/\/eccentri.co\/de\/uber-uns\/#breadcrumb","itemListElement":[{"@type":"ListItem","position":1,"name":"Home","item":"https:\/\/eccentri.co\/de\/"},{"@type":"ListItem","position":2,"name":"\u00dcber uns"}]},{"@type":"WebSite","@id":"https:\/\/eccentri.co\/de\/#website","url":"https:\/\/eccentri.co\/de\/","name":"Eccentrico","description":"","publisher":{"@id":"https:\/\/eccentri.co\/de\/#organization"},"potentialAction":[{"@type":"SearchAction","target":{"@type":"EntryPoint","urlTemplate":"https:\/\/eccentri.co\/de\/?s={search_term_string}"},"query-input":{"@type":"PropertyValueSpecification","valueRequired":true,"valueName":"search_term_string"}}],"inLanguage":"de"},{"@type":"Organization","@id":"https:\/\/eccentri.co\/de\/#organization","name":"Eccentrico by Galileo","url":"https:\/\/eccentri.co\/de\/","logo":{"@type":"ImageObject","inLanguage":"de","@id":"https:\/\/eccentri.co\/de\/#\/schema\/logo\/image\/","url":"https:\/\/eccentri.co\/wp-content\/uploads\/2019\/03\/logo_eccentrico.png","contentUrl":"https:\/\/eccentri.co\/wp-content\/uploads\/2019\/03\/logo_eccentrico.png","width":1774,"height":288,"caption":"Eccentrico by Galileo"},"image":{"@id":"https:\/\/eccentri.co\/de\/#\/schema\/logo\/image\/"}}]}},"_links":{"self":[{"href":"https:\/\/eccentri.co\/de\/wp-json\/wp\/v2\/pages\/1576","targetHints":{"allow":["GET"]}}],"collection":[{"href":"https:\/\/eccentri.co\/de\/wp-json\/wp\/v2\/pages"}],"about":[{"href":"https:\/\/eccentri.co\/de\/wp-json\/wp\/v2\/types\/page"}],"author":[{"embeddable":true,"href":"https:\/\/eccentri.co\/de\/wp-json\/wp\/v2\/users\/1"}],"replies":[{"embeddable":true,"href":"https:\/\/eccentri.co\/de\/wp-json\/wp\/v2\/comments?post=1576"}],"version-history":[{"count":17,"href":"https:\/\/eccentri.co\/de\/wp-json\/wp\/v2\/pages\/1576\/revisions"}],"predecessor-version":[{"id":3851,"href":"https:\/\/eccentri.co\/de\/wp-json\/wp\/v2\/pages\/1576\/revisions\/3851"}],"wp:featuredmedia":[{"embeddable":true,"href":"https:\/\/eccentri.co\/de\/wp-json\/wp\/v2\/media\/4266"}],"wp:attachment":[{"href":"https:\/\/eccentri.co\/de\/wp-json\/wp\/v2\/media?parent=1576"}],"curies":[{"name":"wp","href":"https:\/\/api.w.org\/{rel}","templated":true}]}}