{"id":1363,"date":"2018-11-08T10:15:05","date_gmt":"2018-11-08T09:15:05","guid":{"rendered":"https:\/\/eccentri.co\/news\/"},"modified":"2024-04-10T13:39:23","modified_gmt":"2024-04-10T11:39:23","slug":"news","status":"publish","type":"page","link":"https:\/\/eccentri.co\/de\/news\/","title":{"rendered":"News"},"content":{"rendered":"<div id=\"pl-1363\"  class=\"panel-layout\" ><div id=\"pg-1363-0\"  class=\"panel-grid panel-no-style\" ><div id=\"pgc-1363-0-0\"  class=\"panel-grid-cell\" ><div id=\"panel-1363-0-0-0\" class=\"so-panel widget widget_text panel-first-child panel-last-child\" data-index=\"0\" >\t\t\t<div class=\"textwidget\"><div>\n<p class=\"Standard\"><span lang=\"DE\">Melden Sie den Newsletter an und folgen Sie der Sektion News, um \u00fcber die aktuellsten Trends in Qualit\u00e4tskeramik und die neuesten Trends f\u00fcr Fu\u00dfb\u00f6den und Verkleidungen aus Feinsteinzeug auf dem Laufenden zu bleiben.<\/span><\/p>\n<\/div>\n<div><span lang=\"DE\"> Entdecken Sie mehr \u00fcber den Brand Eccentrico und \u00fcber die Exzellenz unserer Produktionskette f\u00fcr ein Feinsteinzeug h\u00f6herer Qualit\u00e4t:<\/span><\/div>\n<div><a href=\"https:\/\/eccentri.co\/de\/uber-uns\/\">\u00dcber uns<\/a><\/div>\n<p style=\"font-weight: 400;\">\n<\/div>\n\t\t<\/div><\/div><\/div><\/div>","protected":false},"excerpt":{"rendered":"<p>Melden Sie den Newsletter an und folgen Sie der Sektion News, um \u00fcber die aktuellsten Trends in Qualit\u00e4tskeramik und die neuesten Trends f\u00fcr Fu\u00dfb\u00f6den und Verkleidungen aus Feinsteinzeug auf dem Laufenden zu bleiben. Entdecken Sie mehr \u00fcber den Brand Eccentrico und \u00fcber die Exzellenz unserer Produktionskette f\u00fcr ein Feinsteinzeug h\u00f6herer Qualit\u00e4t: \u00dcber uns<\/p>\n","protected":false},"author":1,"featured_media":0,"parent":0,"menu_order":0,"comment_status":"closed","ping_status":"closed","template":"page-qzr-news.php","meta":{"_monsterinsights_skip_tracking":false,"_monsterinsights_sitenote_active":false,"_monsterinsights_sitenote_note":"","_monsterinsights_sitenote_category":0,"footnotes":""},"class_list":["post-1363","page","type-page","status-publish","hentry"],"yoast_head":"<!-- This site is optimized with the Yoast SEO plugin v27.3 - https:\/\/yoast.com\/product\/yoast-seo-wordpress\/ -->\n<title>News - Eccentrico<\/title>\n<meta name=\"description\" content=\"Die aktuellsten Trends in Qualit\u00e4tskeramik und die neuesten Trends f\u00fcr Fu\u00dfb\u00f6den und Verkleidungen aus Feinsteinzeug auf dem Laufenden\" \/>\n<meta name=\"robots\" content=\"index, follow, max-snippet:-1, max-image-preview:large, max-video-preview:-1\" \/>\n<link rel=\"canonical\" href=\"https:\/\/eccentri.co\/de\/news\/\" \/>\n<meta property=\"og:locale\" content=\"de_DE\" \/>\n<meta property=\"og:type\" content=\"article\" \/>\n<meta property=\"og:title\" content=\"News - Eccentrico\" \/>\n<meta property=\"og:description\" content=\"Die aktuellsten Trends in Qualit\u00e4tskeramik und die neuesten Trends f\u00fcr Fu\u00dfb\u00f6den und Verkleidungen aus Feinsteinzeug auf dem Laufenden\" \/>\n<meta property=\"og:url\" content=\"https:\/\/eccentri.co\/de\/news\/\" \/>\n<meta property=\"og:site_name\" content=\"Eccentrico\" \/>\n<meta property=\"article:modified_time\" content=\"2024-04-10T11:39:23+00:00\" \/>\n<meta name=\"twitter:card\" content=\"summary_large_image\" \/>\n<meta name=\"twitter:label1\" content=\"Gesch\u00e4tzte Lesezeit\" \/>\n\t<meta name=\"twitter:data1\" content=\"1\u00a0Minute\" \/>\n<script type=\"application\/ld+json\" class=\"yoast-schema-graph\">{\"@context\":\"https:\\\/\\\/schema.org\",\"@graph\":[{\"@type\":\"WebPage\",\"@id\":\"https:\\\/\\\/eccentri.co\\\/de\\\/news\\\/\",\"url\":\"https:\\\/\\\/eccentri.co\\\/de\\\/news\\\/\",\"name\":\"News - Eccentrico\",\"isPartOf\":{\"@id\":\"https:\\\/\\\/eccentri.co\\\/de\\\/#website\"},\"datePublished\":\"2018-11-08T09:15:05+00:00\",\"dateModified\":\"2024-04-10T11:39:23+00:00\",\"description\":\"Die aktuellsten Trends in Qualit\u00e4tskeramik und die neuesten Trends f\u00fcr Fu\u00dfb\u00f6den und Verkleidungen aus Feinsteinzeug auf dem Laufenden\",\"breadcrumb\":{\"@id\":\"https:\\\/\\\/eccentri.co\\\/de\\\/news\\\/#breadcrumb\"},\"inLanguage\":\"de\",\"potentialAction\":[{\"@type\":\"ReadAction\",\"target\":[\"https:\\\/\\\/eccentri.co\\\/de\\\/news\\\/\"]}]},{\"@type\":\"BreadcrumbList\",\"@id\":\"https:\\\/\\\/eccentri.co\\\/de\\\/news\\\/#breadcrumb\",\"itemListElement\":[{\"@type\":\"ListItem\",\"position\":1,\"name\":\"Home\",\"item\":\"https:\\\/\\\/eccentri.co\\\/de\\\/\"},{\"@type\":\"ListItem\",\"position\":2,\"name\":\"News\"}]},{\"@type\":\"WebSite\",\"@id\":\"https:\\\/\\\/eccentri.co\\\/de\\\/#website\",\"url\":\"https:\\\/\\\/eccentri.co\\\/de\\\/\",\"name\":\"Eccentrico\",\"description\":\"\",\"publisher\":{\"@id\":\"https:\\\/\\\/eccentri.co\\\/de\\\/#organization\"},\"potentialAction\":[{\"@type\":\"SearchAction\",\"target\":{\"@type\":\"EntryPoint\",\"urlTemplate\":\"https:\\\/\\\/eccentri.co\\\/de\\\/?s={search_term_string}\"},\"query-input\":{\"@type\":\"PropertyValueSpecification\",\"valueRequired\":true,\"valueName\":\"search_term_string\"}}],\"inLanguage\":\"de\"},{\"@type\":\"Organization\",\"@id\":\"https:\\\/\\\/eccentri.co\\\/de\\\/#organization\",\"name\":\"Eccentrico by Galileo\",\"url\":\"https:\\\/\\\/eccentri.co\\\/de\\\/\",\"logo\":{\"@type\":\"ImageObject\",\"inLanguage\":\"de\",\"@id\":\"https:\\\/\\\/eccentri.co\\\/de\\\/#\\\/schema\\\/logo\\\/image\\\/\",\"url\":\"https:\\\/\\\/eccentri.co\\\/wp-content\\\/uploads\\\/2019\\\/03\\\/logo_eccentrico.png\",\"contentUrl\":\"https:\\\/\\\/eccentri.co\\\/wp-content\\\/uploads\\\/2019\\\/03\\\/logo_eccentrico.png\",\"width\":1774,\"height\":288,\"caption\":\"Eccentrico by Galileo\"},\"image\":{\"@id\":\"https:\\\/\\\/eccentri.co\\\/de\\\/#\\\/schema\\\/logo\\\/image\\\/\"}}]}<\/script>\n<!-- \/ Yoast SEO plugin. -->","yoast_head_json":{"title":"News - Eccentrico","description":"Die aktuellsten Trends in Qualit\u00e4tskeramik und die neuesten Trends f\u00fcr Fu\u00dfb\u00f6den und Verkleidungen aus Feinsteinzeug auf dem Laufenden","robots":{"index":"index","follow":"follow","max-snippet":"max-snippet:-1","max-image-preview":"max-image-preview:large","max-video-preview":"max-video-preview:-1"},"canonical":"https:\/\/eccentri.co\/de\/news\/","og_locale":"de_DE","og_type":"article","og_title":"News - Eccentrico","og_description":"Die aktuellsten Trends in Qualit\u00e4tskeramik und die neuesten Trends f\u00fcr Fu\u00dfb\u00f6den und Verkleidungen aus Feinsteinzeug auf dem Laufenden","og_url":"https:\/\/eccentri.co\/de\/news\/","og_site_name":"Eccentrico","article_modified_time":"2024-04-10T11:39:23+00:00","twitter_card":"summary_large_image","twitter_misc":{"Gesch\u00e4tzte Lesezeit":"1\u00a0Minute"},"schema":{"@context":"https:\/\/schema.org","@graph":[{"@type":"WebPage","@id":"https:\/\/eccentri.co\/de\/news\/","url":"https:\/\/eccentri.co\/de\/news\/","name":"News - Eccentrico","isPartOf":{"@id":"https:\/\/eccentri.co\/de\/#website"},"datePublished":"2018-11-08T09:15:05+00:00","dateModified":"2024-04-10T11:39:23+00:00","description":"Die aktuellsten Trends in Qualit\u00e4tskeramik und die neuesten Trends f\u00fcr Fu\u00dfb\u00f6den und Verkleidungen aus Feinsteinzeug auf dem Laufenden","breadcrumb":{"@id":"https:\/\/eccentri.co\/de\/news\/#breadcrumb"},"inLanguage":"de","potentialAction":[{"@type":"ReadAction","target":["https:\/\/eccentri.co\/de\/news\/"]}]},{"@type":"BreadcrumbList","@id":"https:\/\/eccentri.co\/de\/news\/#breadcrumb","itemListElement":[{"@type":"ListItem","position":1,"name":"Home","item":"https:\/\/eccentri.co\/de\/"},{"@type":"ListItem","position":2,"name":"News"}]},{"@type":"WebSite","@id":"https:\/\/eccentri.co\/de\/#website","url":"https:\/\/eccentri.co\/de\/","name":"Eccentrico","description":"","publisher":{"@id":"https:\/\/eccentri.co\/de\/#organization"},"potentialAction":[{"@type":"SearchAction","target":{"@type":"EntryPoint","urlTemplate":"https:\/\/eccentri.co\/de\/?s={search_term_string}"},"query-input":{"@type":"PropertyValueSpecification","valueRequired":true,"valueName":"search_term_string"}}],"inLanguage":"de"},{"@type":"Organization","@id":"https:\/\/eccentri.co\/de\/#organization","name":"Eccentrico by Galileo","url":"https:\/\/eccentri.co\/de\/","logo":{"@type":"ImageObject","inLanguage":"de","@id":"https:\/\/eccentri.co\/de\/#\/schema\/logo\/image\/","url":"https:\/\/eccentri.co\/wp-content\/uploads\/2019\/03\/logo_eccentrico.png","contentUrl":"https:\/\/eccentri.co\/wp-content\/uploads\/2019\/03\/logo_eccentrico.png","width":1774,"height":288,"caption":"Eccentrico by Galileo"},"image":{"@id":"https:\/\/eccentri.co\/de\/#\/schema\/logo\/image\/"}}]}},"_links":{"self":[{"href":"https:\/\/eccentri.co\/de\/wp-json\/wp\/v2\/pages\/1363","targetHints":{"allow":["GET"]}}],"collection":[{"href":"https:\/\/eccentri.co\/de\/wp-json\/wp\/v2\/pages"}],"about":[{"href":"https:\/\/eccentri.co\/de\/wp-json\/wp\/v2\/types\/page"}],"author":[{"embeddable":true,"href":"https:\/\/eccentri.co\/de\/wp-json\/wp\/v2\/users\/1"}],"replies":[{"embeddable":true,"href":"https:\/\/eccentri.co\/de\/wp-json\/wp\/v2\/comments?post=1363"}],"version-history":[{"count":3,"href":"https:\/\/eccentri.co\/de\/wp-json\/wp\/v2\/pages\/1363\/revisions"}],"predecessor-version":[{"id":3813,"href":"https:\/\/eccentri.co\/de\/wp-json\/wp\/v2\/pages\/1363\/revisions\/3813"}],"wp:attachment":[{"href":"https:\/\/eccentri.co\/de\/wp-json\/wp\/v2\/media?parent=1363"}],"curies":[{"name":"wp","href":"https:\/\/api.w.org\/{rel}","templated":true}]}}