{"id":1344,"date":"2018-12-13T15:27:21","date_gmt":"2018-12-13T14:27:21","guid":{"rendered":"https:\/\/eccentri.co\/privacy\/"},"modified":"2019-01-10T16:12:35","modified_gmt":"2019-01-10T15:12:35","slug":"privacy","status":"publish","type":"page","link":"https:\/\/eccentri.co\/de\/privacy\/","title":{"rendered":"Privacy"},"content":{"rendered":"<div id=\"pl-1344\"  class=\"panel-layout\" ><div id=\"pg-1344-0\"  class=\"panel-grid panel-no-style\" ><div id=\"pgc-1344-0-0\"  class=\"panel-grid-cell\" ><div id=\"panel-1344-0-0-0\" class=\"so-panel widget widget_about panel-first-child panel-last-child\" data-index=\"0\" ><div class=\"privacy panel-widget-style panel-widget-style-for-1344-0-0-0\" ><div\n\t\t\t\n\t\t\tclass=\"so-widget-about so-widget-about-base\"\n\t\t\t\n\t\t>\t\t<ul class=\"about-menu\">\n\t\t\t\t\t\t\t\t\t\t<li data-id=\"0\" class=\"tiny\">Cookie und Datenschutzerkl\u00e4rung<\/li>\n\t\t\t\t\t<\/ul>\n\t\t<div class=\"about-text\">\n\t\t\t<div class=\"main-column\">\n\t\t\t\t<div class=\"columns-2 about-spacer left row-padding\">\n\t\t\t\t\t<p class=\"very-big\"><br class=\"clear\"><\/p>\n\t\t\t\t<\/div>\n\t\t\t\t<div class=\"columns-6 left\">\n\t\t\t\t\t<h1 class=\"medium-big normal row-padding\">Privacy<\/h1>\n\t\t\t\t\t<!-- \t<div class=\"main-column margin-bottom-2x\">\n\t\t\t\t\t\t<h1 class=\"normal\">Privacy<\/h1>\n\t\t\t\t\t<\/div> -->\n\t\t\t\t\t\t\t\t\t\t\t\t\t\t\t\t<div class=\"section template-4 row-padding\" data-id=\"0\" >\n\t\t\t\t\t\t\t<h2  class=\"normal medium-big columns-3 left\">Cookie und Datenschutzerkl\u00e4rung<\/h2>\n\t\t\t\t\t\t\t<div class=\"columns-5 left medium-tiny\">\n\t\t\t\t\t\t\t\t<p>Auf dieser Seite finden sich die Verwaltungsbedingungen der Internetseite in Bezug auf den Datenschutz die Benutzer, die sie besuchen. F\u00fcr weiter Informationen bitte per E-Mail an:<a href=\"mailto:info@egalileo.it\"> info@egalileo.it<\/a><\/p>\n<p><strong>Information \u00fcber den Datenschutz<\/strong><\/p>\n<p>Die von Ihnen im Rahmen unserer T\u00e4tigkeit der Firma Galileo erhaltenen Daten, ob m\u00fcndlich oder \u00fcber Dritte, werden als Daten im Sinne des Datenschutzgesetzes 196\/2003 behandelt. Die gelieferten pers\u00f6nlichen Daten werden mit Korrektheit, Legalit\u00e4t, Transparenz und Schutz der Privatsph\u00e4re und Ihrer Rechte gehandhabt.<\/p>\n<p>Die Behandlung der Daten dient der Erf\u00fcllung vertraglicher Verpflichtungen aufgrund eines Auftrags. Sie erfolgt auch mittels elektronischer Hilfsmittel.<\/p>\n<p>Wir benutzen Ihre Daten sowie die e-Mail Adresse, die bei Anfragen von Informationen freiwillig gegeben werden, oder bei der Abwicklung unseres Gesch\u00e4fts, bei Einschreibung in unseren Newsletter Service, oder bei der Aktualisierung der Seiten im Internet anfallen.<br \/>\nDiese Daten qualifizieren sich normalerweise nicht als Daten im Sinne des Datenschutzbestimmung 196\/2003.<br \/>\nSollte es n\u00f6tig sein solche Daten zu handhaben, bitten wir Sie im Voraus um Ihr Einverst\u00e4ndnis.<\/p>\n<p>Wenn Sie unsere Homepage benutzen, speichert unser Web-Server automatisch die technischen Zugangsdaten als IP Adresse des verbundenen Computers, di Objekte, die Sie aufgerufen haben sowie das Datum und die Uhrzeit. Diese Daten k\u00f6nnen keiner besonderen Person zugeordnet werden. Wir nutzen diese Daten ausschlie\u00dflich um unsere Webseite bez\u00fcglich ihrer Attraktivit\u00e4t und Anwendung zu verbessern und eventuelle technische Schwierigkeiten schnellstm\u00f6glich auszubessern.<\/p>\n<p><strong>Technische Daten Google Analytics<\/strong><\/p>\n<p>Unsere Webseite benutzt Google Analytics, ein Analyseprogramm das sogenannte \u201eCookies\u201c benutzt, Textordner die auf Ihren Computer geladen werden, um der Webseite zu erlauben, den Gebrauch der Webseite seitens des Benutzers auszuwerten. Die dadurch erhaltenen Informationen (einschlie\u00dflich IP Adresse) werden an den Server von Google in die USA gesendet und dort gespeichert.<\/p>\n<p>Google benutzt die Informationen um den Gebrauch der Webseite zu verfolgen und zu pr\u00fcfen, Berichte \u00fcber die Aktivit\u00e4t der Webseite zu erstellen sowie andere Dienstleistungen bez\u00fcglich der Webseite und den Gebrauch von Internet zur Verf\u00fcgung zu stellen.<\/p>\n<p>Google kann die Information auch an Dritte \u00fcbermitteln, wenn dies vom Gesetz vorgeschrieben ist oder Dritte die besagten Informationen im Namen von Google behandeln. Google wird Ihre IP Adresse mit keinen anderen Daten in Verbindung bringen, die in Besitz von Google sind.<\/p>\n<p>Sie k\u00f6nnen, durch daf\u00fcr vorgesehene Einstellungen Ihres Browsers den Gebrauch von \u201eCookies\u201c ablehnen. Dies kann dazu f\u00fchren, dass nicht alle Funktionen der Webseite benutzt werden k\u00f6nnen.<\/p>\n<p>Dar\u00fcberhinaus k\u00f6nnen Sie die Registrierung der Webseitennutzung durch Google und somit den Gebrauch Ihrer Daten, mittels Cookie blockieren. Sie m\u00fcssen hierf\u00fcr den Browser \u201ePlugin\u201c herunterladen und installieren.<br \/>\nCookie \u2013 Blockierung Plug-in: <a href=\"http:\/\/tools.google.com\/dlpage\/gaoptout\">http:\/\/tools.google.com\/dlpage\/gaoptout<\/a><\/p>\n<p>Weitere Informationen: Allgemeine Informationen zu Google Analytics und Schutz und Sicherheit Ihrer Daten (<a href=\"http:\/\/www.google.com\/intl\/de\/analytics\/privacyoverview.html\">http:\/\/www.google.com\/intl\/de\/analytics\/privacyoverview.html<\/a>)<\/p>\n<p><strong>Zweck der Bearbeitung<\/strong><\/p>\n<p>Die gesammelten Daten (Name, Nachname,Wohnort usw.) und e-Mail Adresse werden ausschlie\u00dflich zu Dienstleistungszwecken verwendet, d.h. f\u00fcr die periodische Versendung von technischen und kommerziellen Informationen bez\u00fcglich unseres Aktivit\u00e4tsbereichs, sowie zur Aktualisierung von Angeboten oder neuen Inhalten der Webseite.<\/p>\n<p><strong>Art der Handhabung<\/strong><\/p>\n<p>Die Behandlung der Daten erfolgt mittels Instrumenten und Prozeduren, die die Sicherheit und den Datenschutz gew\u00e4hrleisten und wird sowohl mittels Papiertr\u00e4ger als auch mit Hilfe von elektronischen Ger\u00e4ten durchgef\u00fchrt.<\/p>\n<p>Die pers\u00f6nlichen Daten, die von Ihnen freiwillig zur Verf\u00fcgung gestellt werden, werden auf Digitaltr\u00e4ger gespeichert. Wir verwenden sie ausschlie\u00dflich, um auf spezielle Anfragen von Seiten des Teilnehmers zu antworten, unsere Newsletters , Informationen und Neuigkeiten unserer Aktivit\u00e4t zu versenden. Die Daten werden nicht an Dritte weitergegeben.<\/p>\n<p>Verpflichtung oder Befugnis der Daten\u00fcbertragung und die einer eventuellen Verweigerung.<\/p>\n<p>Die zu Verf\u00fcgung Stellung der Daten ist freiwillig und eine eventuelle Verweigerung hat keinerlei Konsequenzen sondern f\u00fchrt einzig und allein eventuell zu einer fehlenden oder nur teilweisen Ausf\u00fchrung unserer Dienstleistungen.<\/p>\n<p><strong>Kommunikation und Verteilung<\/strong><\/p>\n<p>Die von uns gesammelten Daten werden nicht von uns \u201everteilt\u201c, d.h. sie werden nicht von uns weitergegeben. Die pers\u00f6nlichen Daten der in Frage Kommenden k\u00f6nnen jedoch von uns bestimmten Personen unter folgenden Vorraussetzungen \u201emitgeteilt\u201c werden.<\/p>\n<ul>\n<li>Personen innerhalb unserer Betriebsstruktur, die die Daten bearbeiten (insbesondere Personal der Marketing und Verkaufsabteilung.<\/li>\n<li>Personen, die Kraft Gesetz Zugang zu den Daten verlangen k\u00f6<\/li>\n<li>Personen, die die Daten als Hilfsmittel f\u00fcr Berichte ben\u00f6tigen, strikt in den f\u00fcr ihre anvertraute Arbeit notwendigen Grenzen (z. Bsp. Instandhaltungspersonal).<\/li>\n<li>Berater, um ihre Arbeit bei uns durchf\u00fchren zu k\u00f6nnen, nach vorhergehender Auftragserteilung unsererseits, welche zum Datenschutz verpflichtet.<\/li>\n<\/ul>\n<p><strong>Rechte des Betroffenen<\/strong><\/p>\n<p>Der Betroffene hat uns gegen\u00fcber folgende Rechte:<\/p>\n<ul>\n<li>Auskunft zu erhalten \u00fcber die Herkunft der Daten, Sinn und Zweck der Datenverarbeitung<\/li>\n<li>Auskunft \u00fcber die Anwendungsweise im Falle von elektronischer Datenverarbeitung<\/li>\n<li>Nennung des Personenkreises dem die Daten mitgeteilt werden k\u00f6nnen oder die, als Stellvertreter des Gesetzes, Kenntnis von den Daten erhalten k\u00f6<\/li>\n<li>Verlangen nach L\u00f6schen der Daten, nach Umwandlung in eine anonyme Form oder L\u00f6schen von Daten die nicht relevant sind.<\/li>\n<li>Sich ganz oder teilweise aus rechtlichen Gr\u00fcnden der Verwendung pers\u00f6nlicher Daten zu widersetzen.<\/li>\n<li>Das Recht auf Aktualisierung, Berichtigung oder Einf\u00fcgung der Daten.<\/li>\n<\/ul>\n<p><strong>Data controller<\/strong><\/p>\n<p>Der \u201cEigent\u00fcmer\u201d der Datenverarbeitung ist Galileo S.r.l. mit Sitz im Via G.Farina 10-12, 41053 Maranello (MO). Die Anfragen sind zu richten: <a href=\"mailto:info@egalileo.it\">info@egalileo.it<\/a>.<\/p>\n<p><strong>Letzte aktualisierung 06\/07\/2015<\/strong><\/p>\n<p>Die Betroffenen, auf die sich die Daten beziehen haben zu jedem Zeitpunkt das Recht eine Best\u00e4tigung der Existenz der Daten oder der Daten selbst sowie Auskunft \u00fcber deren Inhalt zu verlangen.<\/p>\n<p>Der Betroffene hat uns gegen\u00fcber folgende Rechte:<\/p>\n<ul>\n<li>Auskunft zu erhalten \u00fcber die Herkunft der Daten, Sinn und Zweck der Datenverarbeitung<\/li>\n<li>Auskunft \u00fcber die Anwendungsweise im Falle von elektronischer Datenverarbeitung<\/li>\n<li>Nennung des Personenkreises dem die Daten mitgeteilt werden k\u00f6nnen oder die, als Stellvertreter des Gesetzes, Kenntnis von den Daten erhalten k\u00f6nnen.<\/li>\n<\/ul>\n<p>Der Betroffene hat uns gegen\u00fcber folgende Rechte:<\/p>\n<ul>\n<li>Das Recht auf Aktualisierung, Berichtigung oder Einf\u00fcgung der Daten.<\/li>\n<li>Verlangen nach L\u00f6schen der Daten, nach Umwandlung in eine anonyme Form oder L\u00f6schen von Daten die nicht relevant sind.<\/li>\n<li>Sich ganz oder teilweise aus rechtlichen Gr\u00fcnden der Verwendung pers\u00f6nlicher Daten zu widersetzen.<\/li>\n<li>Die gesammelten Daten werden ausschlie\u00dflich zu Dienstleistungszwecken verwendet, d.h. f\u00fcr die periodische Versendung von technischen und kommerziellen Informationen bez\u00fcglich unseres Aktivit\u00e4tsbereichs.<\/li>\n<\/ul>\n<p>Der Benutzer kann sich selbst zu widersetzen , teilweise oder vollst\u00e4ndig an:<\/p>\n<ul>\n<li>In einer legitimen Weise auf die Behandlung von personenbezogenen Daten;<\/li>\n<li>Um die Sammlung von personenbezogenen Daten , so dass , um Angebote , Werbung oder Direktverkauf oder f\u00fcr Marktanalysen oder kommerzieller Kommunikation zu senden.<\/li>\n<\/ul>\n\t\t\t\t\t\t\t\t\n\t\t\t\t\t\t\t\t\t\t\t\t\t\t\t<\/div>\n\n\t\t\t\t\t\t\t\t\t\t\t\t\t\t<br class=\"clear\">\n\t\t\t\t\t\t<\/div>\n\t\t\t\t\t\t\t\t\t\t\t\t\t\t\t<\/div>\n\t\t\t\t<br class=\"clear\">\n\t\t\t<\/div>\n\n\t\t\t\t\t<\/div>\n\t<\/div><\/div><\/div><\/div><\/div><\/div><\/div>","protected":false},"excerpt":{"rendered":"<p>Cookie und Datenschutzerkl\u00e4rung Privacy Cookie und Datenschutzerkl\u00e4rung Auf dieser Seite finden sich die Verwaltungsbedingungen der Internetseite in Bezug auf den Datenschutz die Benutzer, die sie besuchen. F\u00fcr weiter Informationen bitte per E-Mail an: <span \n                data-original-string='Y5IRyKgu6F7Ur6s5VQxXAw==ad20qz2oKPtSaJ92jQIfb3iQvW0T7dORI389FZr14cj0bg='\n                class='apbct-email-encoder'\n                title='Dieser Kontakt wurde von Anti-Spam by CleanTalk verschl\u00fcsselt. Klicken Sie hier, um ihn zu entschl\u00fcsseln. Um die Entschl\u00fcsselung abzuschlie\u00dfen, stellen Sie sicher, dass JavaScript in Ihrem Browser aktiviert ist.'>in<span class=\"apbct-blur\">**<\/span>@<span class=\"apbct-blur\">******<\/span>eo.it<\/span> Information \u00fcber den Datenschutz Die von Ihnen im Rahmen unserer T\u00e4tigkeit der Firma Galileo erhaltenen Daten, ob m\u00fcndlich oder \u00fcber Dritte, [&hellip;]<\/p>\n","protected":false},"author":1,"featured_media":0,"parent":0,"menu_order":0,"comment_status":"closed","ping_status":"closed","template":"page-qzr-about.php","meta":{"_monsterinsights_skip_tracking":false,"_monsterinsights_sitenote_active":false,"_monsterinsights_sitenote_note":"","_monsterinsights_sitenote_category":0,"footnotes":""},"class_list":["post-1344","page","type-page","status-publish","hentry"],"yoast_head":"<!-- This site is optimized with the Yoast SEO plugin v27.3 - https:\/\/yoast.com\/product\/yoast-seo-wordpress\/ -->\n<title>Privacy - Eccentrico<\/title>\n<meta name=\"robots\" content=\"index, follow, max-snippet:-1, max-image-preview:large, max-video-preview:-1\" \/>\n<link rel=\"canonical\" href=\"https:\/\/eccentri.co\/de\/privacy\/\" \/>\n<meta property=\"og:locale\" content=\"de_DE\" \/>\n<meta property=\"og:type\" content=\"article\" \/>\n<meta property=\"og:title\" content=\"Privacy - Eccentrico\" \/>\n<meta property=\"og:description\" content=\"Cookie und Datenschutzerkl\u00e4rung Privacy Cookie und Datenschutzerkl\u00e4rung Auf dieser Seite finden sich die Verwaltungsbedingungen der Internetseite in Bezug auf den Datenschutz die Benutzer, die sie besuchen. F\u00fcr weiter Informationen bitte per E-Mail an: in**@******eo.it Information \u00fcber den Datenschutz Die von Ihnen im Rahmen unserer T\u00e4tigkeit der Firma Galileo erhaltenen Daten, ob m\u00fcndlich oder \u00fcber Dritte, [&hellip;]\" \/>\n<meta property=\"og:url\" content=\"https:\/\/eccentri.co\/de\/privacy\/\" \/>\n<meta property=\"og:site_name\" content=\"Eccentrico\" \/>\n<meta property=\"article:modified_time\" content=\"2019-01-10T15:12:35+00:00\" \/>\n<meta name=\"twitter:card\" content=\"summary_large_image\" \/>\n<script type=\"application\/ld+json\" class=\"yoast-schema-graph\">{\"@context\":\"https:\\\/\\\/schema.org\",\"@graph\":[{\"@type\":\"WebPage\",\"@id\":\"https:\\\/\\\/eccentri.co\\\/de\\\/privacy\\\/\",\"url\":\"https:\\\/\\\/eccentri.co\\\/de\\\/privacy\\\/\",\"name\":\"Privacy - Eccentrico\",\"isPartOf\":{\"@id\":\"https:\\\/\\\/eccentri.co\\\/de\\\/#website\"},\"datePublished\":\"2018-12-13T14:27:21+00:00\",\"dateModified\":\"2019-01-10T15:12:35+00:00\",\"breadcrumb\":{\"@id\":\"https:\\\/\\\/eccentri.co\\\/de\\\/privacy\\\/#breadcrumb\"},\"inLanguage\":\"de\",\"potentialAction\":[{\"@type\":\"ReadAction\",\"target\":[\"https:\\\/\\\/eccentri.co\\\/de\\\/privacy\\\/\"]}]},{\"@type\":\"BreadcrumbList\",\"@id\":\"https:\\\/\\\/eccentri.co\\\/de\\\/privacy\\\/#breadcrumb\",\"itemListElement\":[{\"@type\":\"ListItem\",\"position\":1,\"name\":\"Home\",\"item\":\"https:\\\/\\\/eccentri.co\\\/de\\\/\"},{\"@type\":\"ListItem\",\"position\":2,\"name\":\"Privacy\"}]},{\"@type\":\"WebSite\",\"@id\":\"https:\\\/\\\/eccentri.co\\\/de\\\/#website\",\"url\":\"https:\\\/\\\/eccentri.co\\\/de\\\/\",\"name\":\"Eccentrico\",\"description\":\"\",\"publisher\":{\"@id\":\"https:\\\/\\\/eccentri.co\\\/de\\\/#organization\"},\"potentialAction\":[{\"@type\":\"SearchAction\",\"target\":{\"@type\":\"EntryPoint\",\"urlTemplate\":\"https:\\\/\\\/eccentri.co\\\/de\\\/?s={search_term_string}\"},\"query-input\":{\"@type\":\"PropertyValueSpecification\",\"valueRequired\":true,\"valueName\":\"search_term_string\"}}],\"inLanguage\":\"de\"},{\"@type\":\"Organization\",\"@id\":\"https:\\\/\\\/eccentri.co\\\/de\\\/#organization\",\"name\":\"Eccentrico by Galileo\",\"url\":\"https:\\\/\\\/eccentri.co\\\/de\\\/\",\"logo\":{\"@type\":\"ImageObject\",\"inLanguage\":\"de\",\"@id\":\"https:\\\/\\\/eccentri.co\\\/de\\\/#\\\/schema\\\/logo\\\/image\\\/\",\"url\":\"https:\\\/\\\/eccentri.co\\\/wp-content\\\/uploads\\\/2019\\\/03\\\/logo_eccentrico.png\",\"contentUrl\":\"https:\\\/\\\/eccentri.co\\\/wp-content\\\/uploads\\\/2019\\\/03\\\/logo_eccentrico.png\",\"width\":1774,\"height\":288,\"caption\":\"Eccentrico by Galileo\"},\"image\":{\"@id\":\"https:\\\/\\\/eccentri.co\\\/de\\\/#\\\/schema\\\/logo\\\/image\\\/\"}}]}<\/script>\n<!-- \/ Yoast SEO plugin. -->","yoast_head_json":{"title":"Privacy - Eccentrico","robots":{"index":"index","follow":"follow","max-snippet":"max-snippet:-1","max-image-preview":"max-image-preview:large","max-video-preview":"max-video-preview:-1"},"canonical":"https:\/\/eccentri.co\/de\/privacy\/","og_locale":"de_DE","og_type":"article","og_title":"Privacy - Eccentrico","og_description":"Cookie und Datenschutzerkl\u00e4rung Privacy Cookie und Datenschutzerkl\u00e4rung Auf dieser Seite finden sich die Verwaltungsbedingungen der Internetseite in Bezug auf den Datenschutz die Benutzer, die sie besuchen. F\u00fcr weiter Informationen bitte per E-Mail an: in**@******eo.it Information \u00fcber den Datenschutz Die von Ihnen im Rahmen unserer T\u00e4tigkeit der Firma Galileo erhaltenen Daten, ob m\u00fcndlich oder \u00fcber Dritte, [&hellip;]","og_url":"https:\/\/eccentri.co\/de\/privacy\/","og_site_name":"Eccentrico","article_modified_time":"2019-01-10T15:12:35+00:00","twitter_card":"summary_large_image","schema":{"@context":"https:\/\/schema.org","@graph":[{"@type":"WebPage","@id":"https:\/\/eccentri.co\/de\/privacy\/","url":"https:\/\/eccentri.co\/de\/privacy\/","name":"Privacy - Eccentrico","isPartOf":{"@id":"https:\/\/eccentri.co\/de\/#website"},"datePublished":"2018-12-13T14:27:21+00:00","dateModified":"2019-01-10T15:12:35+00:00","breadcrumb":{"@id":"https:\/\/eccentri.co\/de\/privacy\/#breadcrumb"},"inLanguage":"de","potentialAction":[{"@type":"ReadAction","target":["https:\/\/eccentri.co\/de\/privacy\/"]}]},{"@type":"BreadcrumbList","@id":"https:\/\/eccentri.co\/de\/privacy\/#breadcrumb","itemListElement":[{"@type":"ListItem","position":1,"name":"Home","item":"https:\/\/eccentri.co\/de\/"},{"@type":"ListItem","position":2,"name":"Privacy"}]},{"@type":"WebSite","@id":"https:\/\/eccentri.co\/de\/#website","url":"https:\/\/eccentri.co\/de\/","name":"Eccentrico","description":"","publisher":{"@id":"https:\/\/eccentri.co\/de\/#organization"},"potentialAction":[{"@type":"SearchAction","target":{"@type":"EntryPoint","urlTemplate":"https:\/\/eccentri.co\/de\/?s={search_term_string}"},"query-input":{"@type":"PropertyValueSpecification","valueRequired":true,"valueName":"search_term_string"}}],"inLanguage":"de"},{"@type":"Organization","@id":"https:\/\/eccentri.co\/de\/#organization","name":"Eccentrico by Galileo","url":"https:\/\/eccentri.co\/de\/","logo":{"@type":"ImageObject","inLanguage":"de","@id":"https:\/\/eccentri.co\/de\/#\/schema\/logo\/image\/","url":"https:\/\/eccentri.co\/wp-content\/uploads\/2019\/03\/logo_eccentrico.png","contentUrl":"https:\/\/eccentri.co\/wp-content\/uploads\/2019\/03\/logo_eccentrico.png","width":1774,"height":288,"caption":"Eccentrico by Galileo"},"image":{"@id":"https:\/\/eccentri.co\/de\/#\/schema\/logo\/image\/"}}]}},"_links":{"self":[{"href":"https:\/\/eccentri.co\/de\/wp-json\/wp\/v2\/pages\/1344","targetHints":{"allow":["GET"]}}],"collection":[{"href":"https:\/\/eccentri.co\/de\/wp-json\/wp\/v2\/pages"}],"about":[{"href":"https:\/\/eccentri.co\/de\/wp-json\/wp\/v2\/types\/page"}],"author":[{"embeddable":true,"href":"https:\/\/eccentri.co\/de\/wp-json\/wp\/v2\/users\/1"}],"replies":[{"embeddable":true,"href":"https:\/\/eccentri.co\/de\/wp-json\/wp\/v2\/comments?post=1344"}],"version-history":[{"count":2,"href":"https:\/\/eccentri.co\/de\/wp-json\/wp\/v2\/pages\/1344\/revisions"}],"predecessor-version":[{"id":1351,"href":"https:\/\/eccentri.co\/de\/wp-json\/wp\/v2\/pages\/1344\/revisions\/1351"}],"wp:attachment":[{"href":"https:\/\/eccentri.co\/de\/wp-json\/wp\/v2\/media?parent=1344"}],"curies":[{"name":"wp","href":"https:\/\/api.w.org\/{rel}","templated":true}]}}