{"id":1228,"date":"2018-12-04T10:19:38","date_gmt":"2018-12-04T09:19:38","guid":{"rendered":"https:\/\/eccentri.co\/contacts\/"},"modified":"2024-04-10T23:21:53","modified_gmt":"2024-04-10T21:21:53","slug":"kontakt","status":"publish","type":"page","link":"https:\/\/eccentri.co\/de\/kontakt\/","title":{"rendered":"Kontakt"},"content":{"rendered":"<div id=\"pl-1228\"  class=\"panel-layout\" ><div id=\"pg-1228-0\"  class=\"panel-grid panel-no-style\" ><div id=\"pgc-1228-0-0\"  class=\"panel-grid-cell\" ><div id=\"panel-1228-0-0-0\" class=\"so-panel widget widget_text panel-first-child\" data-index=\"0\" ><h3 class=\"widget-title\">Eccentrico | Boden und Wandbel\u00e4gen aus Steinzeug und Keramik<\/h3>\t\t\t<div class=\"textwidget\"><p>F\u00fcllen Sie das Modul aus, um weitere Informationen \u00fcber unsere Kollektionen aus Feinsteinzeug h\u00f6herer Qualit\u00e4t zu erhalten.<\/p>\n<\/div>\n\t\t<\/div><div id=\"panel-1228-0-0-1\" class=\"so-panel widget widget_qzr_form panel-last-child\" data-index=\"1\" ><div\n\t\t\t\n\t\t\tclass=\"so-widget-qzr_form so-widget-qzr_form-base\"\n\t\t\t\n\t\t><div class=\"contacts-form columns-3 left medium-tiny\">\n\t\t<form class=\"qzr-form\">\n\t\t\t\t\t\t\t\t\t<div class=\"columns-8 left required\">\n\t\t\t\t<div class=\"field input-field\" data-type=\"input\">\n\t\t\t\t\t\t\t\t\t\t\t<div class=\"columns-8\">\n\t\t\t\t\t\t\t\t<input  required placeholder=\"Nome*\" class=\"input medium-tiny\" type=\"text\" name=\"qzr_name\"\/>\n\t\t\t\t\t\t\t\t<div class=\"bottom-border\" data-feedback=\"Mandatory field\"><\/div>\n\t\t\t\t\t\t\t<\/div>\n\t\t\t\t\t\t\t\t\t\t<\/div>\n\t\t\t<\/div>\n\t\t\t\t\t\t\t\t<div class=\"columns-8 left required\">\n\t\t\t\t<div class=\"field input-field\" data-type=\"input\">\n\t\t\t\t\t\t\t\t\t\t\t<div class=\"columns-8\">\n\t\t\t\t\t\t\t\t<input  required placeholder=\"Email*\" class=\"input medium-tiny\" type=\"text\" name=\"qzr_email\"\/>\n\t\t\t\t\t\t\t\t<div class=\"bottom-border\" data-feedback=\"Mandatory field\"><\/div>\n\t\t\t\t\t\t\t<\/div>\n\t\t\t\t\t\t\t\t\t\t<\/div>\n\t\t\t<\/div>\n\t\t\t\t\t\t\t\t<div class=\"columns-8 left required\">\n\t\t\t\t<div class=\"field input-field\" data-type=\"input\">\n\t\t\t\t\t\t\t\t\t\t\t<div class=\"columns-8\">\n\t\t\t\t\t\t\t\t<input  required placeholder=\"Oggetto*\" class=\"input medium-tiny\" type=\"text\" name=\"qzr_title\"\/>\n\t\t\t\t\t\t\t\t<div class=\"bottom-border\" data-feedback=\"Mandatory field\"><\/div>\n\t\t\t\t\t\t\t<\/div>\n\t\t\t\t\t\t\t\t\t\t<\/div>\n\t\t\t<\/div>\n\t\t\t\t\t\t\t\t<div class=\"columns-8 left required\">\n\t\t\t\t<div class=\"field textarea-field\" data-type=\"textarea\">\n\t\t\t\t\t\t\t\t\t\t\t<!-- <div class=\"border-textarea\" data-target=\"textarea-4\"><\/div> -->\n\t\t\t\t\t\t\t<div class=\"columns-8\">\n\t\t\t\t\t\t\t\t<textarea required placeholder=\"Messaggio*\" class=\"medium-tiny textarea-4\" rows=\"1\" name=\"qzr_content\"><\/textarea>\n\t\t\t\t\t\t\t\t<div class=\"bottom-border\" data-feedback=\"Mandatory field\"><\/div>\n\t\t\t\t\t\t\t<\/div>\n\t\t\t\t\t\t\t\t\t\t<\/div>\n\t\t\t<\/div>\n\t\t\t\t\t\t\t<div class=\"columns-8 right required\">\n\t\t\t<div class=\"field columns-8 right  container-privacy\" data-type=\"privacy\">\n\t\t\t\t<label class=\"container\" for=\"privacy\">\n\t\t\t  \t\t<label class=\"container\">\n\t\t\t  \t\t<input required type=\"checkbox\" name=\"privacy\" id=\"privacy\" class=\"left\"\/>\n\t\t\t\t\t  <span class=\"checkmark\"><\/span>\n\t\t\t\t\t<\/label>\n\n\n\t\t\t  \t\t<p class=\"privacy-text left medium-tiny\">\n\t\t\t\t\tI agree to the <a target=\"_blank\" href=\"https:\/\/eccentri.co\/privacy\/\">Privacy Policy<\/a>*\t\t\t\t\t<\/p>\n\t\t\t\t<\/label>\n\t\t\t\t<div class=\"bottom-border ghost\" data-feedback=\"Mandatory field\"><\/div>\n\t\t\t\t\n\n\t\t\t<\/div>\n\t\t\t<div class=\"columns-8 right margin-top-1x\">\n\t\t\t\t<input type=\"hidden\" id=\"_wpnonce\" name=\"_wpnonce\" value=\"bd28c00631\" \/><input type=\"hidden\" name=\"_wp_http_referer\" value=\"\/de\/wp-json\/wp\/v2\/pages\/1228\" \/>\t\t\t\t<button type=\"submit\" class=\"submit link\">Send<\/button>\n\t\t\t<\/div>\n\t\t<\/div>\n\t<\/form>\n<\/div>\n<div class=\"map columns-4 right\" data-latitude=\"44.552097\" data-longitude=\"10.859585\">\n\t<div id=\"map_canvas\"><\/div>\n<\/div>\n\n<\/div><\/div><\/div><\/div><\/div>","protected":false},"excerpt":{"rendered":"<p>F\u00fcllen Sie das Modul aus, um weitere Informationen \u00fcber unsere Kollektionen aus Feinsteinzeug h\u00f6herer Qualit\u00e4t zu erhalten.<\/p>\n","protected":false},"author":1,"featured_media":0,"parent":0,"menu_order":0,"comment_status":"closed","ping_status":"closed","template":"page-qzr.php","meta":{"_monsterinsights_skip_tracking":false,"_monsterinsights_sitenote_active":false,"_monsterinsights_sitenote_note":"","_monsterinsights_sitenote_category":0,"footnotes":""},"class_list":["post-1228","page","type-page","status-publish","hentry"],"yoast_head":"<!-- This site is optimized with the Yoast SEO plugin v27.1.1 - https:\/\/yoast.com\/product\/yoast-seo-wordpress\/ -->\n<title>Kontakt - Eccentrico<\/title>\n<meta name=\"description\" content=\"Via Dei Prati 15, 41043 Ubersetto di Formigine (MO) Tel. +39 0597473703 Fax. +39 0597473707\" \/>\n<meta name=\"robots\" content=\"index, follow, max-snippet:-1, max-image-preview:large, max-video-preview:-1\" \/>\n<link rel=\"canonical\" href=\"https:\/\/eccentri.co\/de\/kontakt\/\" \/>\n<meta property=\"og:locale\" content=\"de_DE\" \/>\n<meta property=\"og:type\" content=\"article\" \/>\n<meta property=\"og:title\" content=\"Kontakt - Eccentrico\" \/>\n<meta property=\"og:description\" content=\"Via Dei Prati 15, 41043 Ubersetto di Formigine (MO) Tel. +39 0597473703 Fax. +39 0597473707\" \/>\n<meta property=\"og:url\" content=\"https:\/\/eccentri.co\/de\/kontakt\/\" \/>\n<meta property=\"og:site_name\" content=\"Eccentrico\" \/>\n<meta property=\"article:modified_time\" content=\"2024-04-10T21:21:53+00:00\" \/>\n<meta name=\"twitter:card\" content=\"summary_large_image\" \/>\n<meta name=\"twitter:label1\" content=\"Gesch\u00e4tzte Lesezeit\" \/>\n\t<meta name=\"twitter:data1\" content=\"1\u00a0Minute\" \/>\n<script type=\"application\/ld+json\" class=\"yoast-schema-graph\">{\"@context\":\"https:\/\/schema.org\",\"@graph\":[{\"@type\":\"WebPage\",\"@id\":\"https:\/\/eccentri.co\/de\/kontakt\/\",\"url\":\"https:\/\/eccentri.co\/de\/kontakt\/\",\"name\":\"Kontakt - Eccentrico\",\"isPartOf\":{\"@id\":\"https:\/\/eccentri.co\/de\/#website\"},\"datePublished\":\"2018-12-04T09:19:38+00:00\",\"dateModified\":\"2024-04-10T21:21:53+00:00\",\"description\":\"Via Dei Prati 15, 41043 Ubersetto di Formigine (MO) Tel. +39 0597473703 Fax. +39 0597473707\",\"breadcrumb\":{\"@id\":\"https:\/\/eccentri.co\/de\/kontakt\/#breadcrumb\"},\"inLanguage\":\"de\",\"potentialAction\":[{\"@type\":\"ReadAction\",\"target\":[\"https:\/\/eccentri.co\/de\/kontakt\/\"]}]},{\"@type\":\"BreadcrumbList\",\"@id\":\"https:\/\/eccentri.co\/de\/kontakt\/#breadcrumb\",\"itemListElement\":[{\"@type\":\"ListItem\",\"position\":1,\"name\":\"Home\",\"item\":\"https:\/\/eccentri.co\/de\/\"},{\"@type\":\"ListItem\",\"position\":2,\"name\":\"Kontakt\"}]},{\"@type\":\"WebSite\",\"@id\":\"https:\/\/eccentri.co\/de\/#website\",\"url\":\"https:\/\/eccentri.co\/de\/\",\"name\":\"Eccentrico\",\"description\":\"\",\"publisher\":{\"@id\":\"https:\/\/eccentri.co\/de\/#organization\"},\"potentialAction\":[{\"@type\":\"SearchAction\",\"target\":{\"@type\":\"EntryPoint\",\"urlTemplate\":\"https:\/\/eccentri.co\/de\/?s={search_term_string}\"},\"query-input\":{\"@type\":\"PropertyValueSpecification\",\"valueRequired\":true,\"valueName\":\"search_term_string\"}}],\"inLanguage\":\"de\"},{\"@type\":\"Organization\",\"@id\":\"https:\/\/eccentri.co\/de\/#organization\",\"name\":\"Eccentrico by Galileo\",\"url\":\"https:\/\/eccentri.co\/de\/\",\"logo\":{\"@type\":\"ImageObject\",\"inLanguage\":\"de\",\"@id\":\"https:\/\/eccentri.co\/de\/#\/schema\/logo\/image\/\",\"url\":\"https:\/\/eccentri.co\/wp-content\/uploads\/2019\/03\/logo_eccentrico.png\",\"contentUrl\":\"https:\/\/eccentri.co\/wp-content\/uploads\/2019\/03\/logo_eccentrico.png\",\"width\":1774,\"height\":288,\"caption\":\"Eccentrico by Galileo\"},\"image\":{\"@id\":\"https:\/\/eccentri.co\/de\/#\/schema\/logo\/image\/\"}}]}<\/script>\n<!-- \/ Yoast SEO plugin. -->","yoast_head_json":{"title":"Kontakt - Eccentrico","description":"Via Dei Prati 15, 41043 Ubersetto di Formigine (MO) Tel. +39 0597473703 Fax. +39 0597473707","robots":{"index":"index","follow":"follow","max-snippet":"max-snippet:-1","max-image-preview":"max-image-preview:large","max-video-preview":"max-video-preview:-1"},"canonical":"https:\/\/eccentri.co\/de\/kontakt\/","og_locale":"de_DE","og_type":"article","og_title":"Kontakt - Eccentrico","og_description":"Via Dei Prati 15, 41043 Ubersetto di Formigine (MO) Tel. +39 0597473703 Fax. +39 0597473707","og_url":"https:\/\/eccentri.co\/de\/kontakt\/","og_site_name":"Eccentrico","article_modified_time":"2024-04-10T21:21:53+00:00","twitter_card":"summary_large_image","twitter_misc":{"Gesch\u00e4tzte Lesezeit":"1\u00a0Minute"},"schema":{"@context":"https:\/\/schema.org","@graph":[{"@type":"WebPage","@id":"https:\/\/eccentri.co\/de\/kontakt\/","url":"https:\/\/eccentri.co\/de\/kontakt\/","name":"Kontakt - Eccentrico","isPartOf":{"@id":"https:\/\/eccentri.co\/de\/#website"},"datePublished":"2018-12-04T09:19:38+00:00","dateModified":"2024-04-10T21:21:53+00:00","description":"Via Dei Prati 15, 41043 Ubersetto di Formigine (MO) Tel. +39 0597473703 Fax. +39 0597473707","breadcrumb":{"@id":"https:\/\/eccentri.co\/de\/kontakt\/#breadcrumb"},"inLanguage":"de","potentialAction":[{"@type":"ReadAction","target":["https:\/\/eccentri.co\/de\/kontakt\/"]}]},{"@type":"BreadcrumbList","@id":"https:\/\/eccentri.co\/de\/kontakt\/#breadcrumb","itemListElement":[{"@type":"ListItem","position":1,"name":"Home","item":"https:\/\/eccentri.co\/de\/"},{"@type":"ListItem","position":2,"name":"Kontakt"}]},{"@type":"WebSite","@id":"https:\/\/eccentri.co\/de\/#website","url":"https:\/\/eccentri.co\/de\/","name":"Eccentrico","description":"","publisher":{"@id":"https:\/\/eccentri.co\/de\/#organization"},"potentialAction":[{"@type":"SearchAction","target":{"@type":"EntryPoint","urlTemplate":"https:\/\/eccentri.co\/de\/?s={search_term_string}"},"query-input":{"@type":"PropertyValueSpecification","valueRequired":true,"valueName":"search_term_string"}}],"inLanguage":"de"},{"@type":"Organization","@id":"https:\/\/eccentri.co\/de\/#organization","name":"Eccentrico by Galileo","url":"https:\/\/eccentri.co\/de\/","logo":{"@type":"ImageObject","inLanguage":"de","@id":"https:\/\/eccentri.co\/de\/#\/schema\/logo\/image\/","url":"https:\/\/eccentri.co\/wp-content\/uploads\/2019\/03\/logo_eccentrico.png","contentUrl":"https:\/\/eccentri.co\/wp-content\/uploads\/2019\/03\/logo_eccentrico.png","width":1774,"height":288,"caption":"Eccentrico by Galileo"},"image":{"@id":"https:\/\/eccentri.co\/de\/#\/schema\/logo\/image\/"}}]}},"_links":{"self":[{"href":"https:\/\/eccentri.co\/de\/wp-json\/wp\/v2\/pages\/1228","targetHints":{"allow":["GET"]}}],"collection":[{"href":"https:\/\/eccentri.co\/de\/wp-json\/wp\/v2\/pages"}],"about":[{"href":"https:\/\/eccentri.co\/de\/wp-json\/wp\/v2\/types\/page"}],"author":[{"embeddable":true,"href":"https:\/\/eccentri.co\/de\/wp-json\/wp\/v2\/users\/1"}],"replies":[{"embeddable":true,"href":"https:\/\/eccentri.co\/de\/wp-json\/wp\/v2\/comments?post=1228"}],"version-history":[{"count":17,"href":"https:\/\/eccentri.co\/de\/wp-json\/wp\/v2\/pages\/1228\/revisions"}],"predecessor-version":[{"id":3837,"href":"https:\/\/eccentri.co\/de\/wp-json\/wp\/v2\/pages\/1228\/revisions\/3837"}],"wp:attachment":[{"href":"https:\/\/eccentri.co\/de\/wp-json\/wp\/v2\/media?parent=1228"}],"curies":[{"name":"wp","href":"https:\/\/api.w.org\/{rel}","templated":true}]}}